{"id":6188,"date":"2020-08-27T21:31:56","date_gmt":"2020-08-27T19:31:56","guid":{"rendered":"http:\/\/5.44.107.210\/wordpress\/?page_id=6188"},"modified":"2020-10-21T22:48:49","modified_gmt":"2020-10-21T20:48:49","slug":"hinweise-zur-altoelentsorgung","status":"publish","type":"page","link":"https:\/\/lkw-teile-truckmotive.de\/index.php\/hinweise-zur-altoelentsorgung","title":{"rendered":"Hinweise zur Alt\u00f6lentsorgung"},"content":{"rendered":"\t\t<div data-elementor-type=\"wp-page\" data-elementor-id=\"6188\" class=\"elementor elementor-6188\" data-elementor-settings=\"[]\">\n\t\t\t\t\t\t<div class=\"elementor-inner\">\n\t\t\t\t\t\t\t<div class=\"elementor-section-wrap\">\n\t\t\t\t\t\t\t<section class=\"elementor-section elementor-top-section elementor-element elementor-element-91734b6 elementor-section-full_width elementor-section-height-default elementor-section-height-default\" data-id=\"91734b6\" data-element_type=\"section\" data-settings=\"{&quot;background_background&quot;:&quot;classic&quot;}\">\n\t\t\t\t\t\t<div class=\"elementor-container elementor-column-gap-default\">\n\t\t\t\t\t\t\t<div class=\"elementor-row\">\n\t\t\t\t\t<div class=\"elementor-column elementor-col-100 elementor-top-column elementor-element elementor-element-2e94928\" data-id=\"2e94928\" data-element_type=\"column\">\n\t\t\t<div class=\"elementor-column-wrap elementor-element-populated\">\n\t\t\t\t\t\t\t<div class=\"elementor-widget-wrap\">\n\t\t\t\t\t\t<div class=\"elementor-element elementor-element-f220ae9 elementor-widget elementor-widget-heading\" data-id=\"f220ae9\" data-element_type=\"widget\" data-widget_type=\"heading.default\">\n\t\t\t\t<div class=\"elementor-widget-container\">\n\t\t\t<h1 class=\"elementor-heading-title elementor-size-default\">Hinweise zur Alt\u00f6lentsorgung<\/h1>\t\t<\/div>\n\t\t\t\t<\/div>\n\t\t\t\t\t\t<\/div>\n\t\t\t\t\t<\/div>\n\t\t<\/div>\n\t\t\t\t\t\t\t\t<\/div>\n\t\t\t\t\t<\/div>\n\t\t<\/section>\n\t\t\t\t<section class=\"elementor-section elementor-top-section elementor-element elementor-element-a8565ee elementor-section-boxed elementor-section-height-default elementor-section-height-default\" data-id=\"a8565ee\" data-element_type=\"section\">\n\t\t\t\t\t\t<div class=\"elementor-container elementor-column-gap-default\">\n\t\t\t\t\t\t\t<div class=\"elementor-row\">\n\t\t\t\t\t<div class=\"elementor-column elementor-col-100 elementor-top-column elementor-element elementor-element-699daa6\" data-id=\"699daa6\" data-element_type=\"column\">\n\t\t\t<div class=\"elementor-column-wrap elementor-element-populated\">\n\t\t\t\t\t\t\t<div class=\"elementor-widget-wrap\">\n\t\t\t\t\t\t<div class=\"elementor-element elementor-element-a51fc6c elementor-widget elementor-widget-spacer\" data-id=\"a51fc6c\" data-element_type=\"widget\" data-widget_type=\"spacer.default\">\n\t\t\t\t<div class=\"elementor-widget-container\">\n\t\t\t\t\t<div class=\"elementor-spacer\">\n\t\t\t<div class=\"elementor-spacer-inner\"><\/div>\n\t\t<\/div>\n\t\t\t\t<\/div>\n\t\t\t\t<\/div>\n\t\t\t\t\t\t<\/div>\n\t\t\t\t\t<\/div>\n\t\t<\/div>\n\t\t\t\t\t\t\t\t<\/div>\n\t\t\t\t\t<\/div>\n\t\t<\/section>\n\t\t\t\t<section class=\"elementor-section elementor-top-section elementor-element elementor-element-2f6ab37 elementor-section-boxed elementor-section-height-default elementor-section-height-default\" data-id=\"2f6ab37\" data-element_type=\"section\">\n\t\t\t\t\t\t<div class=\"elementor-container elementor-column-gap-default\">\n\t\t\t\t\t\t\t<div class=\"elementor-row\">\n\t\t\t\t\t<div class=\"elementor-column elementor-col-100 elementor-top-column elementor-element elementor-element-256f50c\" data-id=\"256f50c\" data-element_type=\"column\">\n\t\t\t<div class=\"elementor-column-wrap elementor-element-populated\">\n\t\t\t\t\t\t\t<div class=\"elementor-widget-wrap\">\n\t\t\t\t\t\t<div class=\"elementor-element elementor-element-da5349a elementor-widget elementor-widget-text-editor\" data-id=\"da5349a\" data-element_type=\"widget\" data-widget_type=\"text-editor.default\">\n\t\t\t\t<div class=\"elementor-widget-container\">\n\t\t\t\t\t\t\t\t<div class=\"elementor-text-editor elementor-clearfix\">\n\t\t\t\t\tGem\u00e4\u00df der Alt\u00f6lverordnung sind wir verpflichtet, folgende gebrauchte \u00d6le kostenlos zur\u00fcckzunehmen: Vebrennungsmotoren\u00f6le, Getriebe\u00f6le, \u00d6lfilter und beim \u00d6lwechsel regelm\u00e4\u00dfig anfallende \u00f6lhaltige Abf\u00e4lle. Sie k\u00f6nnen das Alt\u00f6l in der Menge bei uns zur\u00fcckgeben, welche der bei uns gekauften Menge entspricht.<br><br>\n\nUnsere Annahmestelle ist:<br><br>\n\nTruckmotive GmbH<br>\nDuisburger Str. 309<br>\n46049 Oberhausen<br><br>\n\nSie k\u00f6nnen die \u00d6le dort jederzeit w\u00e4hrend der \u00d6ffnungszeiten abgeben. Alternativ k\u00f6nnen Sie das gebrauchte \u00d6l auch an unsere Annahmestelle senden, wobei die Versandkosten hierbei von Ihnen zu tragen sind. Bitte beachten Sie, dass f\u00fcr Alt\u00f6l besondere Transportbedingungen gelten k\u00f6nnen. Wir weisen au\u00dferdem darauf hin, dass unsere Annahmestelle \u00fcber eine Einrichtung verf\u00fcgt, die es erm\u00f6glicht, den \u00d6lwechsel fachgerecht durchzuf\u00fchren. Falls Sie ein gewerblicher Endverbraucher sind, weisen wir darauf hin, dass wir uns Ihnen gegen\u00fcber zur Erf\u00fcllung unserer Annahmepflichten Dritter bedienen k\u00f6nnen.\t\t\t\t\t<\/div>\n\t\t\t\t\t\t<\/div>\n\t\t\t\t<\/div>\n\t\t\t\t\t\t<\/div>\n\t\t\t\t\t<\/div>\n\t\t<\/div>\n\t\t\t\t\t\t\t\t<\/div>\n\t\t\t\t\t<\/div>\n\t\t<\/section>\n\t\t\t\t\t\t<\/div>\n\t\t\t\t\t\t<\/div>\n\t\t\t\t\t<\/div>\n\t\t","protected":false},"excerpt":{"rendered":"<p>Hinweise zur Alt\u00f6lentsorgung Gem\u00e4\u00df der Alt\u00f6lverordnung sind wir verpflichtet, folgende gebrauchte \u00d6le kostenlos zur\u00fcckzunehmen: Vebrennungsmotoren\u00f6le, Getriebe\u00f6le, \u00d6lfilter und beim \u00d6lwechsel regelm\u00e4\u00dfig anfallende \u00f6lhaltige Abf\u00e4lle. Sie k\u00f6nnen das Alt\u00f6l in der Menge bei uns zur\u00fcckgeben, welche der bei uns gekauften Menge entspricht. Unsere Annahmestelle ist: Truckmotive GmbH Duisburger Str. 309 46049 Oberhausen Sie k\u00f6nnen die \u00d6le&hellip;<\/p>\n","protected":false},"author":1,"featured_media":0,"parent":0,"menu_order":0,"comment_status":"closed","ping_status":"closed","template":"","meta":[],"_links":{"self":[{"href":"https:\/\/lkw-teile-truckmotive.de\/index.php\/wp-json\/wp\/v2\/pages\/6188"}],"collection":[{"href":"https:\/\/lkw-teile-truckmotive.de\/index.php\/wp-json\/wp\/v2\/pages"}],"about":[{"href":"https:\/\/lkw-teile-truckmotive.de\/index.php\/wp-json\/wp\/v2\/types\/page"}],"author":[{"embeddable":true,"href":"https:\/\/lkw-teile-truckmotive.de\/index.php\/wp-json\/wp\/v2\/users\/1"}],"replies":[{"embeddable":true,"href":"https:\/\/lkw-teile-truckmotive.de\/index.php\/wp-json\/wp\/v2\/comments?post=6188"}],"version-history":[{"count":0,"href":"https:\/\/lkw-teile-truckmotive.de\/index.php\/wp-json\/wp\/v2\/pages\/6188\/revisions"}],"wp:attachment":[{"href":"https:\/\/lkw-teile-truckmotive.de\/index.php\/wp-json\/wp\/v2\/media?parent=6188"}],"curies":[{"name":"wp","href":"https:\/\/api.w.org\/{rel}","templated":true}]}}