{"id":6191,"date":"2020-08-27T21:32:20","date_gmt":"2020-08-27T19:32:20","guid":{"rendered":"http:\/\/5.44.107.210\/wordpress\/?page_id=6191"},"modified":"2020-10-21T22:49:11","modified_gmt":"2020-10-21T20:49:11","slug":"batteriegesetzhinweis","status":"publish","type":"page","link":"https:\/\/lkw-teile-truckmotive.de\/index.php\/batteriegesetzhinweis","title":{"rendered":"Batteriegesetzhinweis"},"content":{"rendered":"\t\t<div data-elementor-type=\"wp-page\" data-elementor-id=\"6191\" class=\"elementor elementor-6191\" data-elementor-settings=\"[]\">\n\t\t\t\t\t\t<div class=\"elementor-inner\">\n\t\t\t\t\t\t\t<div class=\"elementor-section-wrap\">\n\t\t\t\t\t\t\t<section class=\"elementor-section elementor-top-section elementor-element elementor-element-416bd35 elementor-section-full_width elementor-section-height-default elementor-section-height-default\" data-id=\"416bd35\" data-element_type=\"section\" data-settings=\"{&quot;background_background&quot;:&quot;classic&quot;}\">\n\t\t\t\t\t\t<div class=\"elementor-container elementor-column-gap-default\">\n\t\t\t\t\t\t\t<div class=\"elementor-row\">\n\t\t\t\t\t<div class=\"elementor-column elementor-col-100 elementor-top-column elementor-element elementor-element-55c98d9\" data-id=\"55c98d9\" data-element_type=\"column\">\n\t\t\t<div class=\"elementor-column-wrap elementor-element-populated\">\n\t\t\t\t\t\t\t<div class=\"elementor-widget-wrap\">\n\t\t\t\t\t\t<div class=\"elementor-element elementor-element-63af10e elementor-widget elementor-widget-heading\" data-id=\"63af10e\" data-element_type=\"widget\" data-widget_type=\"heading.default\">\n\t\t\t\t<div class=\"elementor-widget-container\">\n\t\t\t<h1 class=\"elementor-heading-title elementor-size-default\">Batteriegesetzhinweis<\/h1>\t\t<\/div>\n\t\t\t\t<\/div>\n\t\t\t\t\t\t<\/div>\n\t\t\t\t\t<\/div>\n\t\t<\/div>\n\t\t\t\t\t\t\t\t<\/div>\n\t\t\t\t\t<\/div>\n\t\t<\/section>\n\t\t\t\t<section class=\"elementor-section elementor-top-section elementor-element elementor-element-b871115 elementor-section-boxed elementor-section-height-default elementor-section-height-default\" data-id=\"b871115\" data-element_type=\"section\">\n\t\t\t\t\t\t<div class=\"elementor-container elementor-column-gap-default\">\n\t\t\t\t\t\t\t<div class=\"elementor-row\">\n\t\t\t\t\t<div class=\"elementor-column elementor-col-100 elementor-top-column elementor-element elementor-element-f5155cb\" data-id=\"f5155cb\" data-element_type=\"column\">\n\t\t\t<div class=\"elementor-column-wrap elementor-element-populated\">\n\t\t\t\t\t\t\t<div class=\"elementor-widget-wrap\">\n\t\t\t\t\t\t<div class=\"elementor-element elementor-element-6903304 elementor-widget elementor-widget-spacer\" data-id=\"6903304\" data-element_type=\"widget\" data-widget_type=\"spacer.default\">\n\t\t\t\t<div class=\"elementor-widget-container\">\n\t\t\t\t\t<div class=\"elementor-spacer\">\n\t\t\t<div class=\"elementor-spacer-inner\"><\/div>\n\t\t<\/div>\n\t\t\t\t<\/div>\n\t\t\t\t<\/div>\n\t\t\t\t\t\t<\/div>\n\t\t\t\t\t<\/div>\n\t\t<\/div>\n\t\t\t\t\t\t\t\t<\/div>\n\t\t\t\t\t<\/div>\n\t\t<\/section>\n\t\t\t\t<section class=\"elementor-section elementor-top-section elementor-element elementor-element-b83eac4 elementor-section-boxed elementor-section-height-default elementor-section-height-default\" data-id=\"b83eac4\" data-element_type=\"section\">\n\t\t\t\t\t\t<div class=\"elementor-container elementor-column-gap-default\">\n\t\t\t\t\t\t\t<div class=\"elementor-row\">\n\t\t\t\t\t<div class=\"elementor-column elementor-col-100 elementor-top-column elementor-element elementor-element-81a658a\" data-id=\"81a658a\" data-element_type=\"column\">\n\t\t\t<div class=\"elementor-column-wrap elementor-element-populated\">\n\t\t\t\t\t\t\t<div class=\"elementor-widget-wrap\">\n\t\t\t\t\t\t<div class=\"elementor-element elementor-element-448100f elementor-widget elementor-widget-text-editor\" data-id=\"448100f\" data-element_type=\"widget\" data-widget_type=\"text-editor.default\">\n\t\t\t\t<div class=\"elementor-widget-container\">\n\t\t\t\t\t\t\t\t<div class=\"elementor-text-editor elementor-clearfix\">\n\t\t\t\t\t<b>Hinweise zur Batterieentsorgung<\/b><br><br>\n    \nIm Zusammenhang mit dem Vertrieb von Batterien oder mit der Lieferung von Ger\u00e4ten, die Batterien enthalten, sind wir verpflichtet, Sie auf folgendes hinzuweisen:<br><br>\nSie sind zur R\u00fcckgabe gebrauchter Batterien als Endnutzer gesetzlich verpflichtet. Sie k\u00f6nnen Altbatterien, die wir als Neubatterien im Sortiment f\u00fchren oder gef\u00fchrt haben, unentgeltlich an unserem Versandlager (Versandadresse) zur\u00fcckgeben. Die auf den Batterien abgebildeten Symbole haben folgende Bedeutung:<br>\nDas Symbol der durchgekreuzten M\u00fclltonne bedeutet, dass die Batterie nicht in den Hausm\u00fcll gegeben werden darf.<br><br>\nPb = Batterie enth\u00e4lt mehr als 0,004 Masseprozent Blei<br>\nCd = Batterie enth\u00e4lt mehr als 0,002 Masseprozent Cadmium<br>\nHg = Batterie enth\u00e4lt mehr als 0,0005 Masseprozent Quecksilber.<br><br>\n\n<b>Besonderheiten beim Verkauf von Starterbatterien<\/b><br><br>\n\nIm Zusammenhang mit dem Vertrieb von Fahrzeugbatterien sind wir, sofern Sie Endverbraucher sind gem\u00e4\u00df \u00a7 10 BattG verpflichtet, je Fahrzeugbatterie ein Pfand in H\u00f6he von 7,50 Euro einschlie\u00dflich Umsatzsteuer zu erheben, wenn Sie zum Zeitpunkt des Kaufs einer neuen Fahrzeugbatterie keine Fahrzeug-Altbatterie zur\u00fcckgeben. Das Pfand ist im Kaufpreis enthalten.<br><br>\n \nGeben Sie bei uns eine Fahrzeug-Altbatterie zur\u00fcck, die wir entsprechend \u00a7 9 BattG als Neubatterie im Sortiment f\u00fchren oder gef\u00fchrt haben, sind wir im Rahmen der gesetzlichen Vorschriften verpflichtet, diese kostenlos zur\u00fcckzunehmen und den Pfandbetrag zur\u00fcckzuerstatten.<br>\nSoweit wir entsprechend \u00a7 10 Abs. 1 Satz 3 BattG eine Pfandmarke ausgegeben haben, ist die Erstattung des Pfandes bei der R\u00fcckgabe der Fahrzeug-Altbatterie von der R\u00fcckgabe der Pfandmarke abh\u00e4ngig.<br><br>\n \nR\u00fcckgabeort ist die im Impressum aufgef\u00fchrte Adresse <b>(LAGER)<\/b>. Eine R\u00fccksendung der Altbatterie per Post ist aufgrund der Gefahrgutverordnung nicht zul\u00e4ssig. Fahrzeug-Altbatterien k\u00f6nnen alternativ auch kostenlos bei Wertstoff- und Recyclingh\u00f6fen abgegeben werden. Das von uns erhobene Pfand wird von den \u00f6ffentlich \u2013 rechtlichen Wertstoff- und Recyclingh\u00f6fen nicht zur\u00fcckerstattet. Sie haben dort aber die M\u00f6glichkeit, sich die R\u00fcckgabe der Fahrzeug-Altbatterie auf der Pfandmarke quittieren zu lassen. Gegen Vorlage der quittierten Pfandmarke erhalten Sie das Batteriepfand von uns zur\u00fcck.<br><br>\n\nBitte beachten Sie die vorstehenden Hinweise.\t\t\t\t\t<\/div>\n\t\t\t\t\t\t<\/div>\n\t\t\t\t<\/div>\n\t\t\t\t\t\t<\/div>\n\t\t\t\t\t<\/div>\n\t\t<\/div>\n\t\t\t\t\t\t\t\t<\/div>\n\t\t\t\t\t<\/div>\n\t\t<\/section>\n\t\t\t\t\t\t<\/div>\n\t\t\t\t\t\t<\/div>\n\t\t\t\t\t<\/div>\n\t\t","protected":false},"excerpt":{"rendered":"<p>Batteriegesetzhinweis Hinweise zur Batterieentsorgung Im Zusammenhang mit dem Vertrieb von Batterien oder mit der Lieferung von Ger\u00e4ten, die Batterien enthalten, sind wir verpflichtet, Sie auf folgendes hinzuweisen: Sie sind zur R\u00fcckgabe gebrauchter Batterien als Endnutzer gesetzlich verpflichtet. Sie k\u00f6nnen Altbatterien, die wir als Neubatterien im Sortiment f\u00fchren oder gef\u00fchrt haben, unentgeltlich an unserem Versandlager (Versandadresse)&hellip;<\/p>\n","protected":false},"author":1,"featured_media":0,"parent":0,"menu_order":0,"comment_status":"closed","ping_status":"closed","template":"","meta":[],"_links":{"self":[{"href":"https:\/\/lkw-teile-truckmotive.de\/index.php\/wp-json\/wp\/v2\/pages\/6191"}],"collection":[{"href":"https:\/\/lkw-teile-truckmotive.de\/index.php\/wp-json\/wp\/v2\/pages"}],"about":[{"href":"https:\/\/lkw-teile-truckmotive.de\/index.php\/wp-json\/wp\/v2\/types\/page"}],"author":[{"embeddable":true,"href":"https:\/\/lkw-teile-truckmotive.de\/index.php\/wp-json\/wp\/v2\/users\/1"}],"replies":[{"embeddable":true,"href":"https:\/\/lkw-teile-truckmotive.de\/index.php\/wp-json\/wp\/v2\/comments?post=6191"}],"version-history":[{"count":0,"href":"https:\/\/lkw-teile-truckmotive.de\/index.php\/wp-json\/wp\/v2\/pages\/6191\/revisions"}],"wp:attachment":[{"href":"https:\/\/lkw-teile-truckmotive.de\/index.php\/wp-json\/wp\/v2\/media?parent=6191"}],"curies":[{"name":"wp","href":"https:\/\/api.w.org\/{rel}","templated":true}]}}