{"id":6199,"date":"2020-08-27T21:33:55","date_gmt":"2020-08-27T19:33:55","guid":{"rendered":"http:\/\/5.44.107.210\/wordpress\/?page_id=6199"},"modified":"2020-10-21T22:48:34","modified_gmt":"2020-10-21T20:48:34","slug":"retouren-2","status":"publish","type":"page","link":"https:\/\/lkw-teile-truckmotive.de\/index.php\/retouren-2","title":{"rendered":"R\u00fcckgabe"},"content":{"rendered":"\t\t<div data-elementor-type=\"wp-page\" data-elementor-id=\"6199\" class=\"elementor elementor-6199\" data-elementor-settings=\"[]\">\n\t\t\t\t\t\t<div class=\"elementor-inner\">\n\t\t\t\t\t\t\t<div class=\"elementor-section-wrap\">\n\t\t\t\t\t\t\t<section class=\"elementor-section elementor-top-section elementor-element elementor-element-93c36da elementor-section-full_width elementor-section-height-default elementor-section-height-default\" data-id=\"93c36da\" data-element_type=\"section\" data-settings=\"{&quot;background_background&quot;:&quot;classic&quot;}\">\n\t\t\t\t\t\t<div class=\"elementor-container elementor-column-gap-default\">\n\t\t\t\t\t\t\t<div class=\"elementor-row\">\n\t\t\t\t\t<div class=\"elementor-column elementor-col-100 elementor-top-column elementor-element elementor-element-b18b96a\" data-id=\"b18b96a\" data-element_type=\"column\">\n\t\t\t<div class=\"elementor-column-wrap elementor-element-populated\">\n\t\t\t\t\t\t\t<div class=\"elementor-widget-wrap\">\n\t\t\t\t\t\t<div class=\"elementor-element elementor-element-cb5737d elementor-widget elementor-widget-heading\" data-id=\"cb5737d\" data-element_type=\"widget\" data-widget_type=\"heading.default\">\n\t\t\t\t<div class=\"elementor-widget-container\">\n\t\t\t<h1 class=\"elementor-heading-title elementor-size-default\">R\u00fcckgabe<\/h1>\t\t<\/div>\n\t\t\t\t<\/div>\n\t\t\t\t\t\t<\/div>\n\t\t\t\t\t<\/div>\n\t\t<\/div>\n\t\t\t\t\t\t\t\t<\/div>\n\t\t\t\t\t<\/div>\n\t\t<\/section>\n\t\t\t\t<section class=\"elementor-section elementor-top-section elementor-element elementor-element-f568cf5 elementor-section-boxed elementor-section-height-default elementor-section-height-default\" data-id=\"f568cf5\" data-element_type=\"section\">\n\t\t\t\t\t\t<div class=\"elementor-container elementor-column-gap-default\">\n\t\t\t\t\t\t\t<div class=\"elementor-row\">\n\t\t\t\t\t<div class=\"elementor-column elementor-col-100 elementor-top-column elementor-element elementor-element-d4f7a30\" data-id=\"d4f7a30\" data-element_type=\"column\">\n\t\t\t<div class=\"elementor-column-wrap elementor-element-populated\">\n\t\t\t\t\t\t\t<div class=\"elementor-widget-wrap\">\n\t\t\t\t\t\t<div class=\"elementor-element elementor-element-4dd2a6d elementor-widget elementor-widget-spacer\" data-id=\"4dd2a6d\" data-element_type=\"widget\" data-widget_type=\"spacer.default\">\n\t\t\t\t<div class=\"elementor-widget-container\">\n\t\t\t\t\t<div class=\"elementor-spacer\">\n\t\t\t<div class=\"elementor-spacer-inner\"><\/div>\n\t\t<\/div>\n\t\t\t\t<\/div>\n\t\t\t\t<\/div>\n\t\t\t\t\t\t<\/div>\n\t\t\t\t\t<\/div>\n\t\t<\/div>\n\t\t\t\t\t\t\t\t<\/div>\n\t\t\t\t\t<\/div>\n\t\t<\/section>\n\t\t\t\t<section class=\"elementor-section elementor-top-section elementor-element elementor-element-d330293 elementor-section-boxed elementor-section-height-default elementor-section-height-default\" data-id=\"d330293\" data-element_type=\"section\">\n\t\t\t\t\t\t<div class=\"elementor-container elementor-column-gap-default\">\n\t\t\t\t\t\t\t<div class=\"elementor-row\">\n\t\t\t\t\t<div class=\"elementor-column elementor-col-100 elementor-top-column elementor-element elementor-element-88c99c2\" data-id=\"88c99c2\" data-element_type=\"column\">\n\t\t\t<div class=\"elementor-column-wrap elementor-element-populated\">\n\t\t\t\t\t\t\t<div class=\"elementor-widget-wrap\">\n\t\t\t\t\t\t<div class=\"elementor-element elementor-element-f365df5 elementor-widget elementor-widget-text-editor\" data-id=\"f365df5\" data-element_type=\"widget\" data-widget_type=\"text-editor.default\">\n\t\t\t\t<div class=\"elementor-widget-container\">\n\t\t\t\t\t\t\t\t<div class=\"elementor-text-editor elementor-clearfix\">\n\t\t\t\t\t1. Bitte f\u00fcllen Sie das <a href=\"\/data\/R%C3%BCckgabe.pdf\">R\u00fcckgabeformular<\/a> vollst\u00e4ndig aus. Senden Sie das ausgef\u00fcllte Formular per E-Mail an <a href=\"mailto:info@truckmotive.de\">info@truckmotive.de<\/a><br><br>\n2. Nach Sichtung erhalten Sie innerhalb von 2 Arbeitstagen eine E-Mail mit einer Nummer (R\u00dcCKXX-XXXXXXX)<br><br>\n3. Notieren Sie diese Nummer auf einer Rechnungskopie und legen Sie diese Kopie der Sendung bei<br><br>\n4. Versenden Sie die Ware in geeigneter Verpackung mit einem Versanddienstleister Ihrer Wahl an:<br><br>\n<b>Truckmotive GmbH<\/b><br>\n<b>Duisburger Str. 309<\/b><br>\n<b>46049 Oberhausen<\/b><br><br>\n5. Nach Pr\u00fcfung des Artikels erhalten Sie eine R\u00fcckzahlung auf Ihr zur Bezahlung genutztes Konto<br><br>\n<b>ACHTUNG:<\/b> Falls durch uns ein falscher Artikel versandt wurde erfolgt der R\u00fcckversand nat\u00fcrlich kostenlos.\t\t\t\t\t<\/div>\n\t\t\t\t\t\t<\/div>\n\t\t\t\t<\/div>\n\t\t\t\t\t\t<\/div>\n\t\t\t\t\t<\/div>\n\t\t<\/div>\n\t\t\t\t\t\t\t\t<\/div>\n\t\t\t\t\t<\/div>\n\t\t<\/section>\n\t\t\t\t\t\t<\/div>\n\t\t\t\t\t\t<\/div>\n\t\t\t\t\t<\/div>\n\t\t","protected":false},"excerpt":{"rendered":"<p>R\u00fcckgabe 1. Bitte f\u00fcllen Sie das R\u00fcckgabeformular vollst\u00e4ndig aus. Senden Sie das ausgef\u00fcllte Formular per E-Mail an info@truckmotive.de 2. Nach Sichtung erhalten Sie innerhalb von 2 Arbeitstagen eine E-Mail mit einer Nummer (R\u00dcCKXX-XXXXXXX) 3. Notieren Sie diese Nummer auf einer Rechnungskopie und legen Sie diese Kopie der Sendung bei 4. Versenden Sie die Ware in&hellip;<\/p>\n","protected":false},"author":1,"featured_media":0,"parent":0,"menu_order":0,"comment_status":"closed","ping_status":"closed","template":"","meta":[],"_links":{"self":[{"href":"https:\/\/lkw-teile-truckmotive.de\/index.php\/wp-json\/wp\/v2\/pages\/6199"}],"collection":[{"href":"https:\/\/lkw-teile-truckmotive.de\/index.php\/wp-json\/wp\/v2\/pages"}],"about":[{"href":"https:\/\/lkw-teile-truckmotive.de\/index.php\/wp-json\/wp\/v2\/types\/page"}],"author":[{"embeddable":true,"href":"https:\/\/lkw-teile-truckmotive.de\/index.php\/wp-json\/wp\/v2\/users\/1"}],"replies":[{"embeddable":true,"href":"https:\/\/lkw-teile-truckmotive.de\/index.php\/wp-json\/wp\/v2\/comments?post=6199"}],"version-history":[{"count":0,"href":"https:\/\/lkw-teile-truckmotive.de\/index.php\/wp-json\/wp\/v2\/pages\/6199\/revisions"}],"wp:attachment":[{"href":"https:\/\/lkw-teile-truckmotive.de\/index.php\/wp-json\/wp\/v2\/media?parent=6199"}],"curies":[{"name":"wp","href":"https:\/\/api.w.org\/{rel}","templated":true}]}}