{"id":6201,"date":"2020-08-27T21:34:14","date_gmt":"2020-08-27T19:34:14","guid":{"rendered":"http:\/\/5.44.107.210\/wordpress\/?page_id=6201"},"modified":"2020-10-21T22:48:59","modified_gmt":"2020-10-21T20:48:59","slug":"gewaehrleistungsantrag","status":"publish","type":"page","link":"https:\/\/lkw-teile-truckmotive.de\/index.php\/gewaehrleistungsantrag","title":{"rendered":"Gew\u00e4hrleistungsantrag"},"content":{"rendered":"\t\t<div data-elementor-type=\"wp-page\" data-elementor-id=\"6201\" class=\"elementor elementor-6201\" data-elementor-settings=\"[]\">\n\t\t\t\t\t\t<div class=\"elementor-inner\">\n\t\t\t\t\t\t\t<div class=\"elementor-section-wrap\">\n\t\t\t\t\t\t\t<section class=\"elementor-section elementor-top-section elementor-element elementor-element-889d819 elementor-section-full_width elementor-section-height-default elementor-section-height-default\" data-id=\"889d819\" data-element_type=\"section\" data-settings=\"{&quot;background_background&quot;:&quot;classic&quot;}\">\n\t\t\t\t\t\t<div class=\"elementor-container elementor-column-gap-default\">\n\t\t\t\t\t\t\t<div class=\"elementor-row\">\n\t\t\t\t\t<div class=\"elementor-column elementor-col-100 elementor-top-column elementor-element elementor-element-ea5a720\" data-id=\"ea5a720\" data-element_type=\"column\">\n\t\t\t<div class=\"elementor-column-wrap elementor-element-populated\">\n\t\t\t\t\t\t\t<div class=\"elementor-widget-wrap\">\n\t\t\t\t\t\t<div class=\"elementor-element elementor-element-c570e94 elementor-widget elementor-widget-heading\" data-id=\"c570e94\" data-element_type=\"widget\" data-widget_type=\"heading.default\">\n\t\t\t\t<div class=\"elementor-widget-container\">\n\t\t\t<h1 class=\"elementor-heading-title elementor-size-default\">Gew\u00e4hrleistung<\/h1>\t\t<\/div>\n\t\t\t\t<\/div>\n\t\t\t\t\t\t<\/div>\n\t\t\t\t\t<\/div>\n\t\t<\/div>\n\t\t\t\t\t\t\t\t<\/div>\n\t\t\t\t\t<\/div>\n\t\t<\/section>\n\t\t\t\t<section class=\"elementor-section elementor-top-section elementor-element elementor-element-9774f84 elementor-section-boxed elementor-section-height-default elementor-section-height-default\" data-id=\"9774f84\" data-element_type=\"section\">\n\t\t\t\t\t\t<div class=\"elementor-container elementor-column-gap-default\">\n\t\t\t\t\t\t\t<div class=\"elementor-row\">\n\t\t\t\t\t<div class=\"elementor-column elementor-col-100 elementor-top-column elementor-element elementor-element-af3aeaa\" data-id=\"af3aeaa\" data-element_type=\"column\">\n\t\t\t<div class=\"elementor-column-wrap elementor-element-populated\">\n\t\t\t\t\t\t\t<div class=\"elementor-widget-wrap\">\n\t\t\t\t\t\t<div class=\"elementor-element elementor-element-a93f772 elementor-widget elementor-widget-spacer\" data-id=\"a93f772\" data-element_type=\"widget\" data-widget_type=\"spacer.default\">\n\t\t\t\t<div class=\"elementor-widget-container\">\n\t\t\t\t\t<div class=\"elementor-spacer\">\n\t\t\t<div class=\"elementor-spacer-inner\"><\/div>\n\t\t<\/div>\n\t\t\t\t<\/div>\n\t\t\t\t<\/div>\n\t\t\t\t\t\t<\/div>\n\t\t\t\t\t<\/div>\n\t\t<\/div>\n\t\t\t\t\t\t\t\t<\/div>\n\t\t\t\t\t<\/div>\n\t\t<\/section>\n\t\t\t\t<section class=\"elementor-section elementor-top-section elementor-element elementor-element-93f94b2 elementor-section-boxed elementor-section-height-default elementor-section-height-default\" data-id=\"93f94b2\" data-element_type=\"section\">\n\t\t\t\t\t\t<div class=\"elementor-container elementor-column-gap-default\">\n\t\t\t\t\t\t\t<div class=\"elementor-row\">\n\t\t\t\t\t<div class=\"elementor-column elementor-col-100 elementor-top-column elementor-element elementor-element-d7aeb7d\" data-id=\"d7aeb7d\" data-element_type=\"column\">\n\t\t\t<div class=\"elementor-column-wrap elementor-element-populated\">\n\t\t\t\t\t\t\t<div class=\"elementor-widget-wrap\">\n\t\t\t\t\t\t<div class=\"elementor-element elementor-element-227130c elementor-widget elementor-widget-text-editor\" data-id=\"227130c\" data-element_type=\"widget\" data-widget_type=\"text-editor.default\">\n\t\t\t\t<div class=\"elementor-widget-container\">\n\t\t\t\t\t\t\t\t<div class=\"elementor-text-editor elementor-clearfix\">\n\t\t\t\t\t1. Bitte f\u00fcllen Sie das <a href=\"\/data\/Gew%C3%A4hrleistungsantrag.pdf\">Gew\u00e4hrleistungsformular<\/a> <b>vollst\u00e4ndig<\/b> aus. Senden Sie das ausgef\u00fcllte Formular per E-Mail an <a href=\"mailto:info@truckmotive.de\">info@truckmotive.de<\/a><br><br>\n2. Nach Erhalt &#038; Pr\u00fcfung leiten wir Ihren Gew\u00e4hrleistungsantrag an den Hersteller weiter<br><br>\n3. Die nachfolgenden Schritte sind von Hersteller zu Hersteller unterschiedlich. Bez\u00fcglich des weiteren Vorgehens nehmen wir Kontakt mit Ihnen auf<br><br>\t\t\t\t\t<\/div>\n\t\t\t\t\t\t<\/div>\n\t\t\t\t<\/div>\n\t\t\t\t\t\t<\/div>\n\t\t\t\t\t<\/div>\n\t\t<\/div>\n\t\t\t\t\t\t\t\t<\/div>\n\t\t\t\t\t<\/div>\n\t\t<\/section>\n\t\t\t\t\t\t<\/div>\n\t\t\t\t\t\t<\/div>\n\t\t\t\t\t<\/div>\n\t\t","protected":false},"excerpt":{"rendered":"<p>Gew\u00e4hrleistung 1. Bitte f\u00fcllen Sie das Gew\u00e4hrleistungsformular vollst\u00e4ndig aus. Senden Sie das ausgef\u00fcllte Formular per E-Mail an info@truckmotive.de 2. Nach Erhalt &amp; Pr\u00fcfung leiten wir Ihren Gew\u00e4hrleistungsantrag an den Hersteller weiter 3. Die nachfolgenden Schritte sind von Hersteller zu Hersteller unterschiedlich. Bez\u00fcglich des weiteren Vorgehens nehmen wir Kontakt mit Ihnen auf<\/p>\n","protected":false},"author":1,"featured_media":0,"parent":0,"menu_order":0,"comment_status":"closed","ping_status":"closed","template":"","meta":[],"_links":{"self":[{"href":"https:\/\/lkw-teile-truckmotive.de\/index.php\/wp-json\/wp\/v2\/pages\/6201"}],"collection":[{"href":"https:\/\/lkw-teile-truckmotive.de\/index.php\/wp-json\/wp\/v2\/pages"}],"about":[{"href":"https:\/\/lkw-teile-truckmotive.de\/index.php\/wp-json\/wp\/v2\/types\/page"}],"author":[{"embeddable":true,"href":"https:\/\/lkw-teile-truckmotive.de\/index.php\/wp-json\/wp\/v2\/users\/1"}],"replies":[{"embeddable":true,"href":"https:\/\/lkw-teile-truckmotive.de\/index.php\/wp-json\/wp\/v2\/comments?post=6201"}],"version-history":[{"count":0,"href":"https:\/\/lkw-teile-truckmotive.de\/index.php\/wp-json\/wp\/v2\/pages\/6201\/revisions"}],"wp:attachment":[{"href":"https:\/\/lkw-teile-truckmotive.de\/index.php\/wp-json\/wp\/v2\/media?parent=6201"}],"curies":[{"name":"wp","href":"https:\/\/api.w.org\/{rel}","templated":true}]}}