{"id":6205,"date":"2020-08-27T21:34:39","date_gmt":"2020-08-27T19:34:39","guid":{"rendered":"http:\/\/5.44.107.210\/wordpress\/?page_id=6205"},"modified":"2020-10-21T22:46:59","modified_gmt":"2020-10-21T20:46:59","slug":"ueber-uns","status":"publish","type":"page","link":"https:\/\/lkw-teile-truckmotive.de\/index.php\/ueber-uns","title":{"rendered":"\u00dcber uns"},"content":{"rendered":"\t\t<div data-elementor-type=\"wp-page\" data-elementor-id=\"6205\" class=\"elementor elementor-6205\" data-elementor-settings=\"[]\">\n\t\t\t\t\t\t<div class=\"elementor-inner\">\n\t\t\t\t\t\t\t<div class=\"elementor-section-wrap\">\n\t\t\t\t\t\t\t<section class=\"elementor-section elementor-top-section elementor-element elementor-element-77e96cc8 elementor-section-boxed elementor-section-height-default elementor-section-height-default\" data-id=\"77e96cc8\" data-element_type=\"section\" data-settings=\"{&quot;background_background&quot;:&quot;classic&quot;}\">\n\t\t\t\t\t\t<div class=\"elementor-container elementor-column-gap-no\">\n\t\t\t\t\t\t\t<div class=\"elementor-row\">\n\t\t\t\t\t<div class=\"elementor-column elementor-col-50 elementor-top-column elementor-element elementor-element-55536682\" data-id=\"55536682\" data-element_type=\"column\">\n\t\t\t<div class=\"elementor-column-wrap elementor-element-populated\">\n\t\t\t\t\t\t\t<div class=\"elementor-widget-wrap\">\n\t\t\t\t\t\t<div class=\"elementor-element elementor-element-e14824b elementor-widget elementor-widget-text-editor\" data-id=\"e14824b\" data-element_type=\"widget\" data-widget_type=\"text-editor.default\">\n\t\t\t\t<div class=\"elementor-widget-container\">\n\t\t\t\t\t\t\t\t<div class=\"elementor-text-editor elementor-clearfix\">\n\t\t\t\t\t<span style=\"color: #000000; font-family: Rajdhani, sans-serif; font-size: large;\">Wir besch\u00e4ftigen uns mit dem Vertrieb von Ersatzteilen und Equipment f\u00fcr Lastkraftwagen, Lieferfahrzeuge, Busse, Sattelauflieger, Anh\u00e4nger sowie Bau- und Landwirtschaftliche Maschinen. Unser Angebot konzentriert sich auf relevante Nutzfahrzeuge der Marken DAF, IVECO, MAN, MERCEDES, SCANIA, VOLVO und RENAULT sowie auf Sattelauflieger der Marken SCHMITZ, K\u00d6GEL, K\u00c4SSBOHRER, FRUEHAUF und TRAILOR. Wir vertreiben Originalteile OE, Ersatzteile OEM, welche f\u00fcr die Erstmontage verwendet werden, sowie hochwertige Budget-Ersatzteile.<\/span>\t\t\t\t\t<\/div>\n\t\t\t\t\t\t<\/div>\n\t\t\t\t<\/div>\n\t\t\t\t\t\t<\/div>\n\t\t\t\t\t<\/div>\n\t\t<\/div>\n\t\t\t\t<div class=\"elementor-column elementor-col-50 elementor-top-column elementor-element elementor-element-103fa062\" data-id=\"103fa062\" data-element_type=\"column\">\n\t\t\t<div class=\"elementor-column-wrap elementor-element-populated\">\n\t\t\t\t\t\t\t<div class=\"elementor-widget-wrap\">\n\t\t\t\t\t\t<div class=\"elementor-element elementor-element-68855931 elementor-widget elementor-widget-image\" data-id=\"68855931\" data-element_type=\"widget\" data-widget_type=\"image.default\">\n\t\t\t\t<div class=\"elementor-widget-container\">\n\t\t\t\t\t\t\t\t<div class=\"elementor-image\">\n\t\t\t\t\t\t\t\t\t\t\t\t<img width=\"840\" height=\"560\" src=\"https:\/\/lkw-teile-truckmotive.de\/wp-content\/uploads\/2020\/09\/Truckmotive-Lager-Scanner-min-1024x683.jpg\" class=\"attachment-large size-large\" alt=\"\" loading=\"lazy\" srcset=\"https:\/\/lkw-teile-truckmotive.de\/wp-content\/uploads\/2020\/09\/Truckmotive-Lager-Scanner-min-1024x683.jpg 1024w, https:\/\/lkw-teile-truckmotive.de\/wp-content\/uploads\/2020\/09\/Truckmotive-Lager-Scanner-min-300x200.jpg 300w, https:\/\/lkw-teile-truckmotive.de\/wp-content\/uploads\/2020\/09\/Truckmotive-Lager-Scanner-min-768x512.jpg 768w, https:\/\/lkw-teile-truckmotive.de\/wp-content\/uploads\/2020\/09\/Truckmotive-Lager-Scanner-min-1536x1024.jpg 1536w, https:\/\/lkw-teile-truckmotive.de\/wp-content\/uploads\/2020\/09\/Truckmotive-Lager-Scanner-min-370x247.jpg 370w, https:\/\/lkw-teile-truckmotive.de\/wp-content\/uploads\/2020\/09\/Truckmotive-Lager-Scanner-min-600x400.jpg 600w, https:\/\/lkw-teile-truckmotive.de\/wp-content\/uploads\/2020\/09\/Truckmotive-Lager-Scanner-min.jpg 2048w\" sizes=\"(max-width: 840px) 100vw, 840px\" \/>\t\t\t\t\t\t\t\t\t\t\t\t\t\t<\/div>\n\t\t\t\t\t\t<\/div>\n\t\t\t\t<\/div>\n\t\t\t\t\t\t<\/div>\n\t\t\t\t\t<\/div>\n\t\t<\/div>\n\t\t\t\t\t\t\t\t<\/div>\n\t\t\t\t\t<\/div>\n\t\t<\/section>\n\t\t\t\t<section class=\"elementor-section elementor-top-section elementor-element elementor-element-6c19ceb4 elementor-section-boxed elementor-section-height-default elementor-section-height-default\" data-id=\"6c19ceb4\" data-element_type=\"section\">\n\t\t\t\t\t\t<div class=\"elementor-container elementor-column-gap-no\">\n\t\t\t\t\t\t\t<div class=\"elementor-row\">\n\t\t\t\t\t<div class=\"elementor-column elementor-col-50 elementor-top-column elementor-element elementor-element-3109d0a8\" data-id=\"3109d0a8\" data-element_type=\"column\">\n\t\t\t<div class=\"elementor-column-wrap elementor-element-populated\">\n\t\t\t\t\t\t\t<div class=\"elementor-widget-wrap\">\n\t\t\t\t\t\t<div class=\"elementor-element elementor-element-10653b11 elementor-widget elementor-widget-text-editor\" data-id=\"10653b11\" data-element_type=\"widget\" data-widget_type=\"text-editor.default\">\n\t\t\t\t<div class=\"elementor-widget-container\">\n\t\t\t\t\t\t\t\t<div class=\"elementor-text-editor elementor-clearfix\">\n\t\t\t\t\t<span style=\"color: #000000; font-family: Rajdhani, sans-serif; font-size: large;\">Alle Ersatzteile sind getestet und passgenau. Wir streben au\u00dfergew\u00f6hnlichen Service, \u00fcberdurchschnittliche Qualit\u00e4t und unschlagbare Preise an.<br><br>\n\nUnser Sortiment umfasst neben Ersatzteilen auch Werkzeuge sowie Werkstattausr\u00fcstung, \u00d6le und Fette, Chemie und Betriebsfl\u00fc\u00dfigkeiten, Reifen, Standheizungen sowie Elektronik.\n<\/span>\t\t\t\t\t<\/div>\n\t\t\t\t\t\t<\/div>\n\t\t\t\t<\/div>\n\t\t\t\t\t\t<\/div>\n\t\t\t\t\t<\/div>\n\t\t<\/div>\n\t\t\t\t<div class=\"elementor-column elementor-col-50 elementor-top-column elementor-element elementor-element-a022996\" data-id=\"a022996\" data-element_type=\"column\">\n\t\t\t<div class=\"elementor-column-wrap elementor-element-populated\">\n\t\t\t\t\t\t\t<div class=\"elementor-widget-wrap\">\n\t\t\t\t\t\t<div class=\"elementor-element elementor-element-31126fba elementor-widget elementor-widget-image\" data-id=\"31126fba\" data-element_type=\"widget\" data-widget_type=\"image.default\">\n\t\t\t\t<div class=\"elementor-widget-container\">\n\t\t\t\t\t\t\t\t<div class=\"elementor-image\">\n\t\t\t\t\t\t\t\t\t\t\t\t<img width=\"840\" height=\"561\" src=\"https:\/\/lkw-teile-truckmotive.de\/wp-content\/uploads\/2020\/09\/Truckmotive-Scanner-min-1024x684.jpg\" class=\"attachment-large size-large\" alt=\"\" loading=\"lazy\" srcset=\"https:\/\/lkw-teile-truckmotive.de\/wp-content\/uploads\/2020\/09\/Truckmotive-Scanner-min-1024x684.jpg 1024w, https:\/\/lkw-teile-truckmotive.de\/wp-content\/uploads\/2020\/09\/Truckmotive-Scanner-min-300x200.jpg 300w, https:\/\/lkw-teile-truckmotive.de\/wp-content\/uploads\/2020\/09\/Truckmotive-Scanner-min-768x513.jpg 768w, https:\/\/lkw-teile-truckmotive.de\/wp-content\/uploads\/2020\/09\/Truckmotive-Scanner-min-1536x1025.jpg 1536w, https:\/\/lkw-teile-truckmotive.de\/wp-content\/uploads\/2020\/09\/Truckmotive-Scanner-min-370x247.jpg 370w, https:\/\/lkw-teile-truckmotive.de\/wp-content\/uploads\/2020\/09\/Truckmotive-Scanner-min-600x400.jpg 600w, https:\/\/lkw-teile-truckmotive.de\/wp-content\/uploads\/2020\/09\/Truckmotive-Scanner-min.jpg 2048w\" sizes=\"(max-width: 840px) 100vw, 840px\" \/>\t\t\t\t\t\t\t\t\t\t\t\t\t\t<\/div>\n\t\t\t\t\t\t<\/div>\n\t\t\t\t<\/div>\n\t\t\t\t\t\t<\/div>\n\t\t\t\t\t<\/div>\n\t\t<\/div>\n\t\t\t\t\t\t\t\t<\/div>\n\t\t\t\t\t<\/div>\n\t\t<\/section>\n\t\t\t\t<section class=\"elementor-section elementor-top-section elementor-element elementor-element-60b6880d elementor-section-boxed elementor-section-height-default elementor-section-height-default\" data-id=\"60b6880d\" data-element_type=\"section\" data-settings=\"{&quot;background_background&quot;:&quot;classic&quot;}\">\n\t\t\t\t\t\t<div class=\"elementor-container elementor-column-gap-no\">\n\t\t\t\t\t\t\t<div class=\"elementor-row\">\n\t\t\t\t\t<div class=\"elementor-column elementor-col-50 elementor-top-column elementor-element elementor-element-fd2cfbe\" data-id=\"fd2cfbe\" data-element_type=\"column\">\n\t\t\t<div class=\"elementor-column-wrap elementor-element-populated\">\n\t\t\t\t\t\t\t<div class=\"elementor-widget-wrap\">\n\t\t\t\t\t\t<div class=\"elementor-element elementor-element-317b4200 elementor-widget elementor-widget-text-editor\" data-id=\"317b4200\" data-element_type=\"widget\" data-widget_type=\"text-editor.default\">\n\t\t\t\t<div class=\"elementor-widget-container\">\n\t\t\t\t\t\t\t\t<div class=\"elementor-text-editor elementor-clearfix\">\n\t\t\t\t\t<p><span style=\"color: #000000; font-family: Rajdhani, sans-serif; font-size: large;\">Das Unternehmen Truckmotive arbeitet st\u00e4ndig an seiner Entwicklung. Unser Ziel ist die Einhaltung hoher Standards sowie eine fachgerechte Beratung unserer Kunden. Unser Sortiment wird st\u00e4ndig erweitert und unsere Logistik wird bestm\u00f6glich an Ihre W\u00fcnsche angepasst. F\u00fcr unsere Gesch\u00e4ftspartner bieten wir g\u00fcnstige Bedingungen in Form eines Bonusprogramms an. Durch unseren Online-Shop k\u00f6nnen Sie jederzeit eigenst\u00e4ndig, schnell und zuverl\u00e4ssig eine Bestellung aufgeben.<\/span><\/p>\t\t\t\t\t<\/div>\n\t\t\t\t\t\t<\/div>\n\t\t\t\t<\/div>\n\t\t\t\t\t\t<\/div>\n\t\t\t\t\t<\/div>\n\t\t<\/div>\n\t\t\t\t<div class=\"elementor-column elementor-col-50 elementor-top-column elementor-element elementor-element-473c82f8\" data-id=\"473c82f8\" data-element_type=\"column\">\n\t\t\t<div class=\"elementor-column-wrap elementor-element-populated\">\n\t\t\t\t\t\t\t<div class=\"elementor-widget-wrap\">\n\t\t\t\t\t\t<div class=\"elementor-element elementor-element-24a4a8bf elementor-widget elementor-widget-image\" data-id=\"24a4a8bf\" data-element_type=\"widget\" data-widget_type=\"image.default\">\n\t\t\t\t<div class=\"elementor-widget-container\">\n\t\t\t\t\t\t\t\t<div class=\"elementor-image\">\n\t\t\t\t\t\t\t\t\t\t\t\t<img width=\"840\" height=\"560\" src=\"https:\/\/lkw-teile-truckmotive.de\/wp-content\/uploads\/2020\/09\/Truckmotive-Lager-1024x683.jpg\" class=\"attachment-large size-large\" alt=\"\" loading=\"lazy\" srcset=\"https:\/\/lkw-teile-truckmotive.de\/wp-content\/uploads\/2020\/09\/Truckmotive-Lager-1024x683.jpg 1024w, https:\/\/lkw-teile-truckmotive.de\/wp-content\/uploads\/2020\/09\/Truckmotive-Lager-300x200.jpg 300w, https:\/\/lkw-teile-truckmotive.de\/wp-content\/uploads\/2020\/09\/Truckmotive-Lager-768x512.jpg 768w, https:\/\/lkw-teile-truckmotive.de\/wp-content\/uploads\/2020\/09\/Truckmotive-Lager-1536x1024.jpg 1536w, https:\/\/lkw-teile-truckmotive.de\/wp-content\/uploads\/2020\/09\/Truckmotive-Lager-370x247.jpg 370w, https:\/\/lkw-teile-truckmotive.de\/wp-content\/uploads\/2020\/09\/Truckmotive-Lager-600x400.jpg 600w, https:\/\/lkw-teile-truckmotive.de\/wp-content\/uploads\/2020\/09\/Truckmotive-Lager.jpg 1920w\" sizes=\"(max-width: 840px) 100vw, 840px\" \/>\t\t\t\t\t\t\t\t\t\t\t\t\t\t<\/div>\n\t\t\t\t\t\t<\/div>\n\t\t\t\t<\/div>\n\t\t\t\t\t\t<\/div>\n\t\t\t\t\t<\/div>\n\t\t<\/div>\n\t\t\t\t\t\t\t\t<\/div>\n\t\t\t\t\t<\/div>\n\t\t<\/section>\n\t\t\t\t<section class=\"elementor-section elementor-top-section elementor-element elementor-element-5f9edba5 elementor-section-boxed elementor-section-height-default elementor-section-height-default\" data-id=\"5f9edba5\" data-element_type=\"section\">\n\t\t\t\t\t\t<div class=\"elementor-container elementor-column-gap-default\">\n\t\t\t\t\t\t\t<div class=\"elementor-row\">\n\t\t\t\t\t<div class=\"elementor-column elementor-col-100 elementor-top-column elementor-element elementor-element-592d5fb4\" data-id=\"592d5fb4\" data-element_type=\"column\">\n\t\t\t<div class=\"elementor-column-wrap elementor-element-populated\">\n\t\t\t\t\t\t\t<div class=\"elementor-widget-wrap\">\n\t\t\t\t\t\t<div class=\"elementor-element elementor-element-738b7301 elementor-widget elementor-widget-spacer\" data-id=\"738b7301\" data-element_type=\"widget\" data-widget_type=\"spacer.default\">\n\t\t\t\t<div class=\"elementor-widget-container\">\n\t\t\t\t\t<div class=\"elementor-spacer\">\n\t\t\t<div class=\"elementor-spacer-inner\"><\/div>\n\t\t<\/div>\n\t\t\t\t<\/div>\n\t\t\t\t<\/div>\n\t\t\t\t\t\t<\/div>\n\t\t\t\t\t<\/div>\n\t\t<\/div>\n\t\t\t\t\t\t\t\t<\/div>\n\t\t\t\t\t<\/div>\n\t\t<\/section>\n\t\t\t\t\t\t<\/div>\n\t\t\t\t\t\t<\/div>\n\t\t\t\t\t<\/div>\n\t\t","protected":false},"excerpt":{"rendered":"<p>Wir besch\u00e4ftigen uns mit dem Vertrieb von Ersatzteilen und Equipment f\u00fcr Lastkraftwagen, Lieferfahrzeuge, Busse, Sattelauflieger, Anh\u00e4nger sowie Bau- und Landwirtschaftliche Maschinen. Unser Angebot konzentriert sich auf relevante Nutzfahrzeuge der Marken DAF, IVECO, MAN, MERCEDES, SCANIA, VOLVO und RENAULT sowie auf Sattelauflieger der Marken SCHMITZ, K\u00d6GEL, K\u00c4SSBOHRER, FRUEHAUF und TRAILOR. Wir vertreiben Originalteile OE, Ersatzteile OEM,&hellip;<\/p>\n","protected":false},"author":1,"featured_media":0,"parent":0,"menu_order":0,"comment_status":"closed","ping_status":"closed","template":"","meta":[],"_links":{"self":[{"href":"https:\/\/lkw-teile-truckmotive.de\/index.php\/wp-json\/wp\/v2\/pages\/6205"}],"collection":[{"href":"https:\/\/lkw-teile-truckmotive.de\/index.php\/wp-json\/wp\/v2\/pages"}],"about":[{"href":"https:\/\/lkw-teile-truckmotive.de\/index.php\/wp-json\/wp\/v2\/types\/page"}],"author":[{"embeddable":true,"href":"https:\/\/lkw-teile-truckmotive.de\/index.php\/wp-json\/wp\/v2\/users\/1"}],"replies":[{"embeddable":true,"href":"https:\/\/lkw-teile-truckmotive.de\/index.php\/wp-json\/wp\/v2\/comments?post=6205"}],"version-history":[{"count":0,"href":"https:\/\/lkw-teile-truckmotive.de\/index.php\/wp-json\/wp\/v2\/pages\/6205\/revisions"}],"wp:attachment":[{"href":"https:\/\/lkw-teile-truckmotive.de\/index.php\/wp-json\/wp\/v2\/media?parent=6205"}],"curies":[{"name":"wp","href":"https:\/\/api.w.org\/{rel}","templated":true}]}}