{"id":103466,"date":"2023-12-19T14:33:07","date_gmt":"2023-12-19T13:33:07","guid":{"rendered":"https:\/\/lkw-teile-truckmotive.de\/index.php\/produkt\/ventil-magnetventil-relaisventil-abs-vgl-4721950410-passend-fuer-diverse-auflieger-trailer"},"modified":"2025-05-15T11:17:09","modified_gmt":"2025-05-15T09:17:09","slug":"ventil-magnetventil-relaisventil-abs-vgl-4721950410-passend-fuer-diverse-auflieger-trailer","status":"publish","type":"product","link":"https:\/\/lkw-teile-truckmotive.de\/index.php\/produkt\/ventil-magnetventil-relaisventil-abs-vgl-4721950410-passend-fuer-diverse-auflieger-trailer","title":{"rendered":"Ventil Magnetventil Relaisventil ABS vgl. 4721950410 passend f\u00fcr diverse Auflieger\/Trailer"},"content":{"rendered":"<div style=\"font-size:15px\">\n<h4>Ventil Magnetventil Relaisventil ABS vgl. 4721950410 passend f\u00fcr diverse Auflieger\/Trailer<\/h4>\n<div class=\"table_info\">\n<p>ABS Relaisventil &#8211; Magnetventil<br \/>\nQualitativ hochwertiger Nachbauartikel<\/p>\n<table>\n<tbody>\n<tr>\n<td>Anbau<\/td>\n<td>3x M8<\/td>\n<\/tr>\n<tr>\n<td>Anschl\u00fcsse<\/td>\n<td>8x M22 x 1,5<\/td>\n<\/tr>\n<tr>\n<td>Anschl\u00fcsse 2<\/td>\n<td>1x M16 x 1,5<\/td>\n<\/tr>\n<tr>\n<td>Anschl\u00fcsse 3<\/td>\n<td>Entl\u00fcftung<\/td>\n<\/tr>\n<tr>\n<td>Betriebsdruck max.<\/td>\n<td>10 Bar<\/td>\n<\/tr>\n<tr>\n<td>Spannung<\/td>\n<td>24 V<\/td>\n<\/tr>\n<tr>\n<td>Schutzklasse<\/td>\n<td>IP 66 \/ IP 69K<\/td>\n<\/tr>\n<\/tbody>\n<\/table>\n<\/p><\/div>\n<p>                <span style=\"font-size:1px;color:white\">LKW, NFZ, Nutzfahrzeug, Reparatur, Wartung, Ersatz, Teil, Austausch, Ersatzteil, \u00dcberholung, Ventil, Magnet, Magnetventil, elektrisch, 10Bar, Bajonet, Entl\u00fcftet, 24V, M16, M22, Krone, Schmitz, Goldhofer, Schwarzm\u00fcller, Relaisventil<\/span><\/p>\n<h4>OE &amp; OEM Referenznummern:<\/h4>\n<p><a href=\"https:\/\/lkw-teile-truckmotive.de\/products\/N2524526001\">N2524526001<\/a>, <a href=\"https:\/\/lkw-teile-truckmotive.de\/products\/1934976\">1934976<\/a>, <a href=\"https:\/\/lkw-teile-truckmotive.de\/products\/5815328\">5815328<\/a>, <a href=\"https:\/\/lkw-teile-truckmotive.de\/products\/5021170198\">5021170198<\/a>, <a href=\"https:\/\/lkw-teile-truckmotive.de\/products\/1624254\">1624254<\/a>, <a href=\"https:\/\/lkw-teile-truckmotive.de\/products\/4721950410\">4721950410<\/a><\/p>\n<p><span style=\"font-size:12px\"><b>Hinweis: <\/b><br \/>Alle aufgef\u00fchrten Marken, Referenzen sowie Vergleichsnummern dienen lediglich dem Vergleichszweck.<br \/>\nDie angebotenen Artikel sind, sofern nicht anders angegeben, Nachbauteile in Erstausr\u00fcsterqualit\u00e4t.<\/span><\/p>\n<details>\n<summary style=\"cursor: pointer;color: #06c;font-size: 15px\">Herstellerinformation<\/summary>\n<div class=\"manufacturer-info\" style=\"padding: 10px;border: 1px solid #888;margin-top: 10px;background-color: #f9f9f9\">\n<p><b>Truckmotive GmbH<\/b><br \/>Welschenkamp 18<br \/>DE-47138 Duisburg &#8211; DE<br \/>Tel.: <br \/>Mail: hallo@truckmotive.de<\/p>\n<\/p><\/div>\n<\/details><\/div>\n","protected":false},"excerpt":{"rendered":"<div style=\"font-size:15px\">\n<p style=\"font-size:17px;color:black\"><b>Lieferumfang:<\/b><\/p>\n<p style=\"padding-top:6px\">1x Magnetventil<\/p>\n<p><\/br><\/p>\n<p style=\"font-size:17px;color:black\"><b>Passend f\u00fcr<\/b><\/p>\n<ul style=\"padding-top:6px\">\n<li>diverser Auflieger\/Trailer u.a. Schmitz, Krone, Goldhofer, Schwarzm\u00fcller<\/li>\n<\/ul>\n<p><span style=\"font-size:12px\">Das Ersatzteil passt unter anderem f\u00fcr die oben genannten Modelle. Bitte pr\u00fcfen Sie die Ersatzteil-Nummer, um eine Fehlbestellung zu vermeiden. Nicht sicher, ob das Teil passt? Kontaktieren Sie uns!<\/span><\/p>\n<\/div>\n","protected":false},"featured_media":153102,"comment_status":"open","ping_status":"closed","template":"","meta":[],"_links":{"self":[{"href":"https:\/\/lkw-teile-truckmotive.de\/index.php\/wp-json\/wp\/v2\/product\/103466"}],"collection":[{"href":"https:\/\/lkw-teile-truckmotive.de\/index.php\/wp-json\/wp\/v2\/product"}],"about":[{"href":"https:\/\/lkw-teile-truckmotive.de\/index.php\/wp-json\/wp\/v2\/types\/product"}],"replies":[{"embeddable":true,"href":"https:\/\/lkw-teile-truckmotive.de\/index.php\/wp-json\/wp\/v2\/comments?post=103466"}],"wp:featuredmedia":[{"embeddable":true,"href":"https:\/\/lkw-teile-truckmotive.de\/index.php\/wp-json\/wp\/v2\/media\/153102"}],"wp:attachment":[{"href":"https:\/\/lkw-teile-truckmotive.de\/index.php\/wp-json\/wp\/v2\/media?parent=103466"}],"curies":[{"name":"wp","href":"https:\/\/api.w.org\/{rel}","templated":true}]}}