{"id":110269,"date":"2024-03-08T15:03:05","date_gmt":"2024-03-08T14:03:05","guid":{"rendered":"https:\/\/lkw-teile-truckmotive.de\/index.php\/produkt\/spiegel-bordsteinspiegel-24v-elektrisch-reguliert-beheizt-ueber-tuer-passend-fuer-man-tgx-tgm-tgl-tgs"},"modified":"2026-02-10T11:20:45","modified_gmt":"2026-02-10T10:20:45","slug":"spiegel-bordsteinspiegel-24v-elektrisch-reguliert-beheizt-ueber-tuer-passend-fuer-man-tgx-tgm-tgl-tgs","status":"publish","type":"product","link":"https:\/\/lkw-teile-truckmotive.de\/index.php\/produkt\/spiegel-bordsteinspiegel-24v-elektrisch-reguliert-beheizt-ueber-tuer-passend-fuer-man-tgx-tgm-tgl-tgs","title":{"rendered":"Spiegel Bordsteinspiegel 24V elektrisch reguliert beheizt \u00fcber T\u00fcr passend f\u00fcr MAN TGX, TGM, TGL, TGS"},"content":{"rendered":"<div style=\"font-size:15px\">\n<h4>Spiegel Bordsteinspiegel 24V elektrisch reguliert beheizt \u00fcber T\u00fcr passend f\u00fcr MAN TGX, TGM, TGL, TGS<\/h4>\n<div class=\"table_info\">\n<p>Bordsteinspiegel &#8211; Rampenspiegel \u00fcber T\u00fcr<br \/>\nQualitativ hochwertiger Nachbauartikel<\/p>\n<table>\n<tbody>\n<tr>\n<td>Einbauseite<\/td>\n<td>rechts, links<\/td>\n<\/tr>\n<tr>\n<td>Spannung<\/td>\n<td>24 V<\/td>\n<\/tr>\n<tr>\n<td>L\u00e4nge<\/td>\n<td>303 mm<\/td>\n<\/tr>\n<tr>\n<td>Breite<\/td>\n<td>163 mm<\/td>\n<\/tr>\n<tr>\n<td>H\u00f6he<\/td>\n<td>88 mm<\/td>\n<\/tr>\n<tr>\n<td>W\u00f6lbungsradius<\/td>\n<td>300 mm<\/td>\n<\/tr>\n<tr>\n<td>Betriebsart<\/td>\n<td>elektr. reguliert u. beheizt<\/td>\n<\/tr>\n<\/tbody>\n<\/table>\n<\/p><\/div>\n<p>                <span style=\"font-size:1px;color:white\">LKW, NFZ, MAN, TGX, TGM, TGL, TGS, Spiegel, Rampenspiegel, Bordsteinspiegel, \u00fcber T\u00fcr, 24V, beidseitig, rechts, links, beheizt, elektrisch reguliert, Ersatzteil, <\/span><\/p>\n<h4>OE &amp; OEM Referenznummern:<\/h4>\n<p><a href=\"https:\/\/lkw-teile-truckmotive.de\/products\/81637306578\">81637306578<\/a>, <a href=\"https:\/\/lkw-teile-truckmotive.de\/products\/81637306735\">81637306735<\/a><\/p>\n<p><span style=\"font-size:12px\"><b>Hinweis: <\/b><br \/>Alle aufgef\u00fchrten Marken, Referenzen sowie Vergleichsnummern dienen lediglich dem Vergleichszweck.<br \/>\nDie angebotenen Artikel sind, sofern nicht anders angegeben, Nachbauteile in Erstausr\u00fcsterqualit\u00e4t.<\/span><\/p>\n<details>\n<summary style=\"cursor: pointer;color: #06c;font-size: 15px\">Herstellerinformation<\/summary>\n<div class=\"manufacturer-info\" style=\"padding: 10px;border: 1px solid #888;margin-top: 10px;background-color: #f9f9f9\">\n<p><b>Truckmotive GmbH<\/b><br \/>Welschenkamp 18<br \/>DE-47138 Duisburg &#8211; DE<br \/>Tel.: <br \/>Mail: hallo@truckmotive.de<\/p>\n<\/p><\/div>\n<\/details><\/div>\n","protected":false},"excerpt":{"rendered":"<div style=\"font-size:15px\">\n<p style=\"font-size:17px;color:black\"><b>Lieferumfang:<\/b><\/p>\n<p style=\"padding-top:6px\">1x Bordsteinspiegel<\/p>\n<p><\/br><\/p>\n<p style=\"font-size:17px;color:black\"><b>Passend f\u00fcr<\/b><\/p>\n<ul style=\"padding-top:6px\">\n<li>MAN TGX, TGM, TGL, TGS<\/li>\n<\/ul>\n<p><span style=\"font-size:12px\">Das Ersatzteil passt unter anderem f\u00fcr die oben genannten Modelle. Bitte pr\u00fcfen Sie die Ersatzteil-Nummer, um eine Fehlbestellung zu vermeiden. Nicht sicher, ob das Teil passt? Kontaktieren Sie uns!<\/span><\/p>\n<\/div>\n","protected":false},"featured_media":174451,"comment_status":"open","ping_status":"closed","template":"","meta":[],"_links":{"self":[{"href":"https:\/\/lkw-teile-truckmotive.de\/index.php\/wp-json\/wp\/v2\/product\/110269"}],"collection":[{"href":"https:\/\/lkw-teile-truckmotive.de\/index.php\/wp-json\/wp\/v2\/product"}],"about":[{"href":"https:\/\/lkw-teile-truckmotive.de\/index.php\/wp-json\/wp\/v2\/types\/product"}],"replies":[{"embeddable":true,"href":"https:\/\/lkw-teile-truckmotive.de\/index.php\/wp-json\/wp\/v2\/comments?post=110269"}],"wp:featuredmedia":[{"embeddable":true,"href":"https:\/\/lkw-teile-truckmotive.de\/index.php\/wp-json\/wp\/v2\/media\/174451"}],"wp:attachment":[{"href":"https:\/\/lkw-teile-truckmotive.de\/index.php\/wp-json\/wp\/v2\/media?parent=110269"}],"curies":[{"name":"wp","href":"https:\/\/api.w.org\/{rel}","templated":true}]}}