{"id":113086,"date":"2024-04-12T15:10:04","date_gmt":"2024-04-12T13:10:04","guid":{"rendered":"https:\/\/lkw-teile-truckmotive.de\/index.php\/produkt\/steuergeraet-ecas-bedienteil-vgl-4460561170-universal-einsetzbar-fuer-anhaenger-mit-liftachse"},"modified":"2026-03-24T15:46:08","modified_gmt":"2026-03-24T14:46:08","slug":"steuergeraet-ecas-bedienteil-vgl-4460561170-universal-einsetzbar-fuer-anhaenger-mit-liftachse","status":"publish","type":"product","link":"https:\/\/lkw-teile-truckmotive.de\/index.php\/produkt\/steuergeraet-ecas-bedienteil-vgl-4460561170-universal-einsetzbar-fuer-anhaenger-mit-liftachse","title":{"rendered":"Steuerger\u00e4t ECAS Bedienteil vgl. 4460561170  Universal einsetzbar f\u00fcr Anh\u00e4nger mit Liftachse"},"content":{"rendered":"<div style=\"font-size:15px\">\n<h4>Steuerger\u00e4t ECAS Bedienteil vgl. 4460561170  Universal einsetzbar f\u00fcr Anh\u00e4nger mit Liftachse<\/h4>\n<div class=\"table_info\">\n<p>ECAS Bedienteil f\u00fcr Anh\u00e4nger mit Liftachse<br \/>\nQualitativ hochwertiger Nachbauartikel<\/p>\n<table>\n<tr>\n<td>Ausf\u00fchrung<\/td>\n<td>f\u00fcr Anh\u00e4nger<\/td>\n<\/tr>\n<tr>\n<td>Elektrische Verbindung<\/td>\n<td>Bayonett 9-polig<\/td>\n<\/tr>\n<tr>\n<td>Spannung<\/td>\n<td>24 V<\/td>\n<\/tr>\n<\/table>\n<\/p><\/div>\n<p>                <span style=\"font-size:1px;color:white\">Bedienungsvorrichtung, Bedienteil, ECAS, Liftachse, steuerung, Bedienger\u00e4t, Luftfederung, LKW, NFZ, Anh\u00e4nger, Trailer, Ersatzteil, 24V<\/span><\/p>\n<h4>OE &amp; OEM Referenznummern:<\/h4>\n<p><a href=\"https:\/\/lkw-teile-truckmotive.de\/products\/4460561170\">4460561170<\/a>, <a href=\"https:\/\/lkw-teile-truckmotive.de\/products\/50670\">50670<\/a>, <a href=\"https:\/\/lkw-teile-truckmotive.de\/products\/164782\">164782<\/a>, <a href=\"https:\/\/lkw-teile-truckmotive.de\/products\/324726\">324726<\/a>, <a href=\"https:\/\/lkw-teile-truckmotive.de\/products\/337815\">337815<\/a>, <a href=\"https:\/\/lkw-teile-truckmotive.de\/products\/1096900\">1096900<\/a>, <a href=\"https:\/\/lkw-teile-truckmotive.de\/products\/1213760\">1213760<\/a>, <a href=\"https:\/\/lkw-teile-truckmotive.de\/products\/1289720\">1289720<\/a>, <a href=\"https:\/\/lkw-teile-truckmotive.de\/products\/1505289\">1505289<\/a>, <a href=\"https:\/\/lkw-teile-truckmotive.de\/products\/1912303\">1912303<\/a>, <a href=\"https:\/\/lkw-teile-truckmotive.de\/products\/4435105\">4435105<\/a>, <a href=\"https:\/\/lkw-teile-truckmotive.de\/products\/5810488\">5810488<\/a>, <a href=\"https:\/\/lkw-teile-truckmotive.de\/products\/5813775\">5813775<\/a>, <a href=\"https:\/\/lkw-teile-truckmotive.de\/products\/58104880\">58104880<\/a>, <a href=\"https:\/\/lkw-teile-truckmotive.de\/products\/760561170\">760561170<\/a>, <a href=\"https:\/\/lkw-teile-truckmotive.de\/products\/4460560070\">4460560070<\/a>, <a href=\"https:\/\/lkw-teile-truckmotive.de\/products\/4460560110\">4460560110<\/a>, <a href=\"https:\/\/lkw-teile-truckmotive.de\/products\/4460560140\">4460560140<\/a>, <a href=\"https:\/\/lkw-teile-truckmotive.de\/products\/4460560160\">4460560160<\/a>, <a href=\"https:\/\/lkw-teile-truckmotive.de\/products\/4460560170\">4460560170<\/a>, <a href=\"https:\/\/lkw-teile-truckmotive.de\/products\/4460560180\">4460560180<\/a>, <a href=\"https:\/\/lkw-teile-truckmotive.de\/products\/4460560210\">4460560210<\/a>, <a href=\"https:\/\/lkw-teile-truckmotive.de\/products\/4460560240\">4460560240<\/a>, <a href=\"https:\/\/lkw-teile-truckmotive.de\/products\/4460560270\">4460560270<\/a>, <a href=\"https:\/\/lkw-teile-truckmotive.de\/products\/4460560280\">4460560280<\/a>, <a href=\"https:\/\/lkw-teile-truckmotive.de\/products\/4460560290\">4460560290<\/a>, <a href=\"https:\/\/lkw-teile-truckmotive.de\/products\/4460560320\">4460560320<\/a>, <a href=\"https:\/\/lkw-teile-truckmotive.de\/products\/4460560350\">4460560350<\/a><\/p>\n<p><span style=\"font-size:12px\"><b>Hinweis: <\/b><br \/>Alle aufgef\u00fchrten Marken, Referenzen sowie Vergleichsnummern dienen lediglich dem Vergleichszweck.<br \/>\nDie angebotenen Artikel sind, sofern nicht anders angegeben, Nachbauteile in Erstausr\u00fcsterqualit\u00e4t.<\/span><\/p>\n<details>\n<summary style=\"cursor: pointer;color: #06c;font-size: 15px\">Herstellerinformation<\/summary>\n<div class=\"manufacturer-info\" style=\"padding: 10px;border: 1px solid #888;margin-top: 10px;background-color: #f9f9f9\">\n<p><b>Truckmotive GmbH<\/b><br \/>Welschenkamp 18<br \/>DE-47138 Duisburg &#8211; DE<br \/>Tel.: <br \/>Mail: hallo@truckmotive.de<\/p>\n<\/p><\/div>\n<\/details><\/div>\n","protected":false},"excerpt":{"rendered":"<div style=\"font-size:15px\">\n<p style=\"font-size:17px;color:black\"><b>Lieferumfang:<\/b><\/p>\n<p style=\"padding-top:6px\">1x ECAS Bedienteil<\/p>\n<p><\/br><\/p>\n<p style=\"font-size:17px;color:black\"><b>Passend f\u00fcr<\/b><\/p>\n<ul style=\"padding-top:6px\">\n<li>Anh\u00e4nger mit Liftachse 24V<\/li>\n<\/ul>\n<p><span style=\"font-size:12px\">Das Ersatzteil passt unter anderem f\u00fcr die oben genannten Modelle. Bitte pr\u00fcfen Sie die Ersatzteil-Nummer, um eine Fehlbestellung zu vermeiden. Nicht sicher, ob das Teil passt? Kontaktieren Sie uns!<\/span><\/p>\n<\/div>\n","protected":false},"featured_media":177798,"comment_status":"open","ping_status":"closed","template":"","meta":[],"_links":{"self":[{"href":"https:\/\/lkw-teile-truckmotive.de\/index.php\/wp-json\/wp\/v2\/product\/113086"}],"collection":[{"href":"https:\/\/lkw-teile-truckmotive.de\/index.php\/wp-json\/wp\/v2\/product"}],"about":[{"href":"https:\/\/lkw-teile-truckmotive.de\/index.php\/wp-json\/wp\/v2\/types\/product"}],"replies":[{"embeddable":true,"href":"https:\/\/lkw-teile-truckmotive.de\/index.php\/wp-json\/wp\/v2\/comments?post=113086"}],"wp:featuredmedia":[{"embeddable":true,"href":"https:\/\/lkw-teile-truckmotive.de\/index.php\/wp-json\/wp\/v2\/media\/177798"}],"wp:attachment":[{"href":"https:\/\/lkw-teile-truckmotive.de\/index.php\/wp-json\/wp\/v2\/media?parent=113086"}],"curies":[{"name":"wp","href":"https:\/\/api.w.org\/{rel}","templated":true}]}}