{"id":113180,"date":"2024-04-15T11:42:05","date_gmt":"2024-04-15T09:42:05","guid":{"rendered":"https:\/\/lkw-teile-truckmotive.de\/index.php\/produkt\/ventil-ueberstroemventil-vgl-4341002200-passend-fuer-mercedes-benz-lk2-ln2-mk-ng-sk-t2-l-daf-f2500"},"modified":"2025-05-11T18:27:20","modified_gmt":"2025-05-11T16:27:20","slug":"ventil-ueberstroemventil-vgl-4341002200-passend-fuer-mercedes-benz-lk2-ln2-mk-ng-sk-t2-l-daf-f2500","status":"publish","type":"product","link":"https:\/\/lkw-teile-truckmotive.de\/index.php\/produkt\/ventil-ueberstroemventil-vgl-4341002200-passend-fuer-mercedes-benz-lk2-ln2-mk-ng-sk-t2-l-daf-f2500","title":{"rendered":"Ventil \u00dcberstr\u00f6mventil vgl. 4341002200 passend f\u00fcr Mercedes-Benz LK2, LN2, MK, NG, SK T2\/L, DAF F2500"},"content":{"rendered":"<div style=\"font-size:15px\">\n<h4>Ventil \u00dcberstr\u00f6mventil vgl. 4341002200 passend f\u00fcr Mercedes-Benz LK2, LN2, MK, NG, SK T2\/L, DAF F2500<\/h4>\n<div class=\"table_info\">\n<p>\u00dcberstr\u00f6mventil<br \/>\nQualitativ hochwertiger Nachbauartikel<\/p>\n<table>\n<tbody>\n<tr>\n<td>Gewindema\u00df<\/td>\n<td>M22 x 1,5<\/td>\n<\/tr>\n<tr>\n<td>Betriebsdruck max.<\/td>\n<td>20 Bar<\/td>\n<\/tr>\n<tr>\n<td>\u00d6ffnungsdruck<\/td>\n<td>4.5 Bar<\/td>\n<\/tr>\n<tr>\n<td>Schlie\u00dfdruck<\/td>\n<td>3.5 Bar<\/td>\n<\/tr>\n<\/tbody>\n<\/table>\n<\/p><\/div>\n<p>                <span style=\"font-size:1px;color:white\">LKW, NFZ, Ersatz, Teil, Ersatzteil, Austausch, Reparatur, Wartung, \u00dcberholung, \u00dcberstr\u00f6m, Ventil, Druck, Druckluft, Anlage, Anh\u00e4nger, Trailer, Benalu, Auflieger, Bar, DAF, Mercedes, Benz<\/span><\/p>\n<h4>OE &amp; OEM Referenznummern:<\/h4>\n<p><a href=\"https:\/\/lkw-teile-truckmotive.de\/products\/0110443\">0110443<\/a>, <a href=\"https:\/\/lkw-teile-truckmotive.de\/products\/42040890\">42040890<\/a>, <a href=\"https:\/\/lkw-teile-truckmotive.de\/products\/0004294744\">0004294744<\/a>, <a href=\"https:\/\/lkw-teile-truckmotive.de\/products\/0175890\">0175890<\/a>, <a href=\"https:\/\/lkw-teile-truckmotive.de\/products\/122571003\">122571003<\/a>, <a href=\"https:\/\/lkw-teile-truckmotive.de\/products\/0014295144\">0014295144<\/a>, <a href=\"https:\/\/lkw-teile-truckmotive.de\/products\/179171\">179171<\/a>, <a href=\"https:\/\/lkw-teile-truckmotive.de\/products\/0004297544\">0004297544<\/a>, <a href=\"https:\/\/lkw-teile-truckmotive.de\/products\/0004296244\">0004296244<\/a>, <a href=\"https:\/\/lkw-teile-truckmotive.de\/products\/745081\">745081<\/a>, <a href=\"https:\/\/lkw-teile-truckmotive.de\/products\/03426283\">03426283<\/a>, <a href=\"https:\/\/lkw-teile-truckmotive.de\/products\/0644255\">0644255<\/a>, <a href=\"https:\/\/lkw-teile-truckmotive.de\/products\/0004311606\">0004311606<\/a>, <a href=\"https:\/\/lkw-teile-truckmotive.de\/products\/0110443A\">0110443A<\/a>, <a href=\"https:\/\/lkw-teile-truckmotive.de\/products\/0034294744\">0034294744<\/a>, <a href=\"https:\/\/lkw-teile-truckmotive.de\/products\/3429299\">3429299<\/a>, <a href=\"https:\/\/lkw-teile-truckmotive.de\/products\/5000284127\">5000284127<\/a>, <a href=\"https:\/\/lkw-teile-truckmotive.de\/products\/02516828\">02516828<\/a>, <a href=\"https:\/\/lkw-teile-truckmotive.de\/products\/5021170108\">5021170108<\/a>, <a href=\"https:\/\/lkw-teile-truckmotive.de\/products\/0179171\">0179171<\/a>, <a href=\"https:\/\/lkw-teile-truckmotive.de\/products\/175890\">175890<\/a>, <a href=\"https:\/\/lkw-teile-truckmotive.de\/products\/3426283\">3426283<\/a>, <a href=\"https:\/\/lkw-teile-truckmotive.de\/products\/0745081\">0745081<\/a>, <a href=\"https:\/\/lkw-teile-truckmotive.de\/products\/03429299\">03429299<\/a>, <a href=\"https:\/\/lkw-teile-truckmotive.de\/products\/0110443R\">0110443R<\/a>, <a href=\"https:\/\/lkw-teile-truckmotive.de\/products\/0584333\">0584333<\/a>, <a href=\"https:\/\/lkw-teile-truckmotive.de\/products\/81521106013\">81521106013<\/a>, <a href=\"https:\/\/lkw-teile-truckmotive.de\/products\/584333\">584333<\/a>, <a href=\"https:\/\/lkw-teile-truckmotive.de\/products\/110443A\">110443A<\/a>, <a href=\"https:\/\/lkw-teile-truckmotive.de\/products\/0014297544\">0014297544<\/a>, <a href=\"https:\/\/lkw-teile-truckmotive.de\/products\/2516828\">2516828<\/a>, <a href=\"https:\/\/lkw-teile-truckmotive.de\/products\/110443R\">110443R<\/a>, <a href=\"https:\/\/lkw-teile-truckmotive.de\/products\/81521106041\">81521106041<\/a>, <a href=\"https:\/\/lkw-teile-truckmotive.de\/products\/0014293544\">0014293544<\/a>, <a href=\"https:\/\/lkw-teile-truckmotive.de\/products\/644255\">644255<\/a>, <a href=\"https:\/\/lkw-teile-truckmotive.de\/products\/110443\">110443<\/a>, <a href=\"https:\/\/lkw-teile-truckmotive.de\/products\/314014001\">314014001<\/a>, <a href=\"https:\/\/lkw-teile-truckmotive.de\/products\/4341002200\">4341002200<\/a><\/p>\n<p><span style=\"font-size:12px\"><b>Hinweis: <\/b><br \/>Alle aufgef\u00fchrten Marken, Referenzen sowie Vergleichsnummern dienen lediglich dem Vergleichszweck.<br \/>\nDie angebotenen Artikel sind, sofern nicht anders angegeben, Nachbauteile in Erstausr\u00fcsterqualit\u00e4t.<\/span><\/p>\n<details>\n<summary style=\"cursor: pointer;color: #06c;font-size: 15px\">Herstellerinformation<\/summary>\n<div class=\"manufacturer-info\" style=\"padding: 10px;border: 1px solid #888;margin-top: 10px;background-color: #f9f9f9\">\n<p><b>Truckmotive GmbH<\/b><br \/>Welschenkamp 18<br \/>DE-47138 Duisburg &#8211; DE<br \/>Tel.: <br \/>Mail: hallo@truckmotive.de<\/p>\n<\/p><\/div>\n<\/details><\/div>\n","protected":false},"excerpt":{"rendered":"<div style=\"font-size:15px\">\n<p style=\"font-size:17px;color:black\"><b>Lieferumfang:<\/b><\/p>\n<p style=\"padding-top:6px\">1x \u00dcberstr\u00f6mventil<\/p>\n<p><\/br><\/p>\n<p style=\"font-size:17px;color:black\"><b>Passend f\u00fcr<\/b><\/p>\n<ul style=\"padding-top:6px\">\n<li>DAF F2500<\/li>\n<li>Mercedes-Benz LK2, LN2, MK, NG, SK T2\/L<\/li>\n<\/ul>\n<p><span style=\"font-size:12px\">Das Ersatzteil passt unter anderem f\u00fcr die oben genannten Modelle. Bitte pr\u00fcfen Sie die Ersatzteil-Nummer, um eine Fehlbestellung zu vermeiden. Nicht sicher, ob das Teil passt? Kontaktieren Sie uns!<\/span><\/p>\n<\/div>\n","protected":false},"featured_media":152037,"comment_status":"open","ping_status":"closed","template":"","meta":[],"_links":{"self":[{"href":"https:\/\/lkw-teile-truckmotive.de\/index.php\/wp-json\/wp\/v2\/product\/113180"}],"collection":[{"href":"https:\/\/lkw-teile-truckmotive.de\/index.php\/wp-json\/wp\/v2\/product"}],"about":[{"href":"https:\/\/lkw-teile-truckmotive.de\/index.php\/wp-json\/wp\/v2\/types\/product"}],"replies":[{"embeddable":true,"href":"https:\/\/lkw-teile-truckmotive.de\/index.php\/wp-json\/wp\/v2\/comments?post=113180"}],"wp:featuredmedia":[{"embeddable":true,"href":"https:\/\/lkw-teile-truckmotive.de\/index.php\/wp-json\/wp\/v2\/media\/152037"}],"wp:attachment":[{"href":"https:\/\/lkw-teile-truckmotive.de\/index.php\/wp-json\/wp\/v2\/media?parent=113180"}],"curies":[{"name":"wp","href":"https:\/\/api.w.org\/{rel}","templated":true}]}}