{"id":117818,"date":"2024-06-26T15:31:05","date_gmt":"2024-06-26T13:31:05","guid":{"rendered":"https:\/\/lkw-teile-truckmotive.de\/index.php\/produkt\/abdeckung-staubkappe-gelb-fuer-alle-gaengigen-kupplungskoepfe"},"modified":"2026-03-29T17:16:42","modified_gmt":"2026-03-29T15:16:42","slug":"abdeckung-staubkappe-gelb-fuer-alle-gaengigen-kupplungskoepfe","status":"publish","type":"product","link":"https:\/\/lkw-teile-truckmotive.de\/index.php\/produkt\/abdeckung-staubkappe-gelb-fuer-alle-gaengigen-kupplungskoepfe","title":{"rendered":"Abdeckung Staubkappe gelb f\u00fcr alle g\u00e4ngigen Kupplungsk\u00f6pfe"},"content":{"rendered":"<div style=\"font-size:15px\">\n<h4>Abdeckung Staubkappe gelb f\u00fcr alle g\u00e4ngigen Kupplungsk\u00f6pfe<\/h4>\n<div class=\"table_info\">\n<p>Staubkappen f\u00fcr alle g\u00e4ngigen Kupplungsk\u00f6pfe<\/p>\n<table>\n<tbody>\n<tr>\n<td>Kupplungskopf<\/td>\n<td>f\u00fcr Standard &amp; Automatik<\/td>\n<\/tr>\n<tr>\n<td>Einbau<\/td>\n<td>Universal<\/td>\n<\/tr>\n<\/tbody>\n<\/table>\n<\/p><\/div>\n<p>                <span style=\"font-size:1px;color:white\">ohne Ventil, Schutzkappe, Staubdeckel, Staubkappe, Staubschutzkappe, Traktor, Auflieger, Zugmaschine, Anh\u00e4nger, NFZ, LKW, Kappe, Ersatzkappe, rot, gelb, Standard und Automatik, M16 und M22, Bremsanlage, Universal, Trailer, mit Ventil, Deckel, Agrar, Kupplungsk\u00f6pfe, Kupplungskopf mit Leitungsfilter<\/span><\/p>\n<h4>OE &amp; OEM Referenznummern:<\/h4>\n<p><a href=\"https:\/\/lkw-teile-truckmotive.de\/products\/9522000220\">9522000220<\/a>, <a href=\"https:\/\/lkw-teile-truckmotive.de\/products\/II17355\">II17355<\/a>, <a href=\"https:\/\/lkw-teile-truckmotive.de\/products\/9522002220\">9522002220<\/a>, <a href=\"https:\/\/lkw-teile-truckmotive.de\/products\/II17354\">II17354<\/a>, <a href=\"https:\/\/lkw-teile-truckmotive.de\/products\/4522000210\">4522000210<\/a>, <a href=\"https:\/\/lkw-teile-truckmotive.de\/products\/9522002210\">9522002210<\/a>, <a href=\"https:\/\/lkw-teile-truckmotive.de\/products\/4522000120\">4522000120<\/a>, <a href=\"https:\/\/lkw-teile-truckmotive.de\/products\/II33262\">II33262<\/a>, <a href=\"https:\/\/lkw-teile-truckmotive.de\/products\/4522002120\">4522002120<\/a>, <a href=\"https:\/\/lkw-teile-truckmotive.de\/products\/4522000110\">4522000110<\/a>, <a href=\"https:\/\/lkw-teile-truckmotive.de\/products\/II33263\">II33263<\/a>, <a href=\"https:\/\/lkw-teile-truckmotive.de\/products\/4522002110\">4522002110<\/a><\/p>\n<p><span style=\"font-size:12px\"><b>Hinweis: <\/b><br \/>Alle aufgef\u00fchrten Marken, Referenzen sowie Vergleichsnummern dienen lediglich dem Vergleichszweck.<br \/>\nDie angebotenen Artikel sind, sofern nicht anders angegeben, Nachbauteile in Erstausr\u00fcsterqualit\u00e4t.<\/span><\/p>\n<details>\n<summary style=\"cursor: pointer;color: #06c;font-size: 15px\">Herstellerinformation<\/summary>\n<div class=\"manufacturer-info\" style=\"padding: 10px;border: 1px solid #888;margin-top: 10px;background-color: #f9f9f9\">\n<p><b>Truckmotive GmbH<\/b><br \/>Welschenkamp 18<br \/>DE-47138 Duisburg &#8211; DE<br \/>Tel.: <br \/>Mail: hallo@truckmotive.de<\/p>\n<\/p><\/div>\n<\/details><\/div>\n","protected":false},"excerpt":{"rendered":"<div style=\"font-size:15px\">\n<p style=\"font-size:17px;color:black\"><b>Lieferumfang:<\/b><\/p>\n<p style=\"padding-top:6px\">1x Staubkappe<\/p>\n<p><\/br><\/p>\n<p style=\"font-size:17px;color:black\"><b>Passend f\u00fcr<\/b><\/p>\n<ul style=\"padding-top:6px\">\n<li>Universal einsetzbar<\/li>\n<\/ul>\n<p><span style=\"font-size:12px\">Das Ersatzteil passt unter anderem f\u00fcr die oben genannten Modelle. Bitte pr\u00fcfen Sie die Ersatzteil-Nummer, um eine Fehlbestellung zu vermeiden. Nicht sicher, ob das Teil passt? Kontaktieren Sie uns!<\/span><\/p>\n<\/div>\n","protected":false},"featured_media":178083,"comment_status":"open","ping_status":"closed","template":"","meta":[],"_links":{"self":[{"href":"https:\/\/lkw-teile-truckmotive.de\/index.php\/wp-json\/wp\/v2\/product\/117818"}],"collection":[{"href":"https:\/\/lkw-teile-truckmotive.de\/index.php\/wp-json\/wp\/v2\/product"}],"about":[{"href":"https:\/\/lkw-teile-truckmotive.de\/index.php\/wp-json\/wp\/v2\/types\/product"}],"replies":[{"embeddable":true,"href":"https:\/\/lkw-teile-truckmotive.de\/index.php\/wp-json\/wp\/v2\/comments?post=117818"}],"wp:featuredmedia":[{"embeddable":true,"href":"https:\/\/lkw-teile-truckmotive.de\/index.php\/wp-json\/wp\/v2\/media\/178083"}],"wp:attachment":[{"href":"https:\/\/lkw-teile-truckmotive.de\/index.php\/wp-json\/wp\/v2\/media?parent=117818"}],"curies":[{"name":"wp","href":"https:\/\/api.w.org\/{rel}","templated":true}]}}