{"id":118291,"date":"2024-07-04T15:42:06","date_gmt":"2024-07-04T13:42:06","guid":{"rendered":"https:\/\/lkw-teile-truckmotive.de\/index.php\/produkt\/steuergeraet-foerdermodul-harnstoff-adblue-81154036134-uda2-7-5-ofx-24-passend-fuer-man-tgs-tgm-tgl-tgx-euro6-11r-oe"},"modified":"2026-01-10T12:16:40","modified_gmt":"2026-01-10T11:16:40","slug":"steuergeraet-foerdermodul-harnstoff-adblue-81154036134-uda2-7-5-ofx-24-passend-fuer-man-tgs-tgm-tgl-tgx-euro6-11r-oe","status":"publish","type":"product","link":"https:\/\/lkw-teile-truckmotive.de\/index.php\/produkt\/steuergeraet-foerdermodul-harnstoff-adblue-81154036134-uda2-7-5-ofx-24-passend-fuer-man-tgs-tgm-tgl-tgx-euro6-11r-oe","title":{"rendered":"Steuerger\u00e4t F\u00f6rdermodul Harnstoff Adblue UDA2 7.5-OFX-24 passend f\u00fcr MAN TGS TGM TGL TGX Euro6"},"content":{"rendered":"<div style=\"font-size:15px\">\n<h4>Steuerger\u00e4t F\u00f6rdermodul Harnstoff Adblue UDA2 7.5-OFX-24 passend f\u00fcr MAN TGS TGM TGL TGX Euro6<\/h4>\n<div class=\"table_info\">\n<p>F\u00f6rdermodul Harnstoff &#8211; Adblue<\/p>\n<table>\n<tbody>\n<tr>\n<td>Gewicht<\/td>\n<td>4300g<\/td>\n<\/tr>\n<tr>\n<td>F\u00fcr OE-Nummer<\/td>\n<td>81154036134<\/td>\n<\/tr>\n<tr>\n<td>Typ<\/td>\n<td>UDA2 7.5-OFX-24<\/td>\n<\/tr>\n<tr>\n<td>Pr\u00fcfzeichen<\/td>\n<td>E24<\/td>\n<\/tr>\n<tr>\n<td>Spannung<\/td>\n<td>24 V<\/td>\n<\/tr>\n<tr>\n<td>Originalteil<\/td>\n<td>Ja<\/td>\n<\/tr>\n<\/tbody>\n<\/table>\n<\/p><\/div>\n<p>                <span style=\"font-size:1px;color:white\">AdBlue, Harnstoff, F\u00f6rdermodul, Harnstofff\u00f6rdermodul, Harnstoffeinspritzung, MAN, Bus, Neoplan, UDA2 7.5-OFX-24, <\/span><\/p>\n<h4>OE &amp; OEM Referenznummern:<\/h4>\n<p><a href=\"https:\/\/lkw-teile-truckmotive.de\/products\/81154036134\">81154036134<\/a>, <a href=\"https:\/\/lkw-teile-truckmotive.de\/products\/81154036117\">81154036117<\/a>, <a href=\"https:\/\/lkw-teile-truckmotive.de\/products\/81154036118\">81154036118<\/a>, <a href=\"https:\/\/lkw-teile-truckmotive.de\/products\/81154036134\">81154036134<\/a>, <a href=\"https:\/\/lkw-teile-truckmotive.de\/products\/81154036138\">81154036138<\/a>, <a href=\"https:\/\/lkw-teile-truckmotive.de\/products\/81154036139\">81154036139<\/a>, <a href=\"https:\/\/lkw-teile-truckmotive.de\/products\/81154036146\">81154036146<\/a>, <a href=\"https:\/\/lkw-teile-truckmotive.de\/products\/81154036157\">81154036157<\/a>, <a href=\"https:\/\/lkw-teile-truckmotive.de\/products\/81154039139\">81154039139<\/a>, <a href=\"https:\/\/lkw-teile-truckmotive.de\/products\/81154039146\">81154039146<\/a>, <a href=\"https:\/\/lkw-teile-truckmotive.de\/products\/81154039157\">81154039157<\/a>, <a href=\"https:\/\/lkw-teile-truckmotive.de\/products\/81154039146\">81154039146<\/a>, <a href=\"https:\/\/lkw-teile-truckmotive.de\/products\/81154039146\">81154039146<\/a><\/p>\n<p><span style=\"font-size:12px\"><b>Hinweis: <\/b><br \/>Alle aufgef\u00fchrten Marken, Referenzen sowie Vergleichsnummern dienen lediglich dem Vergleichszweck.<br \/>\nDie angebotenen Artikel sind, sofern nicht anders angegeben, Nachbauteile in Erstausr\u00fcsterqualit\u00e4t.<\/span><\/p>\n<details>\n<summary style=\"cursor: pointer;color: #06c;font-size: 15px\">Herstellerinformation<\/summary>\n<div class=\"manufacturer-info\" style=\"padding: 10px;border: 1px solid #888;margin-top: 10px;background-color: #f9f9f9\">\n<p>N.A.<\/p>\n<\/p><\/div>\n<\/details><\/div>\n","protected":false},"excerpt":{"rendered":"<div style=\"font-size:15px\">\n<p style=\"font-size:17px;color:black\"><b>Lieferumfang:<\/b><\/p>\n<p style=\"padding-top:6px\">1x F\u00f6rdermodul Harnstoffeinspritzung<\/p>\n<p><\/br><\/p>\n<p style=\"font-size:17px;color:black\"><b>Passend f\u00fcr<\/b><\/p>\n<ul style=\"padding-top:6px\">\n<li>MAN TGL, TGM, TGS, TGX<\/li>\n<li>MAN Bus\/Neoplan S\u00dc, NL\/NG\/ND\/NM, \u00dcL, Lion&#8217;s Centroliner, Cityliner, Jetliner, Skyliner, Starliner, Tourliner, Trendliner, Trolley<\/li>\n<\/ul>\n<p><span style=\"font-size:12px\">Das Ersatzteil passt unter anderem f\u00fcr die oben genannten Modelle. Bitte pr\u00fcfen Sie die Ersatzteil-Nummer, um eine Fehlbestellung zu vermeiden. Nicht sicher, ob das Teil passt? Kontaktieren Sie uns!<\/span><\/p>\n<\/div>\n","protected":false},"featured_media":171928,"comment_status":"open","ping_status":"closed","template":"","meta":[],"_links":{"self":[{"href":"https:\/\/lkw-teile-truckmotive.de\/index.php\/wp-json\/wp\/v2\/product\/118291"}],"collection":[{"href":"https:\/\/lkw-teile-truckmotive.de\/index.php\/wp-json\/wp\/v2\/product"}],"about":[{"href":"https:\/\/lkw-teile-truckmotive.de\/index.php\/wp-json\/wp\/v2\/types\/product"}],"replies":[{"embeddable":true,"href":"https:\/\/lkw-teile-truckmotive.de\/index.php\/wp-json\/wp\/v2\/comments?post=118291"}],"wp:featuredmedia":[{"embeddable":true,"href":"https:\/\/lkw-teile-truckmotive.de\/index.php\/wp-json\/wp\/v2\/media\/171928"}],"wp:attachment":[{"href":"https:\/\/lkw-teile-truckmotive.de\/index.php\/wp-json\/wp\/v2\/media?parent=118291"}],"curies":[{"name":"wp","href":"https:\/\/api.w.org\/{rel}","templated":true}]}}