{"id":120441,"date":"2024-07-25T14:37:09","date_gmt":"2024-07-25T12:37:09","guid":{"rendered":"https:\/\/lkw-teile-truckmotive.de\/index.php\/produkt\/stossdaempfer-zweirohr-oeldruck-oben-auge-unten-auge-430x680-d20-30-62-62-man-tga-tgs-tgx-hinterachse"},"modified":"2026-03-06T10:24:08","modified_gmt":"2026-03-06T09:24:08","slug":"stossdaempfer-zweirohr-oeldruck-oben-auge-unten-auge-430x680-d20-30-62-62-man-tga-tgs-tgx-hinterachse","status":"publish","type":"product","link":"https:\/\/lkw-teile-truckmotive.de\/index.php\/produkt\/stossdaempfer-zweirohr-oeldruck-oben-auge-unten-auge-430x680-d20-30-62-62-man-tga-tgs-tgx-hinterachse","title":{"rendered":"Sto\u00dfd\u00e4mpfer Zweirohr \u00d6ldruck oben Auge unten Auge 430&#215;680 D20\/30 (62, 62) MAN TGA, TGS, TGX Hinterachse"},"content":{"rendered":"<div style=\"font-size:15px\">\n<h4>Sto\u00dfd\u00e4mpfer Zweirohr \u00d6ldruck oben Auge unten Auge 430&#215;680 D20\/30 (62, 62) MAN TGA, TGS, TGX Hinterachse<\/h4>\n<div class=\"table_info\">\n<p>Teleskop-Sto\u00dfd\u00e4mpfer<\/p>\n<table>\n<tbody>\n<tr>\n<td>Einbauposition<\/td>\n<td>Hinterachse<\/td>\n<\/tr>\n<tr>\n<td>Sto\u00dfd\u00e4mpferart<\/td>\n<td>\u00d6ldruck<\/td>\n<\/tr>\n<tr>\n<td>Sto\u00dfd\u00e4mpfer-System<\/td>\n<td>Zweirohr<\/td>\n<\/tr>\n<tr>\n<td>Bauart<\/td>\n<td>Teleskopsto\u00dfd\u00e4mpfer<\/td>\n<\/tr>\n<tr>\n<td>Befestigungsart<\/td>\n<td>oben Auge, unten Auge<\/td>\n<\/tr>\n<tr>\n<td>L\u00e4nge [mm]<\/td>\n<td>430, 680<\/td>\n<\/tr>\n<tr>\n<td>Innendurchmesser 1, 2[mm]<\/td>\n<td>20, 30<\/td>\n<\/tr>\n<tr>\n<td>Anschlussma\u00dfe [mm]<\/td>\n<td>20 x 62, 30 x 62<\/td>\n<\/tr>\n<tr>\n<td>min. L\u00e4nge [mm]<\/td>\n<td>430<\/td>\n<\/tr>\n<tr>\n<td>max. L\u00e4nge [mm]<\/td>\n<td>680<\/td>\n<\/tr>\n<\/tbody>\n<\/table>\n<\/p><\/div>\n<p>                <span style=\"font-size:1px;color:white\">LKW, NFZ, Nutzfahrzeug, Reparatur, Wartung, Ersatz, Teil, Austausch, Ersatzteil, Teleskop, Sto\u00dfd\u00e4mpfer, Auge, Zweirohr, \u00d6ldruck, Hinterachse, D\u00e4mpfer, <\/span><\/p>\n<h4>OE &amp; OEM Referenznummern:<\/h4>\n<p><a href=\"https:\/\/lkw-teile-truckmotive.de\/products\/81437016905\">81437016905<\/a>, <a href=\"https:\/\/lkw-teile-truckmotive.de\/products\/81437026100\">81437026100<\/a>, <a href=\"https:\/\/lkw-teile-truckmotive.de\/products\/131696\">131696<\/a>, <a href=\"https:\/\/lkw-teile-truckmotive.de\/products\/\"><\/a><\/p>\n<p><span style=\"font-size:12px\"><b>Hinweis: <\/b><br \/>Alle aufgef\u00fchrten Marken, Referenzen sowie Vergleichsnummern dienen lediglich dem Vergleichszweck.<br \/>\nDie angebotenen Artikel sind, sofern nicht anders angegeben, Nachbauteile in Erstausr\u00fcsterqualit\u00e4t.<\/span><\/p>\n<details>\n<summary style=\"cursor: pointer;color: #06c;font-size: 15px\">Herstellerinformation<\/summary>\n<div class=\"manufacturer-info\" style=\"padding: 10px;border: 1px solid #888;margin-top: 10px;background-color: #f9f9f9\">\n<p><b>Truckmotive GmbH<\/b><br \/>Welschenkamp 18<br \/>DE-47138 Duisburg &#8211; DE<br \/>Tel.: <br \/>Mail: hallo@truckmotive.de<\/p>\n<\/p><\/div>\n<\/details><\/div>\n","protected":false},"excerpt":{"rendered":"<div style=\"font-size:15px\">\n<p style=\"font-size:17px;color:black\"><b>Lieferumfang:<\/b><\/p>\n<p style=\"padding-top:6px\">1x Sto\u00dfd\u00e4mpfer<\/p>\n<p><\/br><\/p>\n<p style=\"font-size:17px;color:black\"><b>Passend f\u00fcr<\/b><\/p>\n<ul style=\"padding-top:6px\">\n<li>MAN TGA, TGS, TGX<\/li>\n<\/ul>\n<p><span style=\"font-size:12px\">Das Ersatzteil passt unter anderem f\u00fcr die oben genannten Modelle. Bitte pr\u00fcfen Sie die Ersatzteil-Nummer, um eine Fehlbestellung zu vermeiden. Nicht sicher, ob das Teil passt? Kontaktieren Sie uns!<\/span><\/p>\n<\/div>\n","protected":false},"featured_media":176226,"comment_status":"open","ping_status":"closed","template":"","meta":[],"_links":{"self":[{"href":"https:\/\/lkw-teile-truckmotive.de\/index.php\/wp-json\/wp\/v2\/product\/120441"}],"collection":[{"href":"https:\/\/lkw-teile-truckmotive.de\/index.php\/wp-json\/wp\/v2\/product"}],"about":[{"href":"https:\/\/lkw-teile-truckmotive.de\/index.php\/wp-json\/wp\/v2\/types\/product"}],"replies":[{"embeddable":true,"href":"https:\/\/lkw-teile-truckmotive.de\/index.php\/wp-json\/wp\/v2\/comments?post=120441"}],"wp:featuredmedia":[{"embeddable":true,"href":"https:\/\/lkw-teile-truckmotive.de\/index.php\/wp-json\/wp\/v2\/media\/176226"}],"wp:attachment":[{"href":"https:\/\/lkw-teile-truckmotive.de\/index.php\/wp-json\/wp\/v2\/media?parent=120441"}],"curies":[{"name":"wp","href":"https:\/\/api.w.org\/{rel}","templated":true}]}}