{"id":126803,"date":"2024-10-18T15:31:05","date_gmt":"2024-10-18T13:31:05","guid":{"rendered":"https:\/\/lkw-teile-truckmotive.de\/index.php\/produkt\/oelwanne-original-man-51058016168-passend-fuer-man-tgl-tgm"},"modified":"2026-03-20T09:49:10","modified_gmt":"2026-03-20T08:49:10","slug":"oelwanne-original-man-51058016168-passend-fuer-man-tgl-tgm","status":"publish","type":"product","link":"https:\/\/lkw-teile-truckmotive.de\/index.php\/produkt\/oelwanne-original-man-51058016168-passend-fuer-man-tgl-tgm","title":{"rendered":"\u00d6lwanne Teblox passend f\u00fcr MAN TGL TGM"},"content":{"rendered":"<div style=\"font-size:15px\">\n<h4>\u00d6lwanne Teblox passend f\u00fcr MAN TGL TGM<\/h4>\n<div class=\"table_info\">\n<p>Teblox \u00d6lwanne mit Verschlussschraube<\/p>\n<table>\n<tbody>\n<tr>\n<td>Abmessungen<\/td>\n<td>410x270x540 mm<\/td>\n<\/tr>\n<tr>\n<td>Motorcodes<\/td>\n<td>D0834, D0824<\/td>\n<\/tr>\n<\/tbody>\n<\/table>\n<\/p><\/div>\n<p>                <span style=\"font-size:1px;color:white\">LKW, NFZ, Reparatur, Austausch, Wanne, \u00d6lwanne, \u00d6lsumpf, \u00d6lablass, Kurbelgeh\u00e4use, <\/span><\/p>\n<h4>OE &amp; OEM Referenznummern:<\/h4>\n<p><a href=\"https:\/\/lkw-teile-truckmotive.de\/products\/51058016168\">51058016168<\/a>, <a href=\"https:\/\/lkw-teile-truckmotive.de\/products\/51058015724\">51058015724<\/a>, <a href=\"https:\/\/lkw-teile-truckmotive.de\/products\/51058015602\">51058015602<\/a><\/p>\n<p><span style=\"font-size:12px\"><b>Hinweis: <\/b><br \/>Alle aufgef\u00fchrten Marken, Referenzen sowie Vergleichsnummern dienen lediglich dem Vergleichszweck.<br \/>\nDie angebotenen Artikel sind, sofern nicht anders angegeben, Nachbauteile in Erstausr\u00fcsterqualit\u00e4t.<\/span><\/p>\n<details>\n<summary style=\"cursor: pointer;color: #06c;font-size: 15px\">Herstellerinformation<\/summary>\n<div class=\"manufacturer-info\" style=\"padding: 10px;border: 1px solid #888;margin-top: 10px;background-color: #f9f9f9\">\n<p><b>Truckmotive GmbH<\/b><br \/>Welschenkamp 18<br \/>DE-47138 Duisburg &#8211; DE<br \/>Tel.: <br \/>Mail: hallo@truckmotive.de<\/p>\n<\/p><\/div>\n<\/details><\/div>\n","protected":false},"excerpt":{"rendered":"<div style=\"font-size:15px\">\n<p style=\"font-size:17px;color:black\"><b>Lieferumfang:<\/b><\/p>\n<p style=\"padding-top:6px\">1x \u00d6lwanne<\/p>\n<p><\/br><\/p>\n<p style=\"font-size:17px;color:black\"><b>Passend f\u00fcr<\/b><\/p>\n<ul style=\"padding-top:6px\">\n<li>MAN TGL, TGM (D0834, D0824)<\/li>\n<\/ul>\n<p><span style=\"font-size:12px\">Das Ersatzteil passt unter anderem f\u00fcr die oben genannten Modelle. Bitte pr\u00fcfen Sie die Ersatzteil-Nummer, um eine Fehlbestellung zu vermeiden. Nicht sicher, ob das Teil passt? Kontaktieren Sie uns!<\/span><\/p>\n<\/div>\n","protected":false},"featured_media":177381,"comment_status":"open","ping_status":"closed","template":"","meta":[],"_links":{"self":[{"href":"https:\/\/lkw-teile-truckmotive.de\/index.php\/wp-json\/wp\/v2\/product\/126803"}],"collection":[{"href":"https:\/\/lkw-teile-truckmotive.de\/index.php\/wp-json\/wp\/v2\/product"}],"about":[{"href":"https:\/\/lkw-teile-truckmotive.de\/index.php\/wp-json\/wp\/v2\/types\/product"}],"replies":[{"embeddable":true,"href":"https:\/\/lkw-teile-truckmotive.de\/index.php\/wp-json\/wp\/v2\/comments?post=126803"}],"wp:featuredmedia":[{"embeddable":true,"href":"https:\/\/lkw-teile-truckmotive.de\/index.php\/wp-json\/wp\/v2\/media\/177381"}],"wp:attachment":[{"href":"https:\/\/lkw-teile-truckmotive.de\/index.php\/wp-json\/wp\/v2\/media?parent=126803"}],"curies":[{"name":"wp","href":"https:\/\/api.w.org\/{rel}","templated":true}]}}