{"id":141160,"date":"2025-02-17T15:36:06","date_gmt":"2025-02-17T14:36:06","guid":{"rendered":"https:\/\/lkw-teile-truckmotive.de\/index.php\/produkt\/ventil-anhaengerbremsventil-wabco-9710021520-10bar-m16x15-m22x15-ohne-loeseventil"},"modified":"2025-05-25T14:46:08","modified_gmt":"2025-05-25T12:46:08","slug":"ventil-anhaengerbremsventil-wabco-9710021520-10bar-m16x15-m22x15-ohne-loeseventil","status":"publish","type":"product","link":"https:\/\/lkw-teile-truckmotive.de\/index.php\/produkt\/ventil-anhaengerbremsventil-wabco-9710021520-10bar-m16x15-m22x15-ohne-loeseventil","title":{"rendered":"Ventil Anh\u00e4ngerbremsventil Wabco 9710021520 10bar M16x1,5 M22x1,5 ohne L\u00f6seventil"},"content":{"rendered":"<div style=\"font-size:15px\">\n<h4>Ventil Anh\u00e4ngerbremsventil Wabco 9710021520 10bar M16x1,5 M22x1,5 ohne L\u00f6seventil<\/h4>\n<div class=\"table_info\">\n<p>WABCO Anh\u00e4nger-Bremsventil<\/p>\n<table>\n<tbody>\n<tr>\n<td>Betriebsdruck max.<\/td>\n<td>10 bar<\/td>\n<\/tr>\n<tr>\n<td>Einstellbereich<\/td>\n<td>1 bar<\/td>\n<\/tr>\n<tr>\n<td>Baumuster<\/td>\n<td>Nur Notfallventil<\/td>\n<\/tr>\n<tr>\n<td>Gewindema\u00dfe 1<\/td>\n<td>4x M16 x 1,5<\/td>\n<\/tr>\n<tr>\n<td>Gewindema\u00dfe 2<\/td>\n<td>2x M22 x 1,5<\/td>\n<\/tr>\n<tr>\n<td>Zus\u00e4tzliche Info<\/td>\n<td>Entl\u00fcftung<\/td>\n<\/tr>\n<\/tbody>\n<\/table>\n<\/p><\/div>\n<p>                <span style=\"font-size:1px;color:white\">LKW, NFZ, Ersatz, Teil, Ersatzteil, Austausch, Reparatur, Wartung, \u00dcberholung, Anh\u00e4nger, Ventil, Steuerung, Anh\u00e4ngersteuerventil, Drucksteuerventil, Druck, Bremsventil, Anh\u00e4ngerbremsventil, Steuerventil, <\/span><\/p>\n<h4>OE &amp; OEM Referenznummern:<\/h4>\n<p><a href=\"https:\/\/lkw-teile-truckmotive.de\/products\/9710021520\">9710021520<\/a>, <a href=\"https:\/\/lkw-teile-truckmotive.de\/products\/9710021520\">9710021520<\/a>, <a href=\"https:\/\/lkw-teile-truckmotive.de\/products\/50024\">50024<\/a>, <a href=\"https:\/\/lkw-teile-truckmotive.de\/products\/945017\">945017<\/a>, <a href=\"https:\/\/lkw-teile-truckmotive.de\/products\/500945017\">500945017<\/a>, <a href=\"https:\/\/lkw-teile-truckmotive.de\/products\/1325335\">1325335<\/a>, <a href=\"https:\/\/lkw-teile-truckmotive.de\/products\/1518258\">1518258<\/a>, <a href=\"https:\/\/lkw-teile-truckmotive.de\/products\/1519296\">1519296<\/a>, <a href=\"https:\/\/lkw-teile-truckmotive.de\/products\/1519297R\">1519297R<\/a>, <a href=\"https:\/\/lkw-teile-truckmotive.de\/products\/2090066\">2090066<\/a>, <a href=\"https:\/\/lkw-teile-truckmotive.de\/products\/2090065\">2090065<\/a>, <a href=\"https:\/\/lkw-teile-truckmotive.de\/products\/1738444\">1738444<\/a>, <a href=\"https:\/\/lkw-teile-truckmotive.de\/products\/2090068\">2090068<\/a>, <a href=\"https:\/\/lkw-teile-truckmotive.de\/products\/7110000\">7110000<\/a>, <a href=\"https:\/\/lkw-teile-truckmotive.de\/products\/1133359\">1133359<\/a>, <a href=\"https:\/\/lkw-teile-truckmotive.de\/products\/N2521160023\">N2521160023<\/a>, <a href=\"https:\/\/lkw-teile-truckmotive.de\/products\/5021170442\">5021170442<\/a>, <a href=\"https:\/\/lkw-teile-truckmotive.de\/products\/5021170444\">5021170444<\/a>, <a href=\"https:\/\/lkw-teile-truckmotive.de\/products\/5021170443\">5021170443<\/a>, <a href=\"https:\/\/lkw-teile-truckmotive.de\/products\/76275\">76275<\/a>, <a href=\"https:\/\/lkw-teile-truckmotive.de\/products\/605304100\">605304100<\/a>, <a href=\"https:\/\/lkw-teile-truckmotive.de\/products\/1325335R\">1325335R<\/a>, <a href=\"https:\/\/lkw-teile-truckmotive.de\/products\/7078317\">7078317<\/a>, <a href=\"https:\/\/lkw-teile-truckmotive.de\/products\/2101005\">2101005<\/a>, <a href=\"https:\/\/lkw-teile-truckmotive.de\/products\/S9710021520\">S9710021520<\/a>, <a href=\"https:\/\/lkw-teile-truckmotive.de\/products\/4425012600\">4425012600<\/a>, <a href=\"https:\/\/lkw-teile-truckmotive.de\/products\/WA9710021527\">WA9710021527<\/a>, <a href=\"https:\/\/lkw-teile-truckmotive.de\/products\/WA9710021577\">WA9710021577<\/a><\/p>\n<p><span style=\"font-size:12px\"><b>Hinweis: <\/b><br \/>Alle aufgef\u00fchrten Marken, Referenzen sowie Vergleichsnummern dienen lediglich dem Vergleichszweck.<br \/>\nDie angebotenen Artikel sind, sofern nicht anders angegeben, Nachbauteile in Erstausr\u00fcsterqualit\u00e4t.<\/span><\/p>\n<details>\n<summary style=\"cursor: pointer;color: #06c;font-size: 15px\">Herstellerinformation<\/summary>\n<div class=\"manufacturer-info\" style=\"padding: 10px;border: 1px solid #888;margin-top: 10px;background-color: #f9f9f9\">\n<p><b>ZF CV Systems Hannover GmbH Wabco<\/b><br \/>Am Lindener Hafen 21<br \/>DE-30453 Hannover &#8211; DE<br \/>Tel.: <br \/>Mail: direct.cvcs@tf.com<\/p>\n<\/p><\/div>\n<\/details><\/div>\n","protected":false},"excerpt":{"rendered":"<div style=\"font-size:15px\">\n<p style=\"font-size:17px;color:black\"><b>Lieferumfang:<\/b><\/p>\n<p style=\"padding-top:6px\">1x Anh\u00e4ngerbremsventil<\/p>\n<p><\/br><\/p>\n<p style=\"font-size:17px;color:black\"><b>Passend f\u00fcr<\/b><\/p>\n<ul style=\"padding-top:6px\">\n<li>Diverse Auflieger\/Trailer u.a. Schmitz, K\u00f6gel, Krone<\/li>\n<\/ul>\n<p><span style=\"font-size:12px\">Das Ersatzteil passt unter anderem f\u00fcr die oben genannten Modelle. Bitte pr\u00fcfen Sie die Ersatzteil-Nummer, um eine Fehlbestellung zu vermeiden. Nicht sicher, ob das Teil passt? Kontaktieren Sie uns!<\/span><\/p>\n<\/div>\n","protected":false},"featured_media":153745,"comment_status":"open","ping_status":"closed","template":"","meta":[],"_links":{"self":[{"href":"https:\/\/lkw-teile-truckmotive.de\/index.php\/wp-json\/wp\/v2\/product\/141160"}],"collection":[{"href":"https:\/\/lkw-teile-truckmotive.de\/index.php\/wp-json\/wp\/v2\/product"}],"about":[{"href":"https:\/\/lkw-teile-truckmotive.de\/index.php\/wp-json\/wp\/v2\/types\/product"}],"replies":[{"embeddable":true,"href":"https:\/\/lkw-teile-truckmotive.de\/index.php\/wp-json\/wp\/v2\/comments?post=141160"}],"wp:featuredmedia":[{"embeddable":true,"href":"https:\/\/lkw-teile-truckmotive.de\/index.php\/wp-json\/wp\/v2\/media\/153745"}],"wp:attachment":[{"href":"https:\/\/lkw-teile-truckmotive.de\/index.php\/wp-json\/wp\/v2\/media?parent=141160"}],"curies":[{"name":"wp","href":"https:\/\/api.w.org\/{rel}","templated":true}]}}