{"id":141312,"date":"2025-02-19T11:05:05","date_gmt":"2025-02-19T10:05:05","guid":{"rendered":"https:\/\/lkw-teile-truckmotive.de\/index.php\/produkt\/schalldaempfer-geraeuschdaempfer-mit-metallring-druckluftanlage-vgl-4324070700-fuer-druckventile"},"modified":"2026-04-20T11:48:41","modified_gmt":"2026-04-20T09:48:41","slug":"schalldaempfer-geraeuschdaempfer-mit-metallring-druckluftanlage-vgl-4324070700-fuer-druckventile","status":"publish","type":"product","link":"https:\/\/lkw-teile-truckmotive.de\/index.php\/produkt\/schalldaempfer-geraeuschdaempfer-mit-metallring-druckluftanlage-vgl-4324070700-fuer-druckventile","title":{"rendered":"Schalld\u00e4mpfer Ger\u00e4uschd\u00e4mpfer mit Metallring Druckluftanlage vgl. 4324070700 f\u00fcr Druckventile"},"content":{"rendered":"<div style=\"font-size:15px\">\n<h4>Schalld\u00e4mpfer Ger\u00e4uschd\u00e4mpfer mit Metallring Druckluftanlage vgl. 4324070700 f\u00fcr Druckventile<\/h4>\n<div class=\"table_info\">\n<p>Teblox Schalld\u00e4mpfer \/ Ger\u00e4uschd\u00e4mpfer<\/p>\n<table>\n<tbody>\n<tr>\n<td>Einbauposition<\/td>\n<td>Druckventile<\/td>\n<\/tr>\n<tr>\n<td>Au\u00dfendurchmesser<\/td>\n<td>69\/58 mm<\/td>\n<\/tr>\n<tr>\n<td>Innendruchmesser<\/td>\n<td>29 mm<\/td>\n<\/tr>\n<tr>\n<td>H\u00f6he<\/td>\n<td>53 mm<\/td>\n<\/tr>\n<\/tbody>\n<\/table>\n<\/p><\/div>\n<p>                <span style=\"font-size:1px;color:white\">LKW, NFZ, Ersatz, Teil, Ersatzteil, Austausch, Reparatur, Wartung, \u00dcberholung, Luft, Druck, D\u00e4mpfer, Ger\u00e4usche, Schall, Leise, Laut, Druckluftanlage, <\/span><\/p>\n<h4>OE &amp; OEM Referenznummern:<\/h4>\n<p><a href=\"https:\/\/lkw-teile-truckmotive.de\/products\/4324070700\">4324070700<\/a>, <a href=\"https:\/\/lkw-teile-truckmotive.de\/products\/4324070700\">4324070700<\/a>, <a href=\"https:\/\/lkw-teile-truckmotive.de\/products\/331184\">331184<\/a>, <a href=\"https:\/\/lkw-teile-truckmotive.de\/products\/1313854\">1313854<\/a>, <a href=\"https:\/\/lkw-teile-truckmotive.de\/products\/42122263\">42122263<\/a>, <a href=\"https:\/\/lkw-teile-truckmotive.de\/products\/0004302470\">0004302470<\/a>, <a href=\"https:\/\/lkw-teile-truckmotive.de\/products\/42122264\">42122264<\/a>, <a href=\"https:\/\/lkw-teile-truckmotive.de\/products\/81521016226\">81521016226<\/a>, <a href=\"https:\/\/lkw-teile-truckmotive.de\/products\/81521616308\">81521616308<\/a>, <a href=\"https:\/\/lkw-teile-truckmotive.de\/products\/81521616310\">81521616310<\/a>, <a href=\"https:\/\/lkw-teile-truckmotive.de\/products\/82521616024\">82521616024<\/a>, <a href=\"https:\/\/lkw-teile-truckmotive.de\/products\/050227\">050227<\/a>, <a href=\"https:\/\/lkw-teile-truckmotive.de\/products\/50227\">50227<\/a>, <a href=\"https:\/\/lkw-teile-truckmotive.de\/products\/1122348000\">1122348000<\/a>, <a href=\"https:\/\/lkw-teile-truckmotive.de\/products\/286951\">286951<\/a>, <a href=\"https:\/\/lkw-teile-truckmotive.de\/products\/1193201\">1193201<\/a>, <a href=\"https:\/\/lkw-teile-truckmotive.de\/products\/0555388\">0555388<\/a>, <a href=\"https:\/\/lkw-teile-truckmotive.de\/products\/1227404\">1227404<\/a>, <a href=\"https:\/\/lkw-teile-truckmotive.de\/products\/1136034\">1136034<\/a>, <a href=\"https:\/\/lkw-teile-truckmotive.de\/products\/226485\">226485<\/a>, <a href=\"https:\/\/lkw-teile-truckmotive.de\/products\/81521016275\">81521016275<\/a>, <a href=\"https:\/\/lkw-teile-truckmotive.de\/products\/A0004302470\">A0004302470<\/a>, <a href=\"https:\/\/lkw-teile-truckmotive.de\/products\/A0004300970\">A0004300970<\/a>, <a href=\"https:\/\/lkw-teile-truckmotive.de\/products\/A0004300770\">A0004300770<\/a>, <a href=\"https:\/\/lkw-teile-truckmotive.de\/products\/3028745\">3028745<\/a>, <a href=\"https:\/\/lkw-teile-truckmotive.de\/products\/3181131\">3181131<\/a>, <a href=\"https:\/\/lkw-teile-truckmotive.de\/products\/3028744\">3028744<\/a>, <a href=\"https:\/\/lkw-teile-truckmotive.de\/products\/WA4324070700\">WA4324070700<\/a>, <a href=\"https:\/\/lkw-teile-truckmotive.de\/products\/WAB4324070700\">WAB4324070700<\/a>, <a href=\"https:\/\/lkw-teile-truckmotive.de\/products\/0286951\">0286951<\/a>, <a href=\"https:\/\/lkw-teile-truckmotive.de\/products\/5101649000\">5101649000<\/a>, <a href=\"https:\/\/lkw-teile-truckmotive.de\/products\/42122650\">42122650<\/a>, <a href=\"https:\/\/lkw-teile-truckmotive.de\/products\/98404141\">98404141<\/a>, <a href=\"https:\/\/lkw-teile-truckmotive.de\/products\/9432407070\">9432407070<\/a>, <a href=\"https:\/\/lkw-teile-truckmotive.de\/products\/3506-16138X\">3506-16138X<\/a>, <a href=\"https:\/\/lkw-teile-truckmotive.de\/products\/117807\">117807<\/a>, <a href=\"https:\/\/lkw-teile-truckmotive.de\/products\/5010151348\">5010151348<\/a>, <a href=\"https:\/\/lkw-teile-truckmotive.de\/products\/5021170067\">5021170067<\/a>, <a href=\"https:\/\/lkw-teile-truckmotive.de\/products\/0004300770\">0004300770<\/a>, <a href=\"https:\/\/lkw-teile-truckmotive.de\/products\/0004302170\">0004302170<\/a>, <a href=\"https:\/\/lkw-teile-truckmotive.de\/products\/0004300970\">0004300970<\/a>, <a href=\"https:\/\/lkw-teile-truckmotive.de\/products\/1013182\">1013182<\/a>, <a href=\"https:\/\/lkw-teile-truckmotive.de\/products\/1504937\">1504937<\/a>, <a href=\"https:\/\/lkw-teile-truckmotive.de\/products\/81521016241\">81521016241<\/a>, <a href=\"https:\/\/lkw-teile-truckmotive.de\/products\/81521016246\">81521016246<\/a><\/p>\n<p><span style=\"font-size:12px\"><b>Hinweis: <\/b><br \/>Alle aufgef\u00fchrten Marken, Referenzen sowie Vergleichsnummern dienen lediglich dem Vergleichszweck.<br \/>\nDie angebotenen Artikel sind, sofern nicht anders angegeben, Nachbauteile in Erstausr\u00fcsterqualit\u00e4t.<\/span><\/p>\n<details>\n<summary style=\"cursor: pointer;color: #06c;font-size: 15px\">Herstellerinformation<\/summary>\n<div class=\"manufacturer-info\" style=\"padding: 10px;border: 1px solid #888;margin-top: 10px;background-color: #f9f9f9\">\n<p><b>Truckmotive GmbH<\/b><br \/>Welschenkamp 18<br \/>DE-47138 Duisburg &#8211; DE<br \/>Tel.: <br \/>Mail: hallo@truckmotive.de<\/p>\n<\/p><\/div>\n<\/details><\/div>\n","protected":false},"excerpt":{"rendered":"<div style=\"font-size:15px\">\n<p style=\"font-size:17px;color:black\"><b>Lieferumfang:<\/b><\/p>\n<p style=\"padding-top:6px\">1x Schalld\u00e4mpfer<\/p>\n<p><\/br><\/p>\n<p style=\"font-size:17px;color:black\"><b>Passend f\u00fcr<\/b><\/p>\n<ul style=\"padding-top:6px\">\n<li>Iveco EuroCargo 1-3, EuroTech MT, TurboStar, TurboTech<\/li>\n<li>MAN TGA, TGL, TGS, TGX, TGM<\/li>\n<li>MAN F2000, M90, F90, G90, E2000, L2000, M2000M<\/li>\n<li>Mercedes-Benz Actros, Atego, Atego 2, LK2, LN2, MK, SK, NG<\/li>\n<li>Scania P, G, R, T, 4<\/li>\n<\/ul>\n<p><span style=\"font-size:12px\">Das Ersatzteil passt unter anderem f\u00fcr die oben genannten Modelle. Bitte pr\u00fcfen Sie die Ersatzteil-Nummer, um eine Fehlbestellung zu vermeiden. Nicht sicher, ob das Teil passt? Kontaktieren Sie uns!<\/span><\/p>\n<\/div>\n","protected":false},"featured_media":179128,"comment_status":"open","ping_status":"closed","template":"","meta":[],"_links":{"self":[{"href":"https:\/\/lkw-teile-truckmotive.de\/index.php\/wp-json\/wp\/v2\/product\/141312"}],"collection":[{"href":"https:\/\/lkw-teile-truckmotive.de\/index.php\/wp-json\/wp\/v2\/product"}],"about":[{"href":"https:\/\/lkw-teile-truckmotive.de\/index.php\/wp-json\/wp\/v2\/types\/product"}],"replies":[{"embeddable":true,"href":"https:\/\/lkw-teile-truckmotive.de\/index.php\/wp-json\/wp\/v2\/comments?post=141312"}],"wp:featuredmedia":[{"embeddable":true,"href":"https:\/\/lkw-teile-truckmotive.de\/index.php\/wp-json\/wp\/v2\/media\/179128"}],"wp:attachment":[{"href":"https:\/\/lkw-teile-truckmotive.de\/index.php\/wp-json\/wp\/v2\/media?parent=141312"}],"curies":[{"name":"wp","href":"https:\/\/api.w.org\/{rel}","templated":true}]}}