{"id":141317,"date":"2025-02-19T11:32:04","date_gmt":"2025-02-19T10:32:04","guid":{"rendered":"https:\/\/lkw-teile-truckmotive.de\/index.php\/produkt\/gluehkerze-standheizung-beru-gh931-20v-10a-m24x15-fuer-eberspaecher-standheizung"},"modified":"2025-05-11T18:54:17","modified_gmt":"2025-05-11T16:54:17","slug":"gluehkerze-standheizung-beru-gh931-20v-10a-m24x15-fuer-eberspaecher-standheizung","status":"publish","type":"product","link":"https:\/\/lkw-teile-truckmotive.de\/index.php\/produkt\/gluehkerze-standheizung-beru-gh931-20v-10a-m24x15-fuer-eberspaecher-standheizung","title":{"rendered":"Gl\u00fchkerze Standheizung BERU GH931 20V 10A M24X1,5 f\u00fcr Ebersp\u00e4cher Standheizung"},"content":{"rendered":"<div style=\"font-size:15px\">\n<h4>Gl\u00fchkerze Standheizung BERU GH931 20V 10A M24X1,5 f\u00fcr Ebersp\u00e4cher Standheizung<\/h4>\n<div class=\"table_info\">\n<p>BERU Gl\u00fchkerze<\/p>\n<table>\n<tbody>\n<tr>\n<td>Spannung<\/td>\n<td>20 V<\/td>\n<\/tr>\n<tr>\n<td>Anschlusstechnik<\/td>\n<td>M4 \/ 2Nm<\/td>\n<\/tr>\n<tr>\n<td>Gewindema\u00df<\/td>\n<td>M24 x 1,5<\/td>\n<\/tr>\n<tr>\n<td>L\u00e4nge \u00fc. alles<\/td>\n<td>69 mm<\/td>\n<\/tr>\n<tr>\n<td>Anzugdrehmoment<\/td>\n<td>20 Nm<\/td>\n<\/tr>\n<tr>\n<td>Einbautiefe<\/td>\n<td>43 mm<\/td>\n<\/tr>\n<tr>\n<td>Stromst\u00e4rke<\/td>\n<td>10 A<\/td>\n<\/tr>\n<tr>\n<td>Konussteigung<\/td>\n<td>0<\/td>\n<\/tr>\n<tr>\n<td>Schl\u00fcsselweite<\/td>\n<td>19 mm<\/td>\n<\/tr>\n<tr>\n<td>Dichtungsbauart<\/td>\n<td>Graphit-Dichtung<\/td>\n<\/tr>\n<\/tbody>\n<\/table>\n<\/p><\/div>\n<p>                <span style=\"font-size:1px;color:white\">Gl\u00fchkerze, Standheizung, Heizung, Einbau, Ersatzteil, Reparatur, Heizung, Kerze, <\/span><\/p>\n<h4>OE &amp; OEM Referenznummern:<\/h4>\n<p><a href=\"https:\/\/lkw-teile-truckmotive.de\/products\/GH931\">GH931<\/a>, <a href=\"https:\/\/lkw-teile-truckmotive.de\/products\/0102133403\">0102133403<\/a>, <a href=\"https:\/\/lkw-teile-truckmotive.de\/products\/251831010100\">251831010100<\/a><\/p>\n<p><span style=\"font-size:12px\"><b>Hinweis: <\/b><br \/>Alle aufgef\u00fchrten Marken, Referenzen sowie Vergleichsnummern dienen lediglich dem Vergleichszweck.<br \/>\nDie angebotenen Artikel sind, sofern nicht anders angegeben, Nachbauteile in Erstausr\u00fcsterqualit\u00e4t.<\/span><\/p>\n<details>\n<summary style=\"cursor: pointer;color: #06c;font-size: 15px\">Herstellerinformation<\/summary>\n<div class=\"manufacturer-info\" style=\"padding: 10px;border: 1px solid #888;margin-top: 10px;background-color: #f9f9f9\">\n<p><b>GLYCO (DRiV)<\/b><br \/>Prins Boudewijnlaan 5<br \/>BE-2550 Kontich &#8211; BE<br \/>Tel.: +32 3 451 97 11<br \/>Mail: info@driv.com<\/p>\n<\/p><\/div>\n<\/details><\/div>\n","protected":false},"excerpt":{"rendered":"<div style=\"font-size:15px\">\n<p style=\"font-size:17px;color:black\"><b>Lieferumfang:<\/b><\/p>\n<p style=\"padding-top:6px\">1x Gl\u00fchkerze<\/p>\n<p><\/br><\/p>\n<p style=\"font-size:17px;color:black\"><b>Passend f\u00fcr<\/b><\/p>\n<ul style=\"padding-top:6px\">\n<li>Ebersp\u00e4cher Standheizungen<\/li>\n<\/ul>\n<p><span style=\"font-size:12px\">Das Ersatzteil passt unter anderem f\u00fcr die oben genannten Modelle. Bitte pr\u00fcfen Sie die Ersatzteil-Nummer, um eine Fehlbestellung zu vermeiden. Nicht sicher, ob das Teil passt? Kontaktieren Sie uns!<\/span><\/p>\n<\/div>\n","protected":false},"featured_media":152667,"comment_status":"open","ping_status":"closed","template":"","meta":[],"_links":{"self":[{"href":"https:\/\/lkw-teile-truckmotive.de\/index.php\/wp-json\/wp\/v2\/product\/141317"}],"collection":[{"href":"https:\/\/lkw-teile-truckmotive.de\/index.php\/wp-json\/wp\/v2\/product"}],"about":[{"href":"https:\/\/lkw-teile-truckmotive.de\/index.php\/wp-json\/wp\/v2\/types\/product"}],"replies":[{"embeddable":true,"href":"https:\/\/lkw-teile-truckmotive.de\/index.php\/wp-json\/wp\/v2\/comments?post=141317"}],"wp:featuredmedia":[{"embeddable":true,"href":"https:\/\/lkw-teile-truckmotive.de\/index.php\/wp-json\/wp\/v2\/media\/152667"}],"wp:attachment":[{"href":"https:\/\/lkw-teile-truckmotive.de\/index.php\/wp-json\/wp\/v2\/media?parent=141317"}],"curies":[{"name":"wp","href":"https:\/\/api.w.org\/{rel}","templated":true}]}}