{"id":141546,"date":"2025-02-21T14:05:15","date_gmt":"2025-02-21T13:05:15","guid":{"rendered":"https:\/\/lkw-teile-truckmotive.de\/index.php\/produkt\/ventil-loeseventil-wabco-9710029100-park-loese-sicherheitsventil-fuer-anhaenger-trailer"},"modified":"2026-04-29T13:42:07","modified_gmt":"2026-04-29T11:42:07","slug":"ventil-loeseventil-wabco-9710029100-park-loese-sicherheitsventil-fuer-anhaenger-trailer","status":"publish","type":"product","link":"https:\/\/lkw-teile-truckmotive.de\/index.php\/produkt\/ventil-loeseventil-wabco-9710029100-park-loese-sicherheitsventil-fuer-anhaenger-trailer","title":{"rendered":"Ventil L\u00f6seventil WABCO 9710029100 Park-\/L\u00f6se-Sicherheitsventil f\u00fcr Anh\u00e4nger \/ Trailer"},"content":{"rendered":"<div style=\"font-size:15px\">\n<h4>Ventil L\u00f6seventil WABCO 9710029100 Park-\/L\u00f6se-Sicherheitsventil f\u00fcr Anh\u00e4nger \/ Trailer<\/h4>\n<div class=\"table_info\">\n<p>WABCO Park-\/L\u00f6se-Sicherheitsventil<\/p>\n<table>\n<tbody>\n<tr>\n<td>Anwendung<\/td>\n<td>Trailer<\/td>\n<\/tr>\n<tr>\n<td>Anschl\u00fcsse<\/td>\n<td> \u00d8 8 x 1 mm Schnellverbinder<\/td>\n<\/tr>\n<tr>\n<td>max. betriebsdruck<\/td>\n<td>10 bar<\/td>\n<\/tr>\n<\/tbody>\n<\/table>\n<\/p><\/div>\n<p>                <span style=\"font-size:1px;color:white\">LKW, NFZ, Nutzfahrzeug, Reparatur, Wartung, Ersatz, Teil, Austausch, Ersatzteil, \u00dcberholung, Ventil, L\u00f6seventil, Schnelll\u00f6seventil, Parkventil, Anh\u00e4nger, auflieger, Trailer, Wabco<\/span><\/p>\n<h4>OE &amp; OEM Referenznummern:<\/h4>\n<p><a href=\"https:\/\/lkw-teile-truckmotive.de\/products\/9710029100\">9710029100<\/a>, <a href=\"https:\/\/lkw-teile-truckmotive.de\/products\/1043606\">1043606<\/a>, <a href=\"https:\/\/lkw-teile-truckmotive.de\/products\/2089925\">2089925<\/a>, <a href=\"https:\/\/lkw-teile-truckmotive.de\/products\/21151103199\">21151103199<\/a>, <a href=\"https:\/\/lkw-teile-truckmotive.de\/products\/\"><\/a><\/p>\n<p><span style=\"font-size:12px\"><b>Hinweis: <\/b><br \/>Alle aufgef\u00fchrten Marken, Referenzen sowie Vergleichsnummern dienen lediglich dem Vergleichszweck.<br \/>\nDie angebotenen Artikel sind, sofern nicht anders angegeben, Nachbauteile in Erstausr\u00fcsterqualit\u00e4t.<\/span><\/p>\n<details>\n<summary style=\"cursor: pointer;color: #06c;font-size: 15px\">Herstellerinformation<\/summary>\n<div class=\"manufacturer-info\" style=\"padding: 10px;border: 1px solid #888;margin-top: 10px;background-color: #f9f9f9\">\n<p><b>ZF CV Systems Hannover GmbH Wabco<\/b><br \/>Am Lindener Hafen 21<br \/>DE-30453 Hannover &#8211; DE<br \/>Tel.: <br \/>Mail: direct.cvcs@tf.com<\/p>\n<\/p><\/div>\n<\/details><\/div>\n","protected":false},"excerpt":{"rendered":"<div style=\"font-size:15px\">\n<p style=\"font-size:17px;color:black\"><b>Lieferumfang:<\/b><\/p>\n<p style=\"padding-top:6px\">1x L\u00f6seventil<\/p>\n<p><\/br><\/p>\n<p style=\"font-size:17px;color:black\"><b>Passend f\u00fcr<\/b><\/p>\n<ul style=\"padding-top:6px\">\n<li>diverser Auflieger \/ Trailer zb. Schmitz<\/li>\n<\/ul>\n<p><span style=\"font-size:12px\">Das Ersatzteil passt unter anderem f\u00fcr die oben genannten Modelle. Bitte pr\u00fcfen Sie die Ersatzteil-Nummer, um eine Fehlbestellung zu vermeiden. Nicht sicher, ob das Teil passt? Kontaktieren Sie uns!<\/span><\/p>\n<\/div>\n","protected":false},"featured_media":179858,"comment_status":"open","ping_status":"closed","template":"","meta":[],"_links":{"self":[{"href":"https:\/\/lkw-teile-truckmotive.de\/index.php\/wp-json\/wp\/v2\/product\/141546"}],"collection":[{"href":"https:\/\/lkw-teile-truckmotive.de\/index.php\/wp-json\/wp\/v2\/product"}],"about":[{"href":"https:\/\/lkw-teile-truckmotive.de\/index.php\/wp-json\/wp\/v2\/types\/product"}],"replies":[{"embeddable":true,"href":"https:\/\/lkw-teile-truckmotive.de\/index.php\/wp-json\/wp\/v2\/comments?post=141546"}],"wp:featuredmedia":[{"embeddable":true,"href":"https:\/\/lkw-teile-truckmotive.de\/index.php\/wp-json\/wp\/v2\/media\/179858"}],"wp:attachment":[{"href":"https:\/\/lkw-teile-truckmotive.de\/index.php\/wp-json\/wp\/v2\/media?parent=141546"}],"curies":[{"name":"wp","href":"https:\/\/api.w.org\/{rel}","templated":true}]}}