{"id":146403,"date":"2025-04-09T14:29:05","date_gmt":"2025-04-09T12:29:05","guid":{"rendered":"https:\/\/lkw-teile-truckmotive.de\/index.php\/produkt\/steckdose-kunststoff-24v-7-pol-typ-n-iso-1185-mit-stift-lkw-auflieger-anhaenger-universal-einsetzbar"},"modified":"2025-05-11T20:26:19","modified_gmt":"2025-05-11T18:26:19","slug":"steckdose-kunststoff-24v-7-pol-typ-n-iso-1185-mit-stift-lkw-auflieger-anhaenger-universal-einsetzbar","status":"publish","type":"product","link":"https:\/\/lkw-teile-truckmotive.de\/index.php\/produkt\/steckdose-kunststoff-24v-7-pol-typ-n-iso-1185-mit-stift-lkw-auflieger-anhaenger-universal-einsetzbar","title":{"rendered":"Steckdose Kunststoff 24V 7-pol Typ N ISO 1185 mit Stift LKW Auflieger Anh\u00e4nger universal einsetzbar"},"content":{"rendered":"<div style=\"font-size:15px\">\n<h4>Steckdose Kunststoff 24V 7-pol Typ N ISO 1185 mit Stift LKW Auflieger Anh\u00e4nger universal einsetzbar<\/h4>\n<div class=\"table_info\">\n<p>Teblox Anh\u00e4ngersteckdose<\/p>\n<table>\n<tbody>\n<tr>\n<td>Ausf\u00fchrung<\/td>\n<td>Typ N mit Stift<\/td>\n<\/tr>\n<tr>\n<td>Anschlussart<\/td>\n<td>verschraubt<\/td>\n<\/tr>\n<tr>\n<td>Polanzahl<\/td>\n<td>7<\/td>\n<\/tr>\n<tr>\n<td>Spannung<\/td>\n<td>24 V<\/td>\n<\/tr>\n<tr>\n<td>Belastbarkeit max.<\/td>\n<td>15A bei Leitungs-\u00d8 1,5 mm\u00b2<br \/>20A bei Leitungs-\u00d8 2,5 mm\u00b2<\/td>\n<\/tr>\n<tr>\n<td>Material<\/td>\n<td>Kunststoff<\/td>\n<\/tr>\n<tr>\n<td>Zus\u00e4tzliche Information 1<\/td>\n<td>mit Deckel<\/td>\n<\/tr>\n<tr>\n<td>Zus\u00e4tzliche Information 1<\/td>\n<td>Leitungsschutzh\u00fclle f\u00fcr \u00d8 9,5-12,5 mm<\/td>\n<\/tr>\n<tr>\n<td>Norm<\/td>\n<td>nach DIN\/ISO 1185<\/td>\n<\/tr>\n<\/tbody>\n<\/table>\n<\/p><\/div>\n<p>                <span style=\"font-size:1px;color:white\">Typ N, Schraubkontakten, NFZ, Anh\u00e4nger, Auflieger, Trailer, 24Volt, 7-pol, 7 pole, 7polig, mit Stift, nach ISO 1185, LKW, Beleuchtung, Strom, Landwirtschaft, Anh\u00e4ngersteckdose, Landwirtschaft<\/span><\/p>\n<h4>OE &amp; OEM Referenznummern:<\/h4>\n<p><a href=\"https:\/\/lkw-teile-truckmotive.de\/products\/24805830\">24805830<\/a>, <a href=\"https:\/\/lkw-teile-truckmotive.de\/products\/8JB008085021\">8JB008085021<\/a>, <a href=\"https:\/\/lkw-teile-truckmotive.de\/products\/8JB008085021HELLA\">8JB008085021HELLA<\/a>, <a href=\"https:\/\/lkw-teile-truckmotive.de\/products\/0585200\">0585200<\/a>, <a href=\"https:\/\/lkw-teile-truckmotive.de\/products\/00585200\">00585200<\/a>, <a href=\"https:\/\/lkw-teile-truckmotive.de\/products\/0585290\">0585290<\/a>, <a href=\"https:\/\/lkw-teile-truckmotive.de\/products\/00585290\">00585290<\/a>, <a href=\"https:\/\/lkw-teile-truckmotive.de\/products\/08085021\">08085021<\/a>, <a href=\"https:\/\/lkw-teile-truckmotive.de\/products\/008085021\">008085021<\/a>, <a href=\"https:\/\/lkw-teile-truckmotive.de\/products\/10036018\">10036018<\/a>, <a href=\"https:\/\/lkw-teile-truckmotive.de\/products\/111009\">111009<\/a>, <a href=\"https:\/\/lkw-teile-truckmotive.de\/products\/1523985\">1523985<\/a>, <a href=\"https:\/\/lkw-teile-truckmotive.de\/products\/180112\">180112<\/a>, <a href=\"https:\/\/lkw-teile-truckmotive.de\/products\/180580\">180580<\/a>, <a href=\"https:\/\/lkw-teile-truckmotive.de\/products\/7400327\">7400327<\/a>, <a href=\"https:\/\/lkw-teile-truckmotive.de\/products\/74400006\">74400006<\/a>, <a href=\"https:\/\/lkw-teile-truckmotive.de\/products\/74400013\">74400013<\/a><\/p>\n<p><span style=\"font-size:12px\"><b>Hinweis: <\/b><br \/>Alle aufgef\u00fchrten Marken, Referenzen sowie Vergleichsnummern dienen lediglich dem Vergleichszweck.<br \/>\nDie angebotenen Artikel sind, sofern nicht anders angegeben, Nachbauteile in Erstausr\u00fcsterqualit\u00e4t.<\/span><\/p>\n<details>\n<summary style=\"cursor: pointer;color: #06c;font-size: 15px\">Herstellerinformation<\/summary>\n<div class=\"manufacturer-info\" style=\"padding: 10px;border: 1px solid #888;margin-top: 10px;background-color: #f9f9f9\">\n<p><b>Truckmotive GmbH<\/b><br \/>Welschenkamp 18<br \/>DE-47138 Duisburg &#8211; DE<br \/>Tel.: <br \/>Mail: hallo@truckmotive.de<\/p>\n<\/p><\/div>\n<\/details><\/div>\n","protected":false},"excerpt":{"rendered":"<div style=\"font-size:15px\">\n<p style=\"font-size:17px;color:black\"><b>Lieferumfang:<\/b><\/p>\n<p style=\"padding-top:6px\">1x Anh\u00e4ngersteckdose<\/p>\n<p><\/br><\/p>\n<p style=\"font-size:17px;color:black\"><b>Passend f\u00fcr<\/b><\/p>\n<ul style=\"padding-top:6px\">\n<li>universal einsetzbar<\/li>\n<\/ul>\n<p><span style=\"font-size:12px\">Das Ersatzteil passt unter anderem f\u00fcr die oben genannten Modelle. Bitte pr\u00fcfen Sie die Ersatzteil-Nummer, um eine Fehlbestellung zu vermeiden. Nicht sicher, ob das Teil passt? Kontaktieren Sie uns!<\/span><\/p>\n<\/div>\n","protected":false},"featured_media":152936,"comment_status":"open","ping_status":"closed","template":"","meta":[],"_links":{"self":[{"href":"https:\/\/lkw-teile-truckmotive.de\/index.php\/wp-json\/wp\/v2\/product\/146403"}],"collection":[{"href":"https:\/\/lkw-teile-truckmotive.de\/index.php\/wp-json\/wp\/v2\/product"}],"about":[{"href":"https:\/\/lkw-teile-truckmotive.de\/index.php\/wp-json\/wp\/v2\/types\/product"}],"replies":[{"embeddable":true,"href":"https:\/\/lkw-teile-truckmotive.de\/index.php\/wp-json\/wp\/v2\/comments?post=146403"}],"wp:featuredmedia":[{"embeddable":true,"href":"https:\/\/lkw-teile-truckmotive.de\/index.php\/wp-json\/wp\/v2\/media\/152936"}],"wp:attachment":[{"href":"https:\/\/lkw-teile-truckmotive.de\/index.php\/wp-json\/wp\/v2\/media?parent=146403"}],"curies":[{"name":"wp","href":"https:\/\/api.w.org\/{rel}","templated":true}]}}