{"id":146407,"date":"2025-04-09T14:29:09","date_gmt":"2025-04-09T12:29:09","guid":{"rendered":"https:\/\/lkw-teile-truckmotive.de\/index.php\/produkt\/steckdose-kunststoff-24v-7-pol-typ-s-iso-3731-mit-huelse-lkw-auflieger-anhaenger-universal-einsetzbar"},"modified":"2025-05-11T20:26:15","modified_gmt":"2025-05-11T18:26:15","slug":"steckdose-kunststoff-24v-7-pol-typ-s-iso-3731-mit-huelse-lkw-auflieger-anhaenger-universal-einsetzbar","status":"publish","type":"product","link":"https:\/\/lkw-teile-truckmotive.de\/index.php\/produkt\/steckdose-kunststoff-24v-7-pol-typ-s-iso-3731-mit-huelse-lkw-auflieger-anhaenger-universal-einsetzbar","title":{"rendered":"Steckdose Kunststoff 24V 7-pol Typ S ISO 3731 mit H\u00fclse LKW Auflieger Anh\u00e4nger universal einsetzbar"},"content":{"rendered":"<div style=\"font-size:15px\">\n<h4>Steckdose Kunststoff 24V 7-pol Typ S ISO 3731 mit H\u00fclse LKW Auflieger Anh\u00e4nger universal einsetzbar<\/h4>\n<div class=\"table_info\">\n<p>Teblox Anh\u00e4ngersteckdose<\/p>\n<table>\n<tbody>\n<tr>\n<td>Ausf\u00fchrung<\/td>\n<td>Typ S mit H\u00fclse<\/td>\n<\/tr>\n<tr>\n<td>Anschlussart<\/td>\n<td>verschraubt<\/td>\n<\/tr>\n<tr>\n<td>Polanzahl<\/td>\n<td>7<\/td>\n<\/tr>\n<tr>\n<td>Spannung<\/td>\n<td>24 V<\/td>\n<\/tr>\n<tr>\n<td>Belastbarkeit max.<\/td>\n<td>15A bei Leitungs-\u00d8 1,5 mm\u00b2<br \/>20A bei Leitungs-\u00d8 2,5 mm\u00b2<\/td>\n<\/tr>\n<tr>\n<td>Material<\/td>\n<td>Kunststoff<\/td>\n<\/tr>\n<tr>\n<td>Zus\u00e4tzliche Information 1<\/td>\n<td>mit Deckel<\/td>\n<\/tr>\n<tr>\n<td>Zus\u00e4tzliche Information 1<\/td>\n<td>Leitungsschutzh\u00fclle f\u00fcr \u00d8 9,5-12,5 mm<\/td>\n<\/tr>\n<tr>\n<td>Norm<\/td>\n<td>nach DIN\/ISO 3731<\/td>\n<\/tr>\n<\/tbody>\n<\/table>\n<\/p><\/div>\n<p>                <span style=\"font-size:1px;color:white\">Typ S, Schraubkontakten, NFZ, Anh\u00e4nger, Auflieger, Trailer, 24Volt, 7-pol, 7 pole, 7polig, mit H\u00fclse, nach ISO 3731, LKW, Beleuchtung, Strom, Landwirtschaft, Anh\u00e4ngersteckdose, Landwirtschaft<\/span><\/p>\n<h4>OE &amp; OEM Referenznummern:<\/h4>\n<p><a href=\"https:\/\/lkw-teile-truckmotive.de\/products\/24805848\">24805848<\/a>, <a href=\"https:\/\/lkw-teile-truckmotive.de\/products\/8JB008085031\">8JB008085031<\/a>, <a href=\"https:\/\/lkw-teile-truckmotive.de\/products\/8JB008085031HELLA\">8JB008085031HELLA<\/a>, <a href=\"https:\/\/lkw-teile-truckmotive.de\/products\/36384\">36384<\/a>, <a href=\"https:\/\/lkw-teile-truckmotive.de\/products\/036384\">036384<\/a>, <a href=\"https:\/\/lkw-teile-truckmotive.de\/products\/111017\">111017<\/a>, <a href=\"https:\/\/lkw-teile-truckmotive.de\/products\/180568\">180568<\/a>, <a href=\"https:\/\/lkw-teile-truckmotive.de\/products\/74400007\">74400007<\/a>, <a href=\"https:\/\/lkw-teile-truckmotive.de\/products\/0586200\">0586200<\/a>, <a href=\"https:\/\/lkw-teile-truckmotive.de\/products\/00586200\">00586200<\/a>, <a href=\"https:\/\/lkw-teile-truckmotive.de\/products\/0586290\">0586290<\/a>, <a href=\"https:\/\/lkw-teile-truckmotive.de\/products\/00586290\">00586290<\/a>, <a href=\"https:\/\/lkw-teile-truckmotive.de\/products\/08085031\">08085031<\/a>, <a href=\"https:\/\/lkw-teile-truckmotive.de\/products\/008085031\">008085031<\/a><\/p>\n<p><span style=\"font-size:12px\"><b>Hinweis: <\/b><br \/>Alle aufgef\u00fchrten Marken, Referenzen sowie Vergleichsnummern dienen lediglich dem Vergleichszweck.<br \/>\nDie angebotenen Artikel sind, sofern nicht anders angegeben, Nachbauteile in Erstausr\u00fcsterqualit\u00e4t.<\/span><\/p>\n<details>\n<summary style=\"cursor: pointer;color: #06c;font-size: 15px\">Herstellerinformation<\/summary>\n<div class=\"manufacturer-info\" style=\"padding: 10px;border: 1px solid #888;margin-top: 10px;background-color: #f9f9f9\">\n<p><b>Truckmotive GmbH<\/b><br \/>Welschenkamp 18<br \/>DE-47138 Duisburg &#8211; DE<br \/>Tel.: <br \/>Mail: hallo@truckmotive.de<\/p>\n<\/p><\/div>\n<\/details><\/div>\n","protected":false},"excerpt":{"rendered":"<div style=\"font-size:15px\">\n<p style=\"font-size:17px;color:black\"><b>Lieferumfang:<\/b><\/p>\n<p style=\"padding-top:6px\">1x Anh\u00e4ngersteckdose<\/p>\n<p><\/br><\/p>\n<p style=\"font-size:17px;color:black\"><b>Passend f\u00fcr<\/b><\/p>\n<ul style=\"padding-top:6px\">\n<li>universal einsetzbar<\/li>\n<\/ul>\n<p><span style=\"font-size:12px\">Das Ersatzteil passt unter anderem f\u00fcr die oben genannten Modelle. Bitte pr\u00fcfen Sie die Ersatzteil-Nummer, um eine Fehlbestellung zu vermeiden. Nicht sicher, ob das Teil passt? Kontaktieren Sie uns!<\/span><\/p>\n<\/div>\n","protected":false},"featured_media":152933,"comment_status":"open","ping_status":"closed","template":"","meta":[],"_links":{"self":[{"href":"https:\/\/lkw-teile-truckmotive.de\/index.php\/wp-json\/wp\/v2\/product\/146407"}],"collection":[{"href":"https:\/\/lkw-teile-truckmotive.de\/index.php\/wp-json\/wp\/v2\/product"}],"about":[{"href":"https:\/\/lkw-teile-truckmotive.de\/index.php\/wp-json\/wp\/v2\/types\/product"}],"replies":[{"embeddable":true,"href":"https:\/\/lkw-teile-truckmotive.de\/index.php\/wp-json\/wp\/v2\/comments?post=146407"}],"wp:featuredmedia":[{"embeddable":true,"href":"https:\/\/lkw-teile-truckmotive.de\/index.php\/wp-json\/wp\/v2\/media\/152933"}],"wp:attachment":[{"href":"https:\/\/lkw-teile-truckmotive.de\/index.php\/wp-json\/wp\/v2\/media?parent=146407"}],"curies":[{"name":"wp","href":"https:\/\/api.w.org\/{rel}","templated":true}]}}