{"id":156365,"date":"2025-07-02T10:20:05","date_gmt":"2025-07-02T08:20:05","guid":{"rendered":"https:\/\/lkw-teile-truckmotive.de\/index.php\/produkt\/bremskloetze-belagsatz-achse-29159-29126-passend-fuer-daf-lf55-cf-lf-saf-anhaengerachse-195-mit-sbw-1937"},"modified":"2026-04-15T10:25:06","modified_gmt":"2026-04-15T08:25:06","slug":"bremskloetze-belagsatz-achse-29159-29126-passend-fuer-daf-lf55-cf-lf-saf-anhaengerachse-195-mit-sbw-1937","status":"publish","type":"product","link":"https:\/\/lkw-teile-truckmotive.de\/index.php\/produkt\/bremskloetze-belagsatz-achse-29159-29126-passend-fuer-daf-lf55-cf-lf-saf-anhaengerachse-195-mit-sbw-1937","title":{"rendered":"Bremskl\u00f6tze Belagsatz Achse 29159 &#8211; 29126 passend f\u00fcr DAF LF55, CF, LF, SAF Anh\u00e4ngerachse 19,5&#8243;"},"content":{"rendered":"<div style=\"font-size:15px\">\n<h4>Bremskl\u00f6tze Belagsatz Achse 29159 &#8211; 29126 passend f\u00fcr DAF LF55, CF, LF, SAF Anh\u00e4ngerachse 19,5&#8243;<\/h4>\n<div class=\"table_info\">\n<p>Bremsbel\u00e4ge<\/p>\n<table>\n<tbody>\n<tr>\n<td>Bremssystem<\/td>\n<td>WABCO PAN 19-1<\/td>\n<\/tr>\n<tr>\n<td>Mengeneinheit<\/td>\n<td>Achsenset<\/td>\n<\/tr>\n<tr>\n<td>Einbauposition<\/td>\n<td>Vorderachse, Hinterachse<\/td>\n<\/tr>\n<tr>\n<td>Dicke\/St\u00e4rke<\/td>\n<td>30 mm<\/td>\n<\/tr>\n<tr>\n<td>H\u00f6he<\/td>\n<td>92,5 mm<\/td>\n<\/tr>\n<tr>\n<td>Breite<\/td>\n<td>210,5 mm<\/td>\n<\/tr>\n<tr>\n<td>Pr\u00fcfzeichen<\/td>\n<td>ECE 90R<\/td>\n<\/tr>\n<tr>\n<td>Erg\u00e4nzungsartikel<\/td>\n<td>mit Zubeh\u00f6r<\/td>\n<\/tr>\n<tr>\n<td>WVA-Nummer<\/td>\n<td>29159, 29126<\/td>\n<\/tr>\n<tr>\n<td>Verschlei\u00dfwarnkontakt<\/td>\n<td>f\u00fcr Verschlei\u00dfwarnanzeige vorbereitet<\/td>\n<\/tr>\n<\/tbody>\n<\/table>\n<\/p><\/div>\n<p>                <span style=\"font-size:1px;color:white\">Belag, Bel\u00e4ge, Bremsbelag, Bremsbel\u00e4ge, Bremsbelagsatz, Bremsen, Bremskl\u00f6tze, hinten, Hinterachse, Kl\u00f6tze, SBW 1937, SBW1937, Scheibenbremse, Vorderachse, vorn, Vorne<\/span><\/p>\n<h4>OE &amp; OEM Referenznummern:<\/h4>\n<p><a href=\"https:\/\/lkw-teile-truckmotive.de\/products\/3057008000\">3057008000<\/a>, <a href=\"https:\/\/lkw-teile-truckmotive.de\/products\/29159\">29159<\/a>, <a href=\"https:\/\/lkw-teile-truckmotive.de\/products\/29313\">29313<\/a>, <a href=\"https:\/\/lkw-teile-truckmotive.de\/products\/29126\">29126<\/a>, <a href=\"https:\/\/lkw-teile-truckmotive.de\/products\/12999737VT\">12999737VT<\/a>, <a href=\"https:\/\/lkw-teile-truckmotive.de\/products\/12999737+VT\">12999737 VT<\/a>, <a href=\"https:\/\/lkw-teile-truckmotive.de\/products\/12999791\">12999791<\/a>, <a href=\"https:\/\/lkw-teile-truckmotive.de\/products\/3057008000\">3057008000<\/a>, <a href=\"https:\/\/lkw-teile-truckmotive.de\/products\/3057008001\">3057008001<\/a>, <a href=\"https:\/\/lkw-teile-truckmotive.de\/products\/03057008000\">03057008000<\/a>, <a href=\"https:\/\/lkw-teile-truckmotive.de\/products\/03057008001\">03057008001<\/a>, <a href=\"https:\/\/lkw-teile-truckmotive.de\/products\/550025997\">550025997<\/a>, <a href=\"https:\/\/lkw-teile-truckmotive.de\/products\/550003417\">550003417<\/a>, <a href=\"https:\/\/lkw-teile-truckmotive.de\/products\/550003416\">550003416<\/a>, <a href=\"https:\/\/lkw-teile-truckmotive.de\/products\/550017472\">550017472<\/a>, <a href=\"https:\/\/lkw-teile-truckmotive.de\/products\/1628064\">1628064<\/a>, <a href=\"https:\/\/lkw-teile-truckmotive.de\/products\/2012161\">2012161<\/a><\/p>\n<p><span style=\"font-size:12px\"><b>Hinweis: <\/b><br \/>Alle aufgef\u00fchrten Marken, Referenzen sowie Vergleichsnummern dienen lediglich dem Vergleichszweck.<br \/>\nDie angebotenen Artikel sind, sofern nicht anders angegeben, Nachbauteile in Erstausr\u00fcsterqualit\u00e4t.<\/span><\/p>\n<details>\n<summary style=\"cursor: pointer;color: #06c;font-size: 15px\">Herstellerinformation<\/summary>\n<div class=\"manufacturer-info\" style=\"padding: 10px;border: 1px solid #888;margin-top: 10px;background-color: #f9f9f9\">\n<p><b>Truckmotive GmbH<\/b><br \/>Welschenkamp 18<br \/>DE-47138 Duisburg &#8211; DE<br \/>Tel.: <br \/>Mail: hallo@truckmotive.de<\/p>\n<\/p><\/div>\n<\/details><\/div>\n","protected":false},"excerpt":{"rendered":"<div style=\"font-size:15px\">\n<p style=\"font-size:17px;color:black\"><b>Lieferumfang:<\/b><\/p>\n<p style=\"padding-top:6px\">1x Achsenset Bremsbel\u00e4ge<\/p>\n<p><\/br><\/p>\n<p style=\"font-size:17px;color:black\"><b>Passend f\u00fcr<\/b><\/p>\n<ul style=\"padding-top:6px\">\n<ul>\n<li>DAF LF55, CF, LF<\/li>\n<li>SAF Achse<\/li>\n<\/ul>\n<\/ul>\n<p><span style=\"font-size:12px\">Das Ersatzteil passt unter anderem f\u00fcr die oben genannten Modelle. Bitte pr\u00fcfen Sie die Ersatzteil-Nummer, um eine Fehlbestellung zu vermeiden. Nicht sicher, ob das Teil passt? Kontaktieren Sie uns!<\/span><\/p>\n<\/div>\n","protected":false},"featured_media":178836,"comment_status":"open","ping_status":"closed","template":"","meta":[],"_links":{"self":[{"href":"https:\/\/lkw-teile-truckmotive.de\/index.php\/wp-json\/wp\/v2\/product\/156365"}],"collection":[{"href":"https:\/\/lkw-teile-truckmotive.de\/index.php\/wp-json\/wp\/v2\/product"}],"about":[{"href":"https:\/\/lkw-teile-truckmotive.de\/index.php\/wp-json\/wp\/v2\/types\/product"}],"replies":[{"embeddable":true,"href":"https:\/\/lkw-teile-truckmotive.de\/index.php\/wp-json\/wp\/v2\/comments?post=156365"}],"wp:featuredmedia":[{"embeddable":true,"href":"https:\/\/lkw-teile-truckmotive.de\/index.php\/wp-json\/wp\/v2\/media\/178836"}],"wp:attachment":[{"href":"https:\/\/lkw-teile-truckmotive.de\/index.php\/wp-json\/wp\/v2\/media?parent=156365"}],"curies":[{"name":"wp","href":"https:\/\/api.w.org\/{rel}","templated":true}]}}