{"id":156565,"date":"2025-07-04T11:46:04","date_gmt":"2025-07-04T09:46:04","guid":{"rendered":"https:\/\/lkw-teile-truckmotive.de\/index.php\/produkt\/leuchtmittel-gluehlampe-rueckfahrleuchte-halogen-24v-15w-roehre-155x41-hella-8gm-002-091-261"},"modified":"2026-04-13T14:46:08","modified_gmt":"2026-04-13T12:46:08","slug":"leuchtmittel-gluehlampe-rueckfahrleuchte-halogen-24v-15w-roehre-155x41-hella-8gm-002-091-261","status":"publish","type":"product","link":"https:\/\/lkw-teile-truckmotive.de\/index.php\/produkt\/leuchtmittel-gluehlampe-rueckfahrleuchte-halogen-24v-15w-roehre-155x41-hella-8gm-002-091-261","title":{"rendered":"Leuchtmittel Birne Gl\u00fchlampe R\u00fcckfahrleuchte Halogen 24V\/15W R\u00f6hre T15x40mm Hella 8GM 002 091-261"},"content":{"rendered":"<div style=\"font-size:15px\">\n<h4>Leuchtmittel Birne Gl\u00fchlampe R\u00fcckfahrleuchte Halogen 24V\/15W R\u00f6hre T15x40mm Hella 8GM 002 091-261<\/h4>\n<div class=\"table_info\">\n<p>HELLA 8GM 002 091-261 R\u00fcckfahrlicht-Birne<\/p>\n<table>\n<tbody>\n<tr>\n<td>Spannung<\/td>\n<td>24V<\/td>\n<\/tr>\n<tr>\n<td>Nennleistung<\/td>\n<td>15 W<\/td>\n<\/tr>\n<tr>\n<td>Lampenart<\/td>\n<td>Soffitenlampe<\/td>\n<\/tr>\n<tr>\n<td>Leuchten-Bauart<\/td>\n<td>Halogen<\/td>\n<\/tr>\n<tr>\n<td>Sockelausf\u00fchrung<\/td>\n<td>SV8.5-8<\/td>\n<\/tr>\n<\/tbody>\n<\/table>\n<\/p><\/div>\n<p>                <span style=\"font-size:1px;color:white\">LKW, Nutzfahrzeug, universal, universell, Lampe, Gl\u00fchlampe, Gl\u00fchbirne, Birne, Kolbenform, Sockelausf\u00fchrung, Nennleistung, Watt, Volt, 15W, 24V, Spannung, Hella, Licht, L\u00e4mpchen, Birnchen, vorne, hinten, Pr\u00fcfzeichen, Lampenart, Leuchte, Leuchtmittel, Halogen, SV8.5-8, ECE, R\u00fcckfahrleuchte, Soffittenlampe<\/span><\/p>\n<h4>OE &amp; OEM Referenznummern:<\/h4>\n<p><a href=\"https:\/\/lkw-teile-truckmotive.de\/products\/1987302529\">1987302529<\/a>, <a href=\"https:\/\/lkw-teile-truckmotive.de\/products\/76515373\">76515373<\/a>, <a href=\"https:\/\/lkw-teile-truckmotive.de\/products\/8000013\">8000013<\/a>, <a href=\"https:\/\/lkw-teile-truckmotive.de\/products\/8GM002091261\">8GM002091261<\/a>, <a href=\"https:\/\/lkw-teile-truckmotive.de\/products\/02091261\">02091261<\/a>, <a href=\"https:\/\/lkw-teile-truckmotive.de\/products\/002091261\">002091261<\/a>, <a href=\"https:\/\/lkw-teile-truckmotive.de\/products\/1222\">1222<\/a>, <a href=\"https:\/\/lkw-teile-truckmotive.de\/products\/215040\">215040<\/a>, <a href=\"https:\/\/lkw-teile-truckmotive.de\/products\/LSX0032007\">LSX0032007<\/a>, <a href=\"https:\/\/lkw-teile-truckmotive.de\/products\/52150373\">52150373<\/a>, <a href=\"https:\/\/lkw-teile-truckmotive.de\/products\/8GM002091261HELLA\">8GM002091261HELLA<\/a>, <a href=\"https:\/\/lkw-teile-truckmotive.de\/products\/424150\">424150<\/a>, <a href=\"https:\/\/lkw-teile-truckmotive.de\/products\/B241100000181\">B241100000181<\/a>, <a href=\"https:\/\/lkw-teile-truckmotive.de\/products\/15501927\">15501927<\/a>, <a href=\"https:\/\/lkw-teile-truckmotive.de\/products\/48288428\">48288428<\/a>, <a href=\"https:\/\/lkw-teile-truckmotive.de\/products\/24V15W\">24V15W<\/a>, <a href=\"https:\/\/lkw-teile-truckmotive.de\/products\/4644\">4644<\/a>, <a href=\"https:\/\/lkw-teile-truckmotive.de\/products\/6453\">6453<\/a>, <a href=\"https:\/\/lkw-teile-truckmotive.de\/products\/1222011\">1222011<\/a>, <a href=\"https:\/\/lkw-teile-truckmotive.de\/products\/01222011\">01222011<\/a>, <a href=\"https:\/\/lkw-teile-truckmotive.de\/products\/13850\">13850<\/a>, <a href=\"https:\/\/lkw-teile-truckmotive.de\/products\/\"><\/a><\/p>\n<p><span style=\"font-size:12px\"><b>Hinweis: <\/b><br \/>Alle aufgef\u00fchrten Marken, Referenzen sowie Vergleichsnummern dienen lediglich dem Vergleichszweck.<br \/>\nDie angebotenen Artikel sind, sofern nicht anders angegeben, Nachbauteile in Erstausr\u00fcsterqualit\u00e4t.<\/span><\/p>\n<details>\n<summary style=\"cursor: pointer;color: #06c;font-size: 15px\">Herstellerinformation<\/summary>\n<div class=\"manufacturer-info\" style=\"padding: 10px;border: 1px solid #888;margin-top: 10px;background-color: #f9f9f9\">\n<p><b>HELLA GmbH &amp; Co. KGaA<\/b><br \/>Rixbecker Str. 75<br \/>DE-59552 Lippstadt &#8211; DE<br \/>Tel.: +49 (0) 2941\/38-0<br \/>Mail: info@forvia.com<\/p>\n<\/p><\/div>\n<\/details><\/div>\n","protected":false},"excerpt":{"rendered":"<div style=\"font-size:15px\">\n<p style=\"font-size:17px;color:black\"><b>Lieferumfang:<\/b><\/p>\n<p style=\"padding-top:6px\">1x Gl\u00fchlampe<\/p>\n<p><\/br><\/p>\n<p style=\"font-size:17px;color:black\"><b>Passend f\u00fcr<\/b><\/p>\n<ul style=\"padding-top:6px\">\n<ul>\n<li>universal einsetzbar<\/li>\n<\/ul>\n<\/ul>\n<p><span style=\"font-size:12px\">Das Ersatzteil passt unter anderem f\u00fcr die oben genannten Modelle. Bitte pr\u00fcfen Sie die Ersatzteil-Nummer, um eine Fehlbestellung zu vermeiden. Nicht sicher, ob das Teil passt? Kontaktieren Sie uns!<\/span><\/p>\n<\/div>\n","protected":false},"featured_media":178731,"comment_status":"open","ping_status":"closed","template":"","meta":[],"_links":{"self":[{"href":"https:\/\/lkw-teile-truckmotive.de\/index.php\/wp-json\/wp\/v2\/product\/156565"}],"collection":[{"href":"https:\/\/lkw-teile-truckmotive.de\/index.php\/wp-json\/wp\/v2\/product"}],"about":[{"href":"https:\/\/lkw-teile-truckmotive.de\/index.php\/wp-json\/wp\/v2\/types\/product"}],"replies":[{"embeddable":true,"href":"https:\/\/lkw-teile-truckmotive.de\/index.php\/wp-json\/wp\/v2\/comments?post=156565"}],"wp:featuredmedia":[{"embeddable":true,"href":"https:\/\/lkw-teile-truckmotive.de\/index.php\/wp-json\/wp\/v2\/media\/178731"}],"wp:attachment":[{"href":"https:\/\/lkw-teile-truckmotive.de\/index.php\/wp-json\/wp\/v2\/media?parent=156565"}],"curies":[{"name":"wp","href":"https:\/\/api.w.org\/{rel}","templated":true}]}}