{"id":156655,"date":"2025-07-04T15:48:04","date_gmt":"2025-07-04T13:48:04","guid":{"rendered":"https:\/\/lkw-teile-truckmotive.de\/index.php\/produkt\/leuchtmittel-birne-hella-8gm-002-092-121-12v-5w-c5w-kennzeichenleuchte-roehre-11x36"},"modified":"2025-07-04T15:48:04","modified_gmt":"2025-07-04T13:48:04","slug":"leuchtmittel-birne-hella-8gm-002-092-121-12v-5w-c5w-kennzeichenleuchte-roehre-11x36","status":"publish","type":"product","link":"https:\/\/lkw-teile-truckmotive.de\/index.php\/produkt\/leuchtmittel-birne-hella-8gm-002-092-121-12v-5w-c5w-kennzeichenleuchte-roehre-11x36","title":{"rendered":"Leuchtmittel Birne Hella 8GM 002 092-121 12V\/5W C5W Kennzeichenleuchte R\u00f6hre 11&#215;36"},"content":{"rendered":"<div style=\"font-size:15px\">\n<h4>Leuchtmittel Birne Hella 8GM 002 092-121 12V\/5W C5W Kennzeichenleuchte R\u00f6hre 11&#215;36<\/h4>\n<div class=\"table_info\">\n<p>HELLA 8GM 002 092-121 Kennzeichenbeleuchtung-Birne<\/p>\n<table>\n<tbody>\n<tr>\n<td>Spannung<\/td>\n<td>12V<\/td>\n<\/tr>\n<tr>\n<td>Nennleistung<\/td>\n<td>55 W<\/td>\n<\/tr>\n<tr>\n<td>Lampenart<\/td>\n<td>Soffitenlampe<\/td>\n<\/tr>\n<tr>\n<td>Leuchten-Bauart<\/td>\n<td>Halogen<\/td>\n<\/tr>\n<tr>\n<td>Sockelausf\u00fchrung<\/td>\n<td>SV8.5-8<\/td>\n<\/tr>\n<\/tbody>\n<\/table>\n<\/p><\/div>\n<p>                <span style=\"font-size:1px;color:white\">LKW, Nutzfahrzeug, Gl\u00fchlampe, Gl\u00fchbirne, Birne, Kolbenform, Sockelausf\u00fchrung, Nennleistung, Watt, Volt, 5W, 12V, Spannung, Hella, Licht, L\u00e4mpchen, Birnchen, hinten, Pr\u00fcfzeichen, Lampenart, Leuchte, Leuchtmittel, Halogen, SV8.5-8, ECE, Kennzeichenleuchte, Soffittenlampe<\/span><\/p>\n<h4>OE &amp; OEM Referenznummern:<\/h4>\n<p><a href=\"https:\/\/lkw-teile-truckmotive.de\/products\/8GM+002+092-121\">8GM 002 092-121<\/a>, <a href=\"https:\/\/lkw-teile-truckmotive.de\/products\/6502010093\">6502010093<\/a>, <a href=\"https:\/\/lkw-teile-truckmotive.de\/products\/1814000101\">1814000101<\/a>, <a href=\"https:\/\/lkw-teile-truckmotive.de\/products\/605057\">605057<\/a>, <a href=\"https:\/\/lkw-teile-truckmotive.de\/products\/R01020205\">R01020205<\/a>, <a href=\"https:\/\/lkw-teile-truckmotive.de\/products\/KDWHLO9236\">KDWHLO9236<\/a>, <a href=\"https:\/\/lkw-teile-truckmotive.de\/products\/135+4862\">135 4862<\/a>, <a href=\"https:\/\/lkw-teile-truckmotive.de\/products\/0112+1444\">0112 1444<\/a>, <a href=\"https:\/\/lkw-teile-truckmotive.de\/products\/S119021\">S119021<\/a>, <a href=\"https:\/\/lkw-teile-truckmotive.de\/products\/20+98+201\">20 98 201<\/a>, <a href=\"https:\/\/lkw-teile-truckmotive.de\/products\/90002486\">90002486<\/a>, <a href=\"https:\/\/lkw-teile-truckmotive.de\/products\/119+021\">119 021<\/a>, <a href=\"https:\/\/lkw-teile-truckmotive.de\/products\/7+057+470+7\">7 057 470 7<\/a>, <a href=\"https:\/\/lkw-teile-truckmotive.de\/products\/965+831\">965 831<\/a>, <a href=\"https:\/\/lkw-teile-truckmotive.de\/products\/9+802827+6\">9 802827 6<\/a>, <a href=\"https:\/\/lkw-teile-truckmotive.de\/products\/2900359\">2900359<\/a>, <a href=\"https:\/\/lkw-teile-truckmotive.de\/products\/6+070+220\">6 070 220<\/a>, <a href=\"https:\/\/lkw-teile-truckmotive.de\/products\/D+450+809+00\">D 450 809 00<\/a>, <a href=\"https:\/\/lkw-teile-truckmotive.de\/products\/E+400+000\">E 400 000<\/a>, <a href=\"https:\/\/lkw-teile-truckmotive.de\/products\/X+671.306.000.000\">X 671.306.000.000<\/a>, <a href=\"https:\/\/lkw-teile-truckmotive.de\/products\/57+M6+274\">57 M6 274<\/a>, <a href=\"https:\/\/lkw-teile-truckmotive.de\/products\/57+M7+086\">57 M7 086<\/a>, <a href=\"https:\/\/lkw-teile-truckmotive.de\/products\/57+M7+615\">57 M7 615<\/a>, <a href=\"https:\/\/lkw-teile-truckmotive.de\/products\/46000200\">46000200<\/a>, <a href=\"https:\/\/lkw-teile-truckmotive.de\/products\/64094740\">64094740<\/a>, <a href=\"https:\/\/lkw-teile-truckmotive.de\/products\/407581\">407581<\/a>, <a href=\"https:\/\/lkw-teile-truckmotive.de\/products\/0500152\">0500152<\/a>, <a href=\"https:\/\/lkw-teile-truckmotive.de\/products\/7919500971\">7919500971<\/a>, <a href=\"https:\/\/lkw-teile-truckmotive.de\/products\/19-74118-0\">19-74118-0<\/a>, <a href=\"https:\/\/lkw-teile-truckmotive.de\/products\/4132221A\">4132221A<\/a>, <a href=\"https:\/\/lkw-teile-truckmotive.de\/products\/00209600\">00209600<\/a><\/p>\n<p><span style=\"font-size:12px\"><b>Hinweis: <\/b><br \/>Alle aufgef\u00fchrten Marken, Referenzen sowie Vergleichsnummern dienen lediglich dem Vergleichszweck.<br \/>\nDie angebotenen Artikel sind, sofern nicht anders angegeben, Nachbauteile in Erstausr\u00fcsterqualit\u00e4t.<\/span><\/p>\n<details>\n<summary style=\"cursor: pointer;color: #06c;font-size: 15px\">Herstellerinformation<\/summary>\n<div class=\"manufacturer-info\" style=\"padding: 10px;border: 1px solid #888;margin-top: 10px;background-color: #f9f9f9\">\n<p><b>HELLA GmbH &amp; Co. KGaA<\/b><br \/>Rixbecker Str. 75<br \/>DE-59552 Lippstadt &#8211; DE<br \/>Tel.: +49 (0) 2941\/38-0<br \/>Mail: info@forvia.com<\/p>\n<\/p><\/div>\n<\/details><\/div>\n","protected":false},"excerpt":{"rendered":"<div style=\"font-size:15px\">\n<p style=\"font-size:17px;color:black\"><b>Lieferumfang:<\/b><\/p>\n<p style=\"padding-top:6px\">1x Gl\u00fchlampe<\/p>\n<p><\/br><\/p>\n<p style=\"font-size:17px;color:black\"><b>Passend f\u00fcr<\/b><\/p>\n<ul style=\"padding-top:6px\">\n<ul>\n<li>universal einsetzbar<\/li>\n<\/ul>\n<\/ul>\n<p><span style=\"font-size:12px\">Das Ersatzteil passt unter anderem f\u00fcr die oben genannten Modelle. Bitte pr\u00fcfen Sie die Ersatzteil-Nummer, um eine Fehlbestellung zu vermeiden. Nicht sicher, ob das Teil passt? Kontaktieren Sie uns!<\/span><\/p>\n<\/div>\n","protected":false},"featured_media":156656,"comment_status":"open","ping_status":"closed","template":"","meta":[],"_links":{"self":[{"href":"https:\/\/lkw-teile-truckmotive.de\/index.php\/wp-json\/wp\/v2\/product\/156655"}],"collection":[{"href":"https:\/\/lkw-teile-truckmotive.de\/index.php\/wp-json\/wp\/v2\/product"}],"about":[{"href":"https:\/\/lkw-teile-truckmotive.de\/index.php\/wp-json\/wp\/v2\/types\/product"}],"replies":[{"embeddable":true,"href":"https:\/\/lkw-teile-truckmotive.de\/index.php\/wp-json\/wp\/v2\/comments?post=156655"}],"wp:featuredmedia":[{"embeddable":true,"href":"https:\/\/lkw-teile-truckmotive.de\/index.php\/wp-json\/wp\/v2\/media\/156656"}],"wp:attachment":[{"href":"https:\/\/lkw-teile-truckmotive.de\/index.php\/wp-json\/wp\/v2\/media?parent=156655"}],"curies":[{"name":"wp","href":"https:\/\/api.w.org\/{rel}","templated":true}]}}