{"id":156770,"date":"2025-07-07T11:48:04","date_gmt":"2025-07-07T09:48:04","guid":{"rendered":"https:\/\/lkw-teile-truckmotive.de\/index.php\/produkt\/leuchtmittel-birne-8gm-002-094-121-blinkerbirne-12v-3w-roehre-82x28-universal-einsetzbar"},"modified":"2026-02-20T10:45:49","modified_gmt":"2026-02-20T09:45:49","slug":"leuchtmittel-birne-8gm-002-094-121-blinkerbirne-12v-3w-roehre-82x28-universal-einsetzbar","status":"publish","type":"product","link":"https:\/\/lkw-teile-truckmotive.de\/index.php\/produkt\/leuchtmittel-birne-8gm-002-094-121-blinkerbirne-12v-3w-roehre-82x28-universal-einsetzbar","title":{"rendered":"Leuchtmittel Birne 8GM 002 094-121 Blinkerbirne 12V\/3W R\u00f6hre 8,2X28 universal einsetzbar"},"content":{"rendered":"<div style=\"font-size:15px\">\n<h4>Leuchtmittel Birne 8GM 002 094-121 Blinkerbirne 12V\/3W R\u00f6hre 8,2X28 universal einsetzbar<\/h4>\n<div class=\"table_info\">\n<p>HELLA 8GM 002 094-121 Blinkerbirne<\/p>\n<table>\n<tbody>\n<tr>\n<td>Spannung<\/td>\n<td>12V<\/td>\n<\/tr>\n<tr>\n<td>Nennleistung<\/td>\n<td>3 W<\/td>\n<\/tr>\n<tr>\n<td>Lampenart<\/td>\n<td>C3W<\/td>\n<\/tr>\n<tr>\n<td>Leuchten-Bauart<\/td>\n<td>Halogen<\/td>\n<\/tr>\n<tr>\n<td>Sockelausf\u00fchrung<\/td>\n<td>SV7-8<\/td>\n<\/tr>\n<\/tbody>\n<\/table>\n<\/p><\/div>\n<p>                <span style=\"font-size:1px;color:white\">LKW, Nutzfahrzeug, universal, universell, Gl\u00fch, Lampe, Gl\u00fchlampe, Gl\u00fchbirne, Birne, Kolbenform, Sockel, Sockelausf\u00fchrung, Nennleistung, Watt, Volt, W, V, Spannung, Hella, Licht, L\u00e4mpchen, Birnchen, Pr\u00fcfzeichen, Lampenart, Leuchte, Leuchtmittel, Halogen, ECE, C3W, SV7-8<\/span><\/p>\n<h4>OE &amp; OEM Referenznummern:<\/h4>\n<p><a href=\"https:\/\/lkw-teile-truckmotive.de\/products\/81259010033\">81259010033<\/a>, <a href=\"https:\/\/lkw-teile-truckmotive.de\/products\/81259017028\">81259017028<\/a>, <a href=\"https:\/\/lkw-teile-truckmotive.de\/products\/85900013319\">85900013319<\/a>, <a href=\"https:\/\/lkw-teile-truckmotive.de\/products\/8GM002094-121\">8GM002094-121<\/a>, <a href=\"https:\/\/lkw-teile-truckmotive.de\/products\/KDWHLO9253\">KDWHLO9253<\/a>, <a href=\"https:\/\/lkw-teile-truckmotive.de\/products\/90002491\">90002491<\/a>, <a href=\"https:\/\/lkw-teile-truckmotive.de\/products\/0044351\">0044351<\/a>, <a href=\"https:\/\/lkw-teile-truckmotive.de\/products\/94790052300\">94790052300<\/a>, <a href=\"https:\/\/lkw-teile-truckmotive.de\/products\/8420%2F03032\">8420\/03032<\/a>, <a href=\"https:\/\/lkw-teile-truckmotive.de\/products\/165711\">165711<\/a>, <a href=\"https:\/\/lkw-teile-truckmotive.de\/products\/\"><\/a><\/p>\n<p><span style=\"font-size:12px\"><b>Hinweis: <\/b><br \/>Alle aufgef\u00fchrten Marken, Referenzen sowie Vergleichsnummern dienen lediglich dem Vergleichszweck.<br \/>\nDie angebotenen Artikel sind, sofern nicht anders angegeben, Nachbauteile in Erstausr\u00fcsterqualit\u00e4t.<\/span><\/p>\n<details>\n<summary style=\"cursor: pointer;color: #06c;font-size: 15px\">Herstellerinformation<\/summary>\n<div class=\"manufacturer-info\" style=\"padding: 10px;border: 1px solid #888;margin-top: 10px;background-color: #f9f9f9\">\n<p><b>HELLA GmbH &amp; Co. KGaA<\/b><br \/>Rixbecker Str. 75<br \/>DE-59552 Lippstadt &#8211; DE<br \/>Tel.: +49 (0) 2941\/38-0<br \/>Mail: info@forvia.com<\/p>\n<\/p><\/div>\n<\/details><\/div>\n","protected":false},"excerpt":{"rendered":"<div style=\"font-size:15px\">\n<p style=\"font-size:17px;color:black\"><b>Lieferumfang:<\/b><\/p>\n<p style=\"padding-top:6px\">1x Gl\u00fchlampe<\/p>\n<p><\/br><\/p>\n<p style=\"font-size:17px;color:black\"><b>Passend f\u00fcr<\/b><\/p>\n<ul style=\"padding-top:6px\">\n<ul>\n<li>universal einsetzbar<\/li>\n<\/ul>\n<\/ul>\n<p><span style=\"font-size:12px\">Das Ersatzteil passt unter anderem f\u00fcr die oben genannten Modelle. Bitte pr\u00fcfen Sie die Ersatzteil-Nummer, um eine Fehlbestellung zu vermeiden. Nicht sicher, ob das Teil passt? Kontaktieren Sie uns!<\/span><\/p>\n<\/div>\n","protected":false},"featured_media":175188,"comment_status":"open","ping_status":"closed","template":"","meta":[],"_links":{"self":[{"href":"https:\/\/lkw-teile-truckmotive.de\/index.php\/wp-json\/wp\/v2\/product\/156770"}],"collection":[{"href":"https:\/\/lkw-teile-truckmotive.de\/index.php\/wp-json\/wp\/v2\/product"}],"about":[{"href":"https:\/\/lkw-teile-truckmotive.de\/index.php\/wp-json\/wp\/v2\/types\/product"}],"replies":[{"embeddable":true,"href":"https:\/\/lkw-teile-truckmotive.de\/index.php\/wp-json\/wp\/v2\/comments?post=156770"}],"wp:featuredmedia":[{"embeddable":true,"href":"https:\/\/lkw-teile-truckmotive.de\/index.php\/wp-json\/wp\/v2\/media\/175188"}],"wp:attachment":[{"href":"https:\/\/lkw-teile-truckmotive.de\/index.php\/wp-json\/wp\/v2\/media?parent=156770"}],"curies":[{"name":"wp","href":"https:\/\/api.w.org\/{rel}","templated":true}]}}