{"id":170185,"date":"2025-12-17T11:23:04","date_gmt":"2025-12-17T10:23:04","guid":{"rendered":"https:\/\/lkw-teile-truckmotive.de\/index.php\/produkt\/ventil-luftfederventil-vgl-sv1281-passend-fuer-fuer-diverse-trailer-auflieger"},"modified":"2026-02-04T13:46:11","modified_gmt":"2026-02-04T12:46:11","slug":"ventil-luftfederventil-vgl-sv1281-passend-fuer-fuer-diverse-trailer-auflieger","status":"publish","type":"product","link":"https:\/\/lkw-teile-truckmotive.de\/index.php\/produkt\/ventil-luftfederventil-vgl-sv1281-passend-fuer-fuer-diverse-trailer-auflieger","title":{"rendered":"Ventil Luftfederventil vgl. SV1281 passend f\u00fcr f\u00fcr diverse Trailer\/Auflieger"},"content":{"rendered":"<div style=\"font-size:15px\">\n<h4>Ventil Luftfederventil vgl. SV1281 passend f\u00fcr f\u00fcr diverse Trailer\/Auflieger<\/h4>\n<div class=\"table_info\">\n<p>Teblox Luftfederungsventil<\/p>\n<table>\n<tbody>\n<tr>\n<td>Anschlussgewinde<\/td>\n<td>M12 x 1.5 + M16 x 1.5<\/td>\n<\/tr>\n<\/tbody>\n<\/table>\n<\/p><\/div>\n<p>                <span style=\"font-size:1px;color:white\">LKW, NFZ, Ersatz, Teil, Ersatzteil, Austausch, Reparatur, Wartung, \u00dcberholung, universal, Anh\u00e4nger, Trailer, Auflieger, Niveau, Ventil, Luft, Federung, Luftfederung, Federventil, Druckluftanlage, Druckluft, Bet\u00e4tigungshebel, Heben senken, <\/span><\/p>\n<h4>OE &amp; OEM Referenznummern:<\/h4>\n<p><a href=\"https:\/\/lkw-teile-truckmotive.de\/products\/I69346\">I69346<\/a>, <a href=\"https:\/\/lkw-teile-truckmotive.de\/products\/I69346AT\">I69346AT<\/a>, <a href=\"https:\/\/lkw-teile-truckmotive.de\/products\/I80095\">I80095<\/a>, <a href=\"https:\/\/lkw-teile-truckmotive.de\/products\/I80095AT\">I80095AT<\/a>, <a href=\"https:\/\/lkw-teile-truckmotive.de\/products\/I80095ATR\">I80095ATR<\/a>, <a href=\"https:\/\/lkw-teile-truckmotive.de\/products\/I80095B\">I80095B<\/a>, <a href=\"https:\/\/lkw-teile-truckmotive.de\/products\/SV1281\">SV1281<\/a>, <a href=\"https:\/\/lkw-teile-truckmotive.de\/products\/5021133364\">5021133364<\/a>, <a href=\"https:\/\/lkw-teile-truckmotive.de\/products\/0501-207-353\">0501-207-353<\/a>, <a href=\"https:\/\/lkw-teile-truckmotive.de\/products\/3283330\">3283330<\/a>, <a href=\"https:\/\/lkw-teile-truckmotive.de\/products\/172017\">172017<\/a><\/p>\n<p><span style=\"font-size:12px\"><b>Hinweis: <\/b><br \/>Alle aufgef\u00fchrten Marken, Referenzen sowie Vergleichsnummern dienen lediglich dem Vergleichszweck.<br \/>\nDie angebotenen Artikel sind, sofern nicht anders angegeben, Nachbauteile in Erstausr\u00fcsterqualit\u00e4t.<\/span><\/p>\n<details>\n<summary style=\"cursor: pointer;color: #06c;font-size: 15px\">Herstellerinformation<\/summary>\n<div class=\"manufacturer-info\" style=\"padding: 10px;border: 1px solid #888;margin-top: 10px;background-color: #f9f9f9\">\n<p><b>Truckmotive GmbH<\/b><br \/>Welschenkamp 18<br \/>DE-47138 Duisburg &#8211; DE<br \/>Tel.: <br \/>Mail: hallo@truckmotive.de<\/p>\n<\/p><\/div>\n<\/details><\/div>\n","protected":false},"excerpt":{"rendered":"<div style=\"font-size:15px\">\n<p style=\"font-size:17px;color:black\"><b>Lieferumfang:<\/b><\/p>\n<p style=\"padding-top:6px\">1x Luftfederventil<\/p>\n<p><\/br><\/p>\n<p style=\"font-size:17px;color:black\"><b>Passend f\u00fcr<\/b><\/p>\n<ul style=\"padding-top:6px\">\n<li>f\u00fcr diverse Trailer\/Auflieger<\/li>\n<\/ul>\n<p><span style=\"font-size:12px\">Das Ersatzteil passt unter anderem f\u00fcr die oben genannten Modelle. Bitte pr\u00fcfen Sie die Ersatzteil-Nummer, um eine Fehlbestellung zu vermeiden. Nicht sicher, ob das Teil passt? Kontaktieren Sie uns!<\/span><\/p>\n<\/div>\n","protected":false},"featured_media":173893,"comment_status":"open","ping_status":"closed","template":"","meta":[],"_links":{"self":[{"href":"https:\/\/lkw-teile-truckmotive.de\/index.php\/wp-json\/wp\/v2\/product\/170185"}],"collection":[{"href":"https:\/\/lkw-teile-truckmotive.de\/index.php\/wp-json\/wp\/v2\/product"}],"about":[{"href":"https:\/\/lkw-teile-truckmotive.de\/index.php\/wp-json\/wp\/v2\/types\/product"}],"replies":[{"embeddable":true,"href":"https:\/\/lkw-teile-truckmotive.de\/index.php\/wp-json\/wp\/v2\/comments?post=170185"}],"wp:featuredmedia":[{"embeddable":true,"href":"https:\/\/lkw-teile-truckmotive.de\/index.php\/wp-json\/wp\/v2\/media\/173893"}],"wp:attachment":[{"href":"https:\/\/lkw-teile-truckmotive.de\/index.php\/wp-json\/wp\/v2\/media?parent=170185"}],"curies":[{"name":"wp","href":"https:\/\/api.w.org\/{rel}","templated":true}]}}