{"id":170213,"date":"2025-12-17T12:02:04","date_gmt":"2025-12-17T11:02:04","guid":{"rendered":"https:\/\/lkw-teile-truckmotive.de\/index.php\/produkt\/steuergeraet-wabco-ebs-trailer-modulator-4801020630-4s-3m"},"modified":"2025-12-17T12:02:04","modified_gmt":"2025-12-17T11:02:04","slug":"steuergeraet-wabco-ebs-trailer-modulator-4801020630-4s-3m","status":"publish","type":"product","link":"https:\/\/lkw-teile-truckmotive.de\/index.php\/produkt\/steuergeraet-wabco-ebs-trailer-modulator-4801020630-4s-3m","title":{"rendered":"Steuerger\u00e4t WABCO EBS-Trailer Modulator 4801020630 4S\/3M"},"content":{"rendered":"<div style=\"font-size:15px\">\n<h4>Steuerger\u00e4t WABCO EBS-Trailer Modulator 4801020630 4S\/3M<\/h4>\n<div class=\"table_info\">\n<p>WABCO EBS-Trailer Modulator 4801020630<\/p>\n<table>\n<tbody>\n<tr>\n<td>Betriebsdruck max.<\/td>\n<td>8.5 bar<\/td>\n<\/tr>\n<tr>\n<td>Spannung<\/td>\n<td>24 V<\/td>\n<\/tr>\n<tr>\n<td>System<\/td>\n<td>4S\/3M<\/td>\n<\/tr>\n<tr>\n<td>Version<\/td>\n<td>TEBS E mit PEM<\/td>\n<\/tr>\n<\/tbody>\n<\/table>\n<\/p><\/div>\n<p>                <span style=\"font-size:1px;color:white\">4S\/3M, Wabco, EBS, Modulator, 24V, Trailer, Anh\u00e4nger, Steruger\u00e4t, Hydraulikeinheit, Achsmodulator, Anh\u00e4ngermodulator, PEM, TEBS E, <\/span><\/p>\n<h4>OE &amp; OEM Referenznummern:<\/h4>\n<p><a href=\"https:\/\/lkw-teile-truckmotive.de\/products\/1275293\">1275293<\/a>, <a href=\"https:\/\/lkw-teile-truckmotive.de\/products\/1115125\">1115125<\/a>, <a href=\"https:\/\/lkw-teile-truckmotive.de\/products\/4801020630\">4801020630<\/a>, <a href=\"https:\/\/lkw-teile-truckmotive.de\/products\/7118837\">7118837<\/a>, <a href=\"https:\/\/lkw-teile-truckmotive.de\/products\/1066116\">1066116<\/a>, <a href=\"https:\/\/lkw-teile-truckmotive.de\/products\/170974\">170974<\/a>, <a href=\"https:\/\/lkw-teile-truckmotive.de\/products\/515024036\">515024036<\/a>, <a href=\"https:\/\/lkw-teile-truckmotive.de\/products\/21150110185\">21150110185<\/a>, <a href=\"https:\/\/lkw-teile-truckmotive.de\/products\/1268388\">1268388<\/a>, <a href=\"https:\/\/lkw-teile-truckmotive.de\/products\/AIF2062\">AIF2062<\/a>, <a href=\"https:\/\/lkw-teile-truckmotive.de\/products\/1935126\">1935126<\/a>, <a href=\"https:\/\/lkw-teile-truckmotive.de\/products\/1042743\">1042743<\/a>, <a href=\"https:\/\/lkw-teile-truckmotive.de\/products\/1115125\">1115125<\/a>, <a href=\"https:\/\/lkw-teile-truckmotive.de\/products\/83603\">83603<\/a>, <a href=\"https:\/\/lkw-teile-truckmotive.de\/products\/21150110185\">21150110185<\/a>, <a href=\"https:\/\/lkw-teile-truckmotive.de\/products\/11074055\">11074055<\/a><\/p>\n<p><span style=\"font-size:12px\"><b>Hinweis: <\/b><br \/>Alle aufgef\u00fchrten Marken, Referenzen sowie Vergleichsnummern dienen lediglich dem Vergleichszweck.<br \/>\nDie angebotenen Artikel sind, sofern nicht anders angegeben, Nachbauteile in Erstausr\u00fcsterqualit\u00e4t.<\/span><\/p>\n<details>\n<summary style=\"cursor: pointer;color: #06c;font-size: 15px\">Herstellerinformation<\/summary>\n<div class=\"manufacturer-info\" style=\"padding: 10px;border: 1px solid #888;margin-top: 10px;background-color: #f9f9f9\">\n<p><b>ZF CV Systems Hannover GmbH Wabco<\/b><br \/>Am Lindener Hafen 21<br \/>DE-30453 Hannover &#8211; DE<br \/>Tel.: <br \/>Mail: direct.cvcs@tf.com<\/p>\n<\/p><\/div>\n<\/details><\/div>\n","protected":false},"excerpt":{"rendered":"<div style=\"font-size:15px\">\n<p style=\"font-size:17px;color:black\"><b>Lieferumfang:<\/b><\/p>\n<p style=\"padding-top:6px\">1x EBS-Trailer Modulator<\/p>\n<p><\/br><\/p>\n<p style=\"font-size:17px;color:black\"><b>Passend f\u00fcr<\/b><\/p>\n<ul style=\"padding-top:6px\">\n<li>f\u00fcr diverse Ahn\u00e4nger\/Trailer<\/li>\n<\/ul>\n<p><span style=\"font-size:12px\">Das Ersatzteil passt unter anderem f\u00fcr die oben genannten Modelle. Bitte pr\u00fcfen Sie die Ersatzteil-Nummer, um eine Fehlbestellung zu vermeiden. Nicht sicher, ob das Teil passt? Kontaktieren Sie uns!<\/span><\/p>\n<\/div>\n","protected":false},"featured_media":170214,"comment_status":"open","ping_status":"closed","template":"","meta":[],"_links":{"self":[{"href":"https:\/\/lkw-teile-truckmotive.de\/index.php\/wp-json\/wp\/v2\/product\/170213"}],"collection":[{"href":"https:\/\/lkw-teile-truckmotive.de\/index.php\/wp-json\/wp\/v2\/product"}],"about":[{"href":"https:\/\/lkw-teile-truckmotive.de\/index.php\/wp-json\/wp\/v2\/types\/product"}],"replies":[{"embeddable":true,"href":"https:\/\/lkw-teile-truckmotive.de\/index.php\/wp-json\/wp\/v2\/comments?post=170213"}],"wp:featuredmedia":[{"embeddable":true,"href":"https:\/\/lkw-teile-truckmotive.de\/index.php\/wp-json\/wp\/v2\/media\/170214"}],"wp:attachment":[{"href":"https:\/\/lkw-teile-truckmotive.de\/index.php\/wp-json\/wp\/v2\/media?parent=170213"}],"curies":[{"name":"wp","href":"https:\/\/api.w.org\/{rel}","templated":true}]}}