{"id":171636,"date":"2026-01-06T15:13:05","date_gmt":"2026-01-06T14:13:05","guid":{"rendered":"https:\/\/lkw-teile-truckmotive.de\/index.php\/produkt\/deckel-oelablassschraube-m22x15-universal-einsetzbar"},"modified":"2026-01-06T15:20:05","modified_gmt":"2026-01-06T14:20:05","slug":"deckel-oelablassschraube-m22x15-universal-einsetzbar","status":"publish","type":"product","link":"https:\/\/lkw-teile-truckmotive.de\/index.php\/produkt\/deckel-oelablassschraube-m22x15-universal-einsetzbar","title":{"rendered":"Deckel \u00d6lablassschraube M22X1,5 universal einsetzbar"},"content":{"rendered":"<div style=\"font-size:15px\">\n<h4>Deckel \u00d6lablassschraube M22X1,5 universal einsetzbar<\/h4>\n<div class=\"table_info\">\n<p>Teblox \u00d6lablassschraube<\/p>\n<table>\n<tbody>\n<tr>\n<td>L\u00e4nge<\/td>\n<td>18 mm<\/td>\n<\/tr>\n<tr>\n<td>Schl\u00fcsselweite<\/td>\n<td>10 mm<\/td>\n<\/tr>\n<tr>\n<td>Gewindel\u00e4nge<\/td>\n<td>12 mm<\/td>\n<\/tr>\n<tr>\n<td>Durchmesser<\/td>\n<td>27 mm<\/td>\n<\/tr>\n<tr>\n<td>Gewindema\u00df<\/td>\n<td>M22 x 1.5<\/td>\n<\/tr>\n<\/tbody>\n<\/table>\n<\/p><\/div>\n<p>                <span style=\"font-size:1px;color:white\">Ablassschraube, \u00d6lablass, \u00d6lwanne, \u00d6lsumpf, \u00d6lwannenschraube, Verschlussschraube, <\/span><\/p>\n<h4>OE &amp; OEM Referenznummern:<\/h4>\n<p><a href=\"https:\/\/lkw-teile-truckmotive.de\/products\/06080420307\">06080420307<\/a><\/p>\n<p><span style=\"font-size:12px\"><b>Hinweis: <\/b><br \/>Alle aufgef\u00fchrten Marken, Referenzen sowie Vergleichsnummern dienen lediglich dem Vergleichszweck.<br \/>\nDie angebotenen Artikel sind, sofern nicht anders angegeben, Nachbauteile in Erstausr\u00fcsterqualit\u00e4t.<\/span><\/p>\n<details>\n<summary style=\"cursor: pointer;color: #06c;font-size: 15px\">Herstellerinformation<\/summary>\n<div class=\"manufacturer-info\" style=\"padding: 10px;border: 1px solid #888;margin-top: 10px;background-color: #f9f9f9\">\n<p><b>Truckmotive GmbH<\/b><br \/>Welschenkamp 18<br \/>DE-47138 Duisburg &#8211; DE<br \/>Tel.: <br \/>Mail: hallo@truckmotive.de<\/p>\n<\/p><\/div>\n<\/details><\/div>\n","protected":false},"excerpt":{"rendered":"<div style=\"font-size:15px\">\n<p style=\"font-size:17px;color:black\"><b>Lieferumfang:<\/b><\/p>\n<p style=\"padding-top:6px\">1x \u00d6lablassschraube<\/p>\n<p><\/br><\/p>\n<p style=\"font-size:17px;color:black\"><b>Passend f\u00fcr<\/b><\/p>\n<ul style=\"padding-top:6px\">\n<li>universal einsetzbar<\/li>\n<\/ul>\n<p><span style=\"font-size:12px\">Das Ersatzteil passt unter anderem f\u00fcr die oben genannten Modelle. Bitte pr\u00fcfen Sie die Ersatzteil-Nummer, um eine Fehlbestellung zu vermeiden. Nicht sicher, ob das Teil passt? Kontaktieren Sie uns!<\/span><\/p>\n<\/div>\n","protected":false},"featured_media":171639,"comment_status":"open","ping_status":"closed","template":"","meta":[],"_links":{"self":[{"href":"https:\/\/lkw-teile-truckmotive.de\/index.php\/wp-json\/wp\/v2\/product\/171636"}],"collection":[{"href":"https:\/\/lkw-teile-truckmotive.de\/index.php\/wp-json\/wp\/v2\/product"}],"about":[{"href":"https:\/\/lkw-teile-truckmotive.de\/index.php\/wp-json\/wp\/v2\/types\/product"}],"replies":[{"embeddable":true,"href":"https:\/\/lkw-teile-truckmotive.de\/index.php\/wp-json\/wp\/v2\/comments?post=171636"}],"wp:featuredmedia":[{"embeddable":true,"href":"https:\/\/lkw-teile-truckmotive.de\/index.php\/wp-json\/wp\/v2\/media\/171639"}],"wp:attachment":[{"href":"https:\/\/lkw-teile-truckmotive.de\/index.php\/wp-json\/wp\/v2\/media?parent=171636"}],"curies":[{"name":"wp","href":"https:\/\/api.w.org\/{rel}","templated":true}]}}