{"id":172310,"date":"2026-01-16T10:29:04","date_gmt":"2026-01-16T09:29:04","guid":{"rendered":"https:\/\/lkw-teile-truckmotive.de\/index.php\/produkt\/stossdaempfer-sachs-311657-ha-beidseitig-passend-fuer-scania-l-p-g-r-s-volvo-fh12-fh16-1-3-fm12-fm9-fm-1-3-fmx-1-3-fh-2-3"},"modified":"2026-01-16T10:38:04","modified_gmt":"2026-01-16T09:38:04","slug":"stossdaempfer-sachs-311657-ha-beidseitig-passend-fuer-scania-l-p-g-r-s-volvo-fh12-fh16-1-3-fm12-fm9-fm-1-3-fmx-1-3-fh-2-3","status":"publish","type":"product","link":"https:\/\/lkw-teile-truckmotive.de\/index.php\/produkt\/stossdaempfer-sachs-311657-ha-beidseitig-passend-fuer-scania-l-p-g-r-s-volvo-fh12-fh16-1-3-fm12-fm9-fm-1-3-fmx-1-3-fh-2-3","title":{"rendered":"Sto\u00dfd\u00e4mpfer SACHS 311657 HA beidseitig passend f\u00fcr Scania L, P, G, R, S, Volvo FH12, FH16 1-3, FM12, FM9, FM 1-3, FMX 1-3, FH 2-3"},"content":{"rendered":"<div style=\"font-size:15px\">\n<h4>Sto\u00dfd\u00e4mpfer SACHS 311657 HA beidseitig passend f\u00fcr Scania L, P, G, R, S, Volvo FH12, FH16 1-3, FM12, FM9, FM 1-3, FMX 1-3, FH 2-3<\/h4>\n<div class=\"table_info\">\n<p>SACHS 311 657 Sto\u00dfd\u00e4mpfer<\/p>\n<table>\n<tbody>\n<tr>\n<td>Einbauort<\/td>\n<td>Hinterachse, beidseitig<\/td>\n<\/tr>\n<tr>\n<td>Sto\u00dfd\u00e4mpfer-System<\/td>\n<td>Zweirohr<\/td>\n<\/tr>\n<tr>\n<td>Sto\u00dfd\u00e4mpferart<\/td>\n<td>\u00d6ldruck<\/td>\n<\/tr>\n<tr>\n<td>Sto\u00dfd\u00e4mpferbauart<\/td>\n<td>Teleskop-Sto\u00dfd\u00e4mpfer<\/td>\n<\/tr>\n<tr>\n<td>Befestigungsart<\/td>\n<td>oben Augen, unten Auge<\/td>\n<\/tr>\n<tr>\n<td>Durchmesser<\/td>\n<td>70 mm<\/td>\n<\/tr>\n<\/tbody>\n<\/table>\n<\/p><\/div>\n<p>                <span style=\"font-size:1px;color:white\">LKW, NFZ, Nutzfahrzeug, Reparatur, Wartung, Ersatz, Teil, Austausch, Ersatzteil, Teleskop, Sto\u00dfd\u00e4mpfer, Auge, Zweirohr, \u00d6ldruck, Hinterachse, D\u00e4mpfer, <\/span><\/p>\n<h4>OE &amp; OEM Referenznummern:<\/h4>\n<p><a href=\"https:\/\/lkw-teile-truckmotive.de\/products\/20374544\">20374544<\/a>, <a href=\"https:\/\/lkw-teile-truckmotive.de\/products\/20585555\">20585555<\/a>, <a href=\"https:\/\/lkw-teile-truckmotive.de\/products\/21172388\">21172388<\/a>, <a href=\"https:\/\/lkw-teile-truckmotive.de\/products\/23960709\">23960709<\/a>, <a href=\"https:\/\/lkw-teile-truckmotive.de\/products\/3004671\">3004671<\/a>, <a href=\"https:\/\/lkw-teile-truckmotive.de\/products\/\"><\/a><\/p>\n<p><span style=\"font-size:12px\"><b>Hinweis: <\/b><br \/>Alle aufgef\u00fchrten Marken, Referenzen sowie Vergleichsnummern dienen lediglich dem Vergleichszweck.<br \/>\nDie angebotenen Artikel sind, sofern nicht anders angegeben, Nachbauteile in Erstausr\u00fcsterqualit\u00e4t.<\/span><\/p>\n<details>\n<summary style=\"cursor: pointer;color: #06c;font-size: 15px\">Herstellerinformation<\/summary>\n<div class=\"manufacturer-info\" style=\"padding: 10px;border: 1px solid #888;margin-top: 10px;background-color: #f9f9f9\">\n<p><b>SACHS PRODUCTS GmbH<\/b><br \/>Robert-Bosch-Str.1<br \/>DE-78234 Engen &#8211; DE<br \/>Tel.: +49 7733 503 99 10<br \/>Mail: info@sachs-engineering.de<\/p>\n<\/p><\/div>\n<\/details><\/div>\n","protected":false},"excerpt":{"rendered":"<div style=\"font-size:15px\">\n<p style=\"font-size:17px;color:black\"><b>Lieferumfang:<\/b><\/p>\n<p style=\"padding-top:6px\">1x Sto\u00dfd\u00e4mpfer<\/p>\n<p><\/br><\/p>\n<p style=\"font-size:17px;color:black\"><b>Passend f\u00fcr<\/b><\/p>\n<ul style=\"padding-top:6px\">\n<li>Scania L, P, G, R, S<\/li>\n<li>Volvo FH12, FH16, FM12, FM9, FM, FMX, FH2, FH16 2, FMX2, FM2, FM3, FMX3, FH16 3, FH3<\/li>\n<\/ul>\n<p><span style=\"font-size:12px\">Das Ersatzteil passt unter anderem f\u00fcr die oben genannten Modelle. Bitte pr\u00fcfen Sie die Ersatzteil-Nummer, um eine Fehlbestellung zu vermeiden. Nicht sicher, ob das Teil passt? Kontaktieren Sie uns!<\/span><\/p>\n<\/div>\n","protected":false},"featured_media":172312,"comment_status":"open","ping_status":"closed","template":"","meta":[],"_links":{"self":[{"href":"https:\/\/lkw-teile-truckmotive.de\/index.php\/wp-json\/wp\/v2\/product\/172310"}],"collection":[{"href":"https:\/\/lkw-teile-truckmotive.de\/index.php\/wp-json\/wp\/v2\/product"}],"about":[{"href":"https:\/\/lkw-teile-truckmotive.de\/index.php\/wp-json\/wp\/v2\/types\/product"}],"replies":[{"embeddable":true,"href":"https:\/\/lkw-teile-truckmotive.de\/index.php\/wp-json\/wp\/v2\/comments?post=172310"}],"wp:featuredmedia":[{"embeddable":true,"href":"https:\/\/lkw-teile-truckmotive.de\/index.php\/wp-json\/wp\/v2\/media\/172312"}],"wp:attachment":[{"href":"https:\/\/lkw-teile-truckmotive.de\/index.php\/wp-json\/wp\/v2\/media?parent=172310"}],"curies":[{"name":"wp","href":"https:\/\/api.w.org\/{rel}","templated":true}]}}