{"id":172394,"date":"2026-01-16T15:43:03","date_gmt":"2026-01-16T14:43:03","guid":{"rendered":"https:\/\/lkw-teile-truckmotive.de\/index.php\/produkt\/ventil-relaisventil-10-bar-vgl-9730110070-passend-fuer-diverse-lkws"},"modified":"2026-01-16T15:53:08","modified_gmt":"2026-01-16T14:53:08","slug":"ventil-relaisventil-10-bar-vgl-9730110070-passend-fuer-diverse-lkws","status":"publish","type":"product","link":"https:\/\/lkw-teile-truckmotive.de\/index.php\/produkt\/ventil-relaisventil-10-bar-vgl-9730110070-passend-fuer-diverse-lkws","title":{"rendered":"Ventil Relaisventil 10 bar vgl. 9730110070 passend f\u00fcr diverse LKW\u00b4s"},"content":{"rendered":"<div style=\"font-size:15px\">\n<h4>Ventil Relaisventil 10 bar vgl. 9730110070 passend f\u00fcr diverse LKW\u00b4s<\/h4>\n<div class=\"table_info\">\n<p>Teblox Relaisventil<\/p>\n<table>\n<tbody>\n<tr>\n<td>Gewindeanschluss 1-2<\/td>\n<td>M22 x 1.5<\/td>\n<\/tr>\n<tr>\n<td>Gewindeanschluss 3<\/td>\n<td>Entl\u00fcftung<\/td>\n<\/tr>\n<tr>\n<td>Gewindeanschluss 4<\/td>\n<td>M16 x 1.5<\/td>\n<\/tr>\n<tr>\n<td>Lagerung<\/td>\n<td>4x M8<\/td>\n<\/tr>\n<tr>\n<td>Betriebsdruck bis<\/td>\n<td>10 bar<\/td>\n<\/tr>\n<\/tbody>\n<\/table>\n<\/p><\/div>\n<p>                <span style=\"font-size:1px;color:white\">LKW, NFZ, Nutzfahrzeug, Reparatur, Wartung, Ersatz, Teil, Austausch, Ersatzteil, \u00dcberholung, Ventil, Notventil, Druckaufbau, verk\u00fcrzen, Relaisventil, bremsen, erh\u00f6hen, verringern<\/span><\/p>\n<h4>OE &amp; OEM Referenznummern:<\/h4>\n<p><a href=\"https:\/\/lkw-teile-truckmotive.de\/products\/9730110070\">9730110070<\/a>, <a href=\"https:\/\/lkw-teile-truckmotive.de\/products\/2V2607359A\">2V2607359A<\/a>, <a href=\"https:\/\/lkw-teile-truckmotive.de\/products\/A3864297044\">A3864297044<\/a>, <a href=\"https:\/\/lkw-teile-truckmotive.de\/products\/3864297044\">3864297044<\/a>, <a href=\"https:\/\/lkw-teile-truckmotive.de\/products\/3173150%0A\">3173150<br \/>\n<\/a>, <a href=\"https:\/\/lkw-teile-truckmotive.de\/products\/3173824%0A\">3173824<br \/>\n<\/a>, <a href=\"https:\/\/lkw-teile-truckmotive.de\/products\/1082666%0A\">1082666<br \/>\n<\/a>, <a href=\"https:\/\/lkw-teile-truckmotive.de\/products\/1606709%0A\">1606709<br \/>\n<\/a>, <a href=\"https:\/\/lkw-teile-truckmotive.de\/products\/11117866%0A\">11117866<br \/>\n<\/a>, <a href=\"https:\/\/lkw-teile-truckmotive.de\/products\/3162118%0A\">3162118<br \/>\n<\/a>, <a href=\"https:\/\/lkw-teile-truckmotive.de\/products\/1197892%0A\">1197892<br \/>\n<\/a>, <a href=\"https:\/\/lkw-teile-truckmotive.de\/products\/8551104%0A\">8551104<br \/>\n<\/a>, <a href=\"https:\/\/lkw-teile-truckmotive.de\/products\/42125234%0A\">42125234<br \/>\n<\/a>, <a href=\"https:\/\/lkw-teile-truckmotive.de\/products\/5801101681%0A\">5801101681<br \/>\n<\/a>, <a href=\"https:\/\/lkw-teile-truckmotive.de\/products\/175565%0A\">175565<br \/>\n<\/a>, <a href=\"https:\/\/lkw-teile-truckmotive.de\/products\/1519331%0A\">1519331<br \/>\n<\/a>, <a href=\"https:\/\/lkw-teile-truckmotive.de\/products\/1238501%0A\">1238501<br \/>\n<\/a>, <a href=\"https:\/\/lkw-teile-truckmotive.de\/products\/661693%0A\">661693<br \/>\n<\/a>, <a href=\"https:\/\/lkw-teile-truckmotive.de\/products\/759426%0A\">759426<br \/>\n<\/a>, <a href=\"https:\/\/lkw-teile-truckmotive.de\/products\/396407%0A\">396407<br \/>\n<\/a>, <a href=\"https:\/\/lkw-teile-truckmotive.de\/products\/689331%0A\">689331<br \/>\n<\/a>, <a href=\"https:\/\/lkw-teile-truckmotive.de\/products\/1506477%0A\">1506477<br \/>\n<\/a>, <a href=\"https:\/\/lkw-teile-truckmotive.de\/products\/0396407%0A\">0396407<br \/>\n<\/a>, <a href=\"https:\/\/lkw-teile-truckmotive.de\/products\/0759426%0A\">0759426<br \/>\n<\/a>, <a href=\"https:\/\/lkw-teile-truckmotive.de\/products\/1238474%0A\">1238474<br \/>\n<\/a>, <a href=\"https:\/\/lkw-teile-truckmotive.de\/products\/1238501R%0A\">1238501R<br \/>\n<\/a>, <a href=\"https:\/\/lkw-teile-truckmotive.de\/products\/1238501A%0A\">1238501A<br \/>\n<\/a>, <a href=\"https:\/\/lkw-teile-truckmotive.de\/products\/1238474R%0A\">1238474R<br \/>\n<\/a>, <a href=\"https:\/\/lkw-teile-truckmotive.de\/products\/1238474A%0A\">1238474A<br \/>\n<\/a>, <a href=\"https:\/\/lkw-teile-truckmotive.de\/products\/6310237%0A\">6310237<br \/>\n<\/a>, <a href=\"https:\/\/lkw-teile-truckmotive.de\/products\/0661693%0A\">0661693<br \/>\n<\/a>, <a href=\"https:\/\/lkw-teile-truckmotive.de\/products\/0759426R%0A\">0759426R<br \/>\n<\/a>, <a href=\"https:\/\/lkw-teile-truckmotive.de\/products\/0759426A%0A\">0759426A<br \/>\n<\/a>, <a href=\"https:\/\/lkw-teile-truckmotive.de\/products\/759426A%0A\">759426A<br \/>\n<\/a>, <a href=\"https:\/\/lkw-teile-truckmotive.de\/products\/759426R%0A\">759426R<br \/>\n<\/a>, <a href=\"https:\/\/lkw-teile-truckmotive.de\/products\/0689331%0A\">0689331<br \/>\n<\/a>, <a href=\"https:\/\/lkw-teile-truckmotive.de\/products\/1322986%0A\">1322986<br \/>\n<\/a>, <a href=\"https:\/\/lkw-teile-truckmotive.de\/products\/579044%0A\">579044<br \/>\n<\/a>, <a href=\"https:\/\/lkw-teile-truckmotive.de\/products\/1738439%0A\">1738439<br \/>\n<\/a>, <a href=\"https:\/\/lkw-teile-truckmotive.de\/products\/1935626%0A\">1935626<br \/>\n<\/a>, <a href=\"https:\/\/lkw-teile-truckmotive.de\/products\/945165%0A\">945165<br \/>\n<\/a>, <a href=\"https:\/\/lkw-teile-truckmotive.de\/products\/500945165%0A\">500945165<br \/>\n<\/a>, <a href=\"https:\/\/lkw-teile-truckmotive.de\/products\/505821202%0A\">505821202<br \/>\n<\/a>, <a href=\"https:\/\/lkw-teile-truckmotive.de\/products\/5010216845%0A\">5010216845<br \/>\n<\/a>, <a href=\"https:\/\/lkw-teile-truckmotive.de\/products\/5010045796%0A\">5010045796<br \/>\n<\/a>, <a href=\"https:\/\/lkw-teile-truckmotive.de\/products\/5021170464%0A\">5021170464<br \/>\n<\/a>, <a href=\"https:\/\/lkw-teile-truckmotive.de\/products\/5021170453%0A\">5021170453<br \/>\n<\/a>, <a href=\"https:\/\/lkw-teile-truckmotive.de\/products\/5000546557%0A\">5000546557<br \/>\n<\/a>, <a href=\"https:\/\/lkw-teile-truckmotive.de\/products\/81521166037%0A\">81521166037<br \/>\n<\/a>, <a href=\"https:\/\/lkw-teile-truckmotive.de\/products\/81521166049%0A\">81521166049<br \/>\n<\/a>, <a href=\"https:\/\/lkw-teile-truckmotive.de\/products\/81521166047%0A\">81521166047<br \/>\n<\/a>, <a href=\"https:\/\/lkw-teile-truckmotive.de\/products\/09730110000%0A\">09730110000<br \/>\n<\/a>, <a href=\"https:\/\/lkw-teile-truckmotive.de\/products\/81436066008%0A\">81436066008<br \/>\n<\/a>, <a href=\"https:\/\/lkw-teile-truckmotive.de\/products\/81521166010%0A\">81521166010<br \/>\n<\/a>, <a href=\"https:\/\/lkw-teile-truckmotive.de\/products\/81436099008%0A\">81436099008<br \/>\n<\/a>, <a href=\"https:\/\/lkw-teile-truckmotive.de\/products\/81521166013%0A\">81521166013<br \/>\n<\/a>, <a href=\"https:\/\/lkw-teile-truckmotive.de\/products\/81521166014%0A\">81521166014<br \/>\n<\/a>, <a href=\"https:\/\/lkw-teile-truckmotive.de\/products\/81521166019%0A\">81521166019<br \/>\n<\/a>, <a href=\"https:\/\/lkw-teile-truckmotive.de\/products\/81521166033%0A\">81521166033<br \/>\n<\/a>, <a href=\"https:\/\/lkw-teile-truckmotive.de\/products\/N1011018624%0A\">N1011018624<br \/>\n<\/a>, <a href=\"https:\/\/lkw-teile-truckmotive.de\/products\/81521166036%0A\">81521166036<br \/>\n<\/a>, <a href=\"https:\/\/lkw-teile-truckmotive.de\/products\/81521166038%0A\">81521166038<br \/>\n<\/a>, <a href=\"https:\/\/lkw-teile-truckmotive.de\/products\/85500013131%0A\">85500013131<br \/>\n<\/a>, <a href=\"https:\/\/lkw-teile-truckmotive.de\/products\/85500014392%0A\">85500014392<br \/>\n<\/a>, <a href=\"https:\/\/lkw-teile-truckmotive.de\/products\/81521166035%0A\">81521166035<br \/>\n<\/a>, <a href=\"https:\/\/lkw-teile-truckmotive.de\/products\/0024733006%0A\">0024733006<br \/>\n<\/a>, <a href=\"https:\/\/lkw-teile-truckmotive.de\/products\/0014292044%0A\">0014292044<br \/>\n<\/a>, <a href=\"https:\/\/lkw-teile-truckmotive.de\/products\/0014295444%0A\">0014295444<br \/>\n<\/a>, <a href=\"https:\/\/lkw-teile-truckmotive.de\/products\/0004299544%0A\">0004299544<br \/>\n<\/a>, <a href=\"https:\/\/lkw-teile-truckmotive.de\/products\/0024291644%0A\">0024291644<br \/>\n<\/a>, <a href=\"https:\/\/lkw-teile-truckmotive.de\/products\/0024299244%0A\">0024299244<br \/>\n<\/a>, <a href=\"https:\/\/lkw-teile-truckmotive.de\/products\/0024299444%0A\">0024299444<br \/>\n<\/a>, <a href=\"https:\/\/lkw-teile-truckmotive.de\/products\/0024299344%0A\">0024299344<br \/>\n<\/a>, <a href=\"https:\/\/lkw-teile-truckmotive.de\/products\/0024295344%0A\">0024295344<br \/>\n<\/a>, <a href=\"https:\/\/lkw-teile-truckmotive.de\/products\/0024290744\">0024290744<\/a><\/p>\n<p><span style=\"font-size:12px\"><b>Hinweis: <\/b><br \/>Alle aufgef\u00fchrten Marken, Referenzen sowie Vergleichsnummern dienen lediglich dem Vergleichszweck.<br \/>\nDie angebotenen Artikel sind, sofern nicht anders angegeben, Nachbauteile in Erstausr\u00fcsterqualit\u00e4t.<\/span><\/p>\n<details>\n<summary style=\"cursor: pointer;color: #06c;font-size: 15px\">Herstellerinformation<\/summary>\n<div class=\"manufacturer-info\" style=\"padding: 10px;border: 1px solid #888;margin-top: 10px;background-color: #f9f9f9\">\n<p><b>Truckmotive GmbH<\/b><br \/>Welschenkamp 18<br \/>DE-47138 Duisburg &#8211; DE<br \/>Tel.: <br \/>Mail: hallo@truckmotive.de<\/p>\n<\/p><\/div>\n<\/details><\/div>\n","protected":false},"excerpt":{"rendered":"<div style=\"font-size:15px\">\n<p style=\"font-size:17px;color:black\"><b>Lieferumfang:<\/b><\/p>\n<p style=\"padding-top:6px\">1x Relaisventil<\/p>\n<p><\/br><\/p>\n<p style=\"font-size:17px;color:black\"><b>Passend f\u00fcr<\/b><\/p>\n<ul style=\"padding-top:6px\">\n<li>DAF 65, 75, 85, 95, 95XF, 85CF,<\/li>\n<li>Iveco EuroCargo 1-3, MK, EuroTech MT, EuroStar, EuroTrakker, TurboTech, EuroTech MP\/MH, Trakker<\/li>\n<li>MAN G90, G, M90, F90<\/li>\n<li>Mercedes-Benz LP, LK\/LN2, MK, SK, T2\/L, NG<\/li>\n<li>Renault Trucks Magnum, Manager, C, Major, R, G, TR, Premium<\/li>\n<li>Scania Serie 3<\/li>\n<li>Volvo FH12, FM7, FH16, FM12, FL6, FL7, FL10, FL12, F10, F12, F16, FM10, FM9, FM, FH<\/li>\n<\/ul>\n<p><span style=\"font-size:12px\">Das Ersatzteil passt unter anderem f\u00fcr die oben genannten Modelle. Bitte pr\u00fcfen Sie die Ersatzteil-Nummer, um eine Fehlbestellung zu vermeiden. Nicht sicher, ob das Teil passt? Kontaktieren Sie uns!<\/span><\/p>\n<\/div>\n","protected":false},"featured_media":172408,"comment_status":"open","ping_status":"closed","template":"","meta":[],"_links":{"self":[{"href":"https:\/\/lkw-teile-truckmotive.de\/index.php\/wp-json\/wp\/v2\/product\/172394"}],"collection":[{"href":"https:\/\/lkw-teile-truckmotive.de\/index.php\/wp-json\/wp\/v2\/product"}],"about":[{"href":"https:\/\/lkw-teile-truckmotive.de\/index.php\/wp-json\/wp\/v2\/types\/product"}],"replies":[{"embeddable":true,"href":"https:\/\/lkw-teile-truckmotive.de\/index.php\/wp-json\/wp\/v2\/comments?post=172394"}],"wp:featuredmedia":[{"embeddable":true,"href":"https:\/\/lkw-teile-truckmotive.de\/index.php\/wp-json\/wp\/v2\/media\/172408"}],"wp:attachment":[{"href":"https:\/\/lkw-teile-truckmotive.de\/index.php\/wp-json\/wp\/v2\/media?parent=172394"}],"curies":[{"name":"wp","href":"https:\/\/api.w.org\/{rel}","templated":true}]}}