{"id":172719,"date":"2026-01-21T11:51:04","date_gmt":"2026-01-21T10:51:04","guid":{"rendered":"https:\/\/lkw-teile-truckmotive.de\/index.php\/produkt\/leitung-kuehlmittel-kuehlmittelrohrleitung-kompressor-passend-fuer-man"},"modified":"2026-02-26T12:17:23","modified_gmt":"2026-02-26T11:17:23","slug":"leitung-kuehlmittel-kuehlmittelrohrleitung-kompressor-passend-fuer-man","status":"publish","type":"product","link":"https:\/\/lkw-teile-truckmotive.de\/index.php\/produkt\/leitung-kuehlmittel-kuehlmittelrohrleitung-kompressor-passend-fuer-man","title":{"rendered":"Leitung K\u00fchlmittel K\u00fchlmittelrohrleitung Kompressor passend f\u00fcr MAN"},"content":{"rendered":"<div style=\"font-size:15px\">\n<h4>Leitung K\u00fchlmittel K\u00fchlmittelrohrleitung Kompressor passend f\u00fcr MAN<\/h4>\n<div class=\"table_info\">\n<p>Teblox K\u00fchlmittelleitung<\/p>\n<table>\n<tbody>\n<tr>\n<td>Material<\/td>\n<td>Polyamid<\/td>\n<\/tr>\n<\/tbody>\n<\/table>\n<\/p><\/div>\n<p>                <span style=\"font-size:1px;color:white\">K\u00fchlmittelrohrleitung, K\u00fchlerschlauch, K\u00fchlmitelschlauch, K\u00fchlmittelschlauch, K\u00fchlwaserohr, K\u00fchlwaserschl\u00e4uch, K\u00fchlwasserrohr, K\u00fchlwasserschl\u00e4uch, Waserohr, Waserschlauch, Wasserrohr, Wasserschlauch<\/span><\/p>\n<h4>OE &amp; OEM Referenznummern:<\/h4>\n<p><a href=\"https:\/\/lkw-teile-truckmotive.de\/products\/51063045862\">51063045862<\/a><\/p>\n<p><span style=\"font-size:12px\"><b>Hinweis: <\/b><br \/>Alle aufgef\u00fchrten Marken, Referenzen sowie Vergleichsnummern dienen lediglich dem Vergleichszweck.<br \/>\nDie angebotenen Artikel sind, sofern nicht anders angegeben, Nachbauteile in Erstausr\u00fcsterqualit\u00e4t.<\/span><\/p>\n<details>\n<summary style=\"cursor: pointer;color: #06c;font-size: 15px\">Herstellerinformation<\/summary>\n<div class=\"manufacturer-info\" style=\"padding: 10px;border: 1px solid #888;margin-top: 10px;background-color: #f9f9f9\">\n<p><b>Truckmotive GmbH<\/b><br \/>Welschenkamp 18<br \/>DE-47138 Duisburg &#8211; DE<br \/>Tel.: <br \/>Mail: hallo@truckmotive.de<\/p>\n<\/p><\/div>\n<\/details><\/div>\n","protected":false},"excerpt":{"rendered":"<div style=\"font-size:15px\">\n<p style=\"font-size:17px;color:black\"><b>Lieferumfang:<\/b><\/p>\n<p style=\"padding-top:6px\">1x K\u00fchlmittelleitung<\/p>\n<p><\/br><\/p>\n<p style=\"font-size:17px;color:black\"><b>Passend f\u00fcr<\/b><\/p>\n<ul style=\"padding-top:6px\">\n<li>f\u00fcr MAN mit OE-Nummern: 51063045862<\/li>\n<\/ul>\n<p><span style=\"font-size:12px\">Das Ersatzteil passt unter anderem f\u00fcr die oben genannten Modelle. Bitte pr\u00fcfen Sie die Ersatzteil-Nummer, um eine Fehlbestellung zu vermeiden. Nicht sicher, ob das Teil passt? Kontaktieren Sie uns!<\/span><\/p>\n<\/div>\n","protected":false},"featured_media":175907,"comment_status":"open","ping_status":"closed","template":"","meta":[],"_links":{"self":[{"href":"https:\/\/lkw-teile-truckmotive.de\/index.php\/wp-json\/wp\/v2\/product\/172719"}],"collection":[{"href":"https:\/\/lkw-teile-truckmotive.de\/index.php\/wp-json\/wp\/v2\/product"}],"about":[{"href":"https:\/\/lkw-teile-truckmotive.de\/index.php\/wp-json\/wp\/v2\/types\/product"}],"replies":[{"embeddable":true,"href":"https:\/\/lkw-teile-truckmotive.de\/index.php\/wp-json\/wp\/v2\/comments?post=172719"}],"wp:featuredmedia":[{"embeddable":true,"href":"https:\/\/lkw-teile-truckmotive.de\/index.php\/wp-json\/wp\/v2\/media\/175907"}],"wp:attachment":[{"href":"https:\/\/lkw-teile-truckmotive.de\/index.php\/wp-json\/wp\/v2\/media?parent=172719"}],"curies":[{"name":"wp","href":"https:\/\/api.w.org\/{rel}","templated":true}]}}