{"id":172798,"date":"2026-01-21T15:06:05","date_gmt":"2026-01-21T14:06:05","guid":{"rendered":"https:\/\/lkw-teile-truckmotive.de\/index.php\/produkt\/tuerscharnier-l-r-neuer-typ-passend-fuer-koegel"},"modified":"2026-01-21T15:14:05","modified_gmt":"2026-01-21T14:14:05","slug":"tuerscharnier-l-r-neuer-typ-passend-fuer-koegel","status":"publish","type":"product","link":"https:\/\/lkw-teile-truckmotive.de\/index.php\/produkt\/tuerscharnier-l-r-neuer-typ-passend-fuer-koegel","title":{"rendered":"T\u00fcrscharnier L\/R neuer Typ passend f\u00fcr K\u00f6gel"},"content":{"rendered":"<div style=\"font-size:15px\">\n<h4>T\u00fcrscharnier L\/R neuer Typ passend f\u00fcr K\u00f6gel<\/h4>\n<div class=\"table_info\">\n<p>K\u00f6gel KOG6419280 T\u00fcrscharnier<\/p>\n<table>\n<tbody>\n<tr>\n<td>Erg\u00e4nzende Info<\/td>\n<td>neuer Tpy<\/td>\n<\/tr>\n<tr>\n<td>Einbauseite<\/td>\n<td>beidseitig<\/td>\n<\/tr>\n<\/tbody>\n<\/table>\n<\/p><\/div>\n<p>                <span style=\"font-size:1px;color:white\">Scharnier, T\u00fcrlagerung, T\u00fcrscharnier, T\u00fcrband, <\/span><\/p>\n<h4>OE &amp; OEM Referenznummern:<\/h4>\n<p><a href=\"https:\/\/lkw-teile-truckmotive.de\/products\/KOG6419280\">KOG6419280<\/a><\/p>\n<p><span style=\"font-size:12px\"><b>Hinweis: <\/b><br \/>Alle aufgef\u00fchrten Marken, Referenzen sowie Vergleichsnummern dienen lediglich dem Vergleichszweck.<br \/>\nDie angebotenen Artikel sind, sofern nicht anders angegeben, Nachbauteile in Erstausr\u00fcsterqualit\u00e4t.<\/span><\/p>\n<details>\n<summary style=\"cursor: pointer;color: #06c;font-size: 15px\">Herstellerinformation<\/summary>\n<div class=\"manufacturer-info\" style=\"padding: 10px;border: 1px solid #888;margin-top: 10px;background-color: #f9f9f9\">\n<p><b>K\u00f6gel Trailer GmbH<\/b><br \/>Am K\u00f6gel-Werk 1<br \/>DE-89349 Burtenbach &#8211; DE<br \/>Tel.: +49 8285 88-0<br \/>Mail: info@koegel.com<\/p>\n<\/p><\/div>\n<\/details><\/div>\n","protected":false},"excerpt":{"rendered":"<div style=\"font-size:15px\">\n<p style=\"font-size:17px;color:black\"><b>Lieferumfang:<\/b><\/p>\n<p style=\"padding-top:6px\">1x T\u00fcrscharnier<\/p>\n<p><\/br><\/p>\n<p style=\"font-size:17px;color:black\"><b>Passend f\u00fcr<\/b><\/p>\n<ul style=\"padding-top:6px\">\n<li>F\u00fcr OE-Nummer: KOG6419280<\/li>\n<\/ul>\n<p><span style=\"font-size:12px\">Das Ersatzteil passt unter anderem f\u00fcr die oben genannten Modelle. Bitte pr\u00fcfen Sie die Ersatzteil-Nummer, um eine Fehlbestellung zu vermeiden. Nicht sicher, ob das Teil passt? Kontaktieren Sie uns!<\/span><\/p>\n<\/div>\n","protected":false},"featured_media":172807,"comment_status":"open","ping_status":"closed","template":"","meta":[],"_links":{"self":[{"href":"https:\/\/lkw-teile-truckmotive.de\/index.php\/wp-json\/wp\/v2\/product\/172798"}],"collection":[{"href":"https:\/\/lkw-teile-truckmotive.de\/index.php\/wp-json\/wp\/v2\/product"}],"about":[{"href":"https:\/\/lkw-teile-truckmotive.de\/index.php\/wp-json\/wp\/v2\/types\/product"}],"replies":[{"embeddable":true,"href":"https:\/\/lkw-teile-truckmotive.de\/index.php\/wp-json\/wp\/v2\/comments?post=172798"}],"wp:featuredmedia":[{"embeddable":true,"href":"https:\/\/lkw-teile-truckmotive.de\/index.php\/wp-json\/wp\/v2\/media\/172807"}],"wp:attachment":[{"href":"https:\/\/lkw-teile-truckmotive.de\/index.php\/wp-json\/wp\/v2\/media?parent=172798"}],"curies":[{"name":"wp","href":"https:\/\/api.w.org\/{rel}","templated":true}]}}