{"id":46320,"date":"2021-12-03T00:03:56","date_gmt":"2021-12-02T23:03:56","guid":{"rendered":"https:\/\/lkw-teile-truckmotive.de\/index.php\/produkt\/dichtung-ansaugkruemmer-passend-fuer-renault-trucks-magnum"},"modified":"2025-05-11T16:59:33","modified_gmt":"2025-05-11T14:59:33","slug":"dichtung-ansaugkruemmer-passend-fuer-renault-trucks-magnum","status":"publish","type":"product","link":"https:\/\/lkw-teile-truckmotive.de\/index.php\/produkt\/dichtung-ansaugkruemmer-passend-fuer-renault-trucks-magnum","title":{"rendered":"Dichtung Ansaugkr\u00fcmmer passend f\u00fcr Renault Trucks Magnum"},"content":{"rendered":"<div style=\"font-size:15px\">\n<h4>Dichtung Ansaugkr\u00fcmmer passend f\u00fcr Renault Trucks Magnum<\/h4>\n<div class=\"table_info\">\n<p>Original Victor Reinz Dichtung Ansaugkr\u00fcmmer<\/p>\n<table>\n<tr>\n<td>Farbe<\/td>\n<td>schwarz<\/td>\n<\/tr>\n<\/table>\n<\/p><\/div>\n<p>                <span style=\"font-size:1px;color:white\">Dichtung, Kr\u00fcmmer, Ansaugkr\u00fcmmerdichtung, Ansaugung, Kr\u00fcmmerdichtung, Renault, Reinz<\/span><\/p>\n<h4>OE &amp; OEM Referenznummern:<\/h4>\n<p><a href=\"https:\/\/lkw-teile-truckmotive.de\/products\/20463858\">20463858<\/a>, <a href=\"https:\/\/lkw-teile-truckmotive.de\/products\/7420463858\">7420463858<\/a>, <a href=\"https:\/\/lkw-teile-truckmotive.de\/products\/196630\">196630<\/a>, <a href=\"https:\/\/lkw-teile-truckmotive.de\/products\/196.630\">196.630<\/a>, <a href=\"https:\/\/lkw-teile-truckmotive.de\/products\/X5962001\">X5962001<\/a>, <a href=\"https:\/\/lkw-teile-truckmotive.de\/products\/X59620-01\">X59620-01<\/a>, <a href=\"https:\/\/lkw-teile-truckmotive.de\/products\/713718700\">713718700<\/a>, <a href=\"https:\/\/lkw-teile-truckmotive.de\/products\/71-37187-00\">71-37187-00<\/a><\/p>\n<p><span style=\"font-size:12px\"><b>Hinweis: <\/b><br \/>Alle aufgef\u00fchrten Marken, Referenzen sowie Vergleichsnummern dienen lediglich dem Vergleichszweck.<br \/>\nDie angebotenen Artikel sind, sofern nicht anders angegeben, Nachbauteile in Erstausr\u00fcsterqualit\u00e4t.<\/span><\/p>\n<details>\n<summary style=\"cursor: pointer;color: #06c;font-size: 15px\">Herstellerinformation<\/summary>\n<div class=\"manufacturer-info\" style=\"padding: 10px;border: 1px solid #888;margin-top: 10px;background-color: #f9f9f9\">\n<p><b>REINZ-Dichtungs-GmbH<\/b><br \/>Reinzstrasse 3-7<br \/>DE-89233 Neu-Ulm &#8211; DE<br \/>Tel.: 0731-70 46-0<br \/>Mail: reinz.info@dana.com<\/p>\n<\/p><\/div>\n<\/details><\/div>\n","protected":false},"excerpt":{"rendered":"<div style=\"font-size:15px\">\n<p style=\"font-size:17px;color:black\"><b>Lieferumfang:<\/b><\/p>\n<p style=\"padding-top:6px\">1x Dichtung Ansaugkr\u00fcmmer<\/p>\n<p><\/br><\/p>\n<p style=\"font-size:17px;color:black\"><b>Passend f\u00fcr<\/b><\/p>\n<ul style=\"padding-top:6px\">\n<li>Renault Trucks Magnum<\/li>\n<\/ul>\n<p><span style=\"font-size:12px\">Das Ersatzteil passt unter anderem f\u00fcr die oben genannten Modelle. Bitte pr\u00fcfen Sie die Ersatzteil-Nummer, um eine Fehlbestellung zu vermeiden. Nicht sicher, ob das Teil passt? Kontaktieren Sie uns!<\/span><\/p>\n<\/div>\n","protected":false},"featured_media":150096,"comment_status":"open","ping_status":"closed","template":"","meta":[],"_links":{"self":[{"href":"https:\/\/lkw-teile-truckmotive.de\/index.php\/wp-json\/wp\/v2\/product\/46320"}],"collection":[{"href":"https:\/\/lkw-teile-truckmotive.de\/index.php\/wp-json\/wp\/v2\/product"}],"about":[{"href":"https:\/\/lkw-teile-truckmotive.de\/index.php\/wp-json\/wp\/v2\/types\/product"}],"replies":[{"embeddable":true,"href":"https:\/\/lkw-teile-truckmotive.de\/index.php\/wp-json\/wp\/v2\/comments?post=46320"}],"wp:featuredmedia":[{"embeddable":true,"href":"https:\/\/lkw-teile-truckmotive.de\/index.php\/wp-json\/wp\/v2\/media\/150096"}],"wp:attachment":[{"href":"https:\/\/lkw-teile-truckmotive.de\/index.php\/wp-json\/wp\/v2\/media?parent=46320"}],"curies":[{"name":"wp","href":"https:\/\/api.w.org\/{rel}","templated":true}]}}