{"id":46345,"date":"2021-12-03T00:04:41","date_gmt":"2021-12-02T23:04:41","guid":{"rendered":"https:\/\/lkw-teile-truckmotive.de\/index.php\/produkt\/satz-dichtungssatz-motor-passend-fuer-iveco-eurocargo-1-2-3-eurofire"},"modified":"2025-05-11T17:00:50","modified_gmt":"2025-05-11T15:00:50","slug":"satz-dichtungssatz-motor-passend-fuer-iveco-eurocargo-1-2-3-eurofire","status":"publish","type":"product","link":"https:\/\/lkw-teile-truckmotive.de\/index.php\/produkt\/satz-dichtungssatz-motor-passend-fuer-iveco-eurocargo-1-2-3-eurofire","title":{"rendered":"Satz Dichtungssatz Motor passend f\u00fcr Iveco EuroCargo 1, 2, 3, EuroFire"},"content":{"rendered":"<div style=\"font-size:15px\">\n<h4>Satz Dichtungssatz Motor passend f\u00fcr Iveco EuroCargo 1, 2, 3, EuroFire<\/h4>\n<div class=\"table_info\">\n<p>Original Victor Reinz Dichtungsvollsatz f\u00fcr Motor<\/p>\n<table>\n<tr>\n<td>Zusatzartikel<\/td>\n<td>mit Wellendichtring-Kurbelwelle<br \/>mit Ventilschaftabdichtung<\/td>\n<\/tr>\n<\/table>\n<\/p><\/div>\n<p>                <span style=\"font-size:1px;color:white\">LKW, NFZ, Nutzfahrzeug, Reparatur, Wartung, Ersatz, Teil, Austausch, Ersatzteil, Reinz, Victor-Reinz, Dichtung, abdichten, Abdichtung, Motor, Wellendichtring, Kurbelwelle, Geh\u00e4use, Ventilschaft, Satz, General\u00fcberholung, \u00dcberholung, Iveco, EuroCargo<\/span><\/p>\n<h4>OE &amp; OEM Referenznummern:<\/h4>\n<p><a href=\"https:\/\/lkw-teile-truckmotive.de\/products\/2995642\">2995642<\/a>, <a href=\"https:\/\/lkw-teile-truckmotive.de\/products\/2831287\">2831287<\/a>, <a href=\"https:\/\/lkw-teile-truckmotive.de\/products\/2992367\">2992367<\/a>, <a href=\"https:\/\/lkw-teile-truckmotive.de\/products\/2992503\">2992503<\/a>, <a href=\"https:\/\/lkw-teile-truckmotive.de\/products\/2992643\">2992643<\/a>, <a href=\"https:\/\/lkw-teile-truckmotive.de\/products\/2992644\">2992644<\/a>, <a href=\"https:\/\/lkw-teile-truckmotive.de\/products\/2995642\">2995642<\/a>, <a href=\"https:\/\/lkw-teile-truckmotive.de\/products\/013641501\">013641501<\/a>, <a href=\"https:\/\/lkw-teile-truckmotive.de\/products\/01-36415-01\">01-36415-01<\/a><\/p>\n<p><span style=\"font-size:12px\"><b>Hinweis: <\/b><br \/>Alle aufgef\u00fchrten Marken, Referenzen sowie Vergleichsnummern dienen lediglich dem Vergleichszweck.<br \/>\nDie angebotenen Artikel sind, sofern nicht anders angegeben, Nachbauteile in Erstausr\u00fcsterqualit\u00e4t.<\/span><\/p>\n<details>\n<summary style=\"cursor: pointer;color: #06c;font-size: 15px\">Herstellerinformation<\/summary>\n<div class=\"manufacturer-info\" style=\"padding: 10px;border: 1px solid #888;margin-top: 10px;background-color: #f9f9f9\">\n<p><b>REINZ-Dichtungs-GmbH<\/b><br \/>Reinzstrasse 3-7<br \/>DE-89233 Neu-Ulm &#8211; DE<br \/>Tel.: 0731-70 46-0<br \/>Mail: reinz.info@dana.com<\/p>\n<\/p><\/div>\n<\/details><\/div>\n","protected":false},"excerpt":{"rendered":"<div style=\"font-size:15px\">\n<p style=\"font-size:17px;color:black\"><b>Lieferumfang:<\/b><\/p>\n<p style=\"padding-top:6px\">1x Dichtungsvollsatz f\u00fcr Motor<\/p>\n<p><\/br><\/p>\n<p style=\"font-size:17px;color:black\"><b>Passend f\u00fcr<\/b><\/p>\n<ul style=\"padding-top:6px\">\n<li>Iveco EuroCargo 1, 2, 3, EuroFire<\/li>\n<\/ul>\n<p><span style=\"font-size:12px\">Das Ersatzteil passt unter anderem f\u00fcr die oben genannten Modelle. Bitte pr\u00fcfen Sie die Ersatzteil-Nummer, um eine Fehlbestellung zu vermeiden. Nicht sicher, ob das Teil passt? Kontaktieren Sie uns!<\/span><\/p>\n<\/div>\n","protected":false},"featured_media":150138,"comment_status":"open","ping_status":"closed","template":"","meta":[],"_links":{"self":[{"href":"https:\/\/lkw-teile-truckmotive.de\/index.php\/wp-json\/wp\/v2\/product\/46345"}],"collection":[{"href":"https:\/\/lkw-teile-truckmotive.de\/index.php\/wp-json\/wp\/v2\/product"}],"about":[{"href":"https:\/\/lkw-teile-truckmotive.de\/index.php\/wp-json\/wp\/v2\/types\/product"}],"replies":[{"embeddable":true,"href":"https:\/\/lkw-teile-truckmotive.de\/index.php\/wp-json\/wp\/v2\/comments?post=46345"}],"wp:featuredmedia":[{"embeddable":true,"href":"https:\/\/lkw-teile-truckmotive.de\/index.php\/wp-json\/wp\/v2\/media\/150138"}],"wp:attachment":[{"href":"https:\/\/lkw-teile-truckmotive.de\/index.php\/wp-json\/wp\/v2\/media?parent=46345"}],"curies":[{"name":"wp","href":"https:\/\/api.w.org\/{rel}","templated":true}]}}