{"id":46364,"date":"2021-12-03T00:05:14","date_gmt":"2021-12-02T23:05:14","guid":{"rendered":"https:\/\/lkw-teile-truckmotive.de\/index.php\/produkt\/dichtungskit-komplett-l-a5-5-stueck-victor-reinz-universal-einsetzbar"},"modified":"2025-05-11T17:02:33","modified_gmt":"2025-05-11T15:02:33","slug":"dichtungskit-komplett-l-a5-5-stueck-victor-reinz-universal-einsetzbar","status":"publish","type":"product","link":"https:\/\/lkw-teile-truckmotive.de\/index.php\/produkt\/dichtungskit-komplett-l-a5-5-stueck-victor-reinz-universal-einsetzbar","title":{"rendered":"Dichtungskit Komplett L A5 5 ST\u00dcCK Victor Reinz universal einsetzbar"},"content":{"rendered":"<div style=\"font-size:15px\">\n<h4>Dichtungskit Komplett L A5 5 ST\u00dcCK Victor Reinz universal einsetzbar<\/h4>\n<div class=\"table_info\">\n<p>Original REINZ Dichtungskit L &#8211; Zum Selber ausschneiden von Dichtungen<br \/>\n5 Bl\u00e4tter &#8211; 1x AFM22, 2x AFM37\/8, 2x Reinzoloid FS53 &#8211; Mehr Infos in der Tabelle<\/p>\n<table>\n<tr>\n<td>Inhalt<\/td>\n<td>5 B\u00f6gen Dichtungsmaterial<\/td>\n<\/tr>\n<tr>\n<td>Chemische Eigenschaft<\/td>\n<td>Asbestfrei<\/td>\n<\/tr>\n<tr>\n<td>DIN\/ISO<\/td>\n<td>A5 L148mm x B105mm<\/td>\n<\/tr>\n<tr>\n<td>x<\/td>\n<td>x<\/td>\n<\/tr>\n<tr>\n<td>1x AFM22<\/td>\n<td>Aramidfaser auf metallischem Tr\u00e4ger<\/td>\n<\/tr>\n<tr>\n<td>Dicke<\/td>\n<td>1,2mm<\/td>\n<\/tr>\n<tr>\n<td>Temperatur<\/td>\n<td>bis + 400\u00b0C<\/td>\n<\/tr>\n<tr>\n<td>Medienbest\u00e4ndigkeit<\/td>\n<td>Kraftstoffe, \u00d6le, Frost- und Korrosionsschutzmittel<\/td>\n<\/tr>\n<tr>\n<td>Anwendungbereiche<\/td>\n<td>Ansaugkr\u00fcmmer, Auspuffkr\u00fcmmer, Getriebeflansche, Zylinderkopf, etc.<\/td>\n<\/tr>\n<tr>\n<td>x<\/td>\n<td>x<\/td>\n<\/tr>\n<tr>\n<td>2x AFM 37\/8<\/td>\n<td>Aramidfaser ohne metallischen Tr\u00e4ger<\/td>\n<\/tr>\n<tr>\n<td>Dicke<\/td>\n<td>1x 0,5mm, 1x 1mm<\/td>\n<\/tr>\n<tr>\n<td>Temperatur<\/td>\n<td>bis + 300\u00b0C<\/td>\n<\/tr>\n<tr>\n<td>Medienbest\u00e4ndigkeit<\/td>\n<td>Kraftstoffe, \u00d6le, Frost- und Korrosionsschutzmittel<\/td>\n<\/tr>\n<tr>\n<td>Anwendungbereiche<\/td>\n<td>Achsen, Ansaugkr\u00fcmmer, Apparate, Getriebe, \u00d6lwanne, Pumpen, Rohrleitungen, Ventildeckel, etc.<\/td>\n<\/tr>\n<tr>\n<td>x<\/td>\n<td>x<\/td>\n<\/tr>\n<tr>\n<td>2x REINZOLOID FS 53<\/td>\n<td>Dichtungspapier (Zellulose)<\/td>\n<\/tr>\n<tr>\n<td>Dicke<\/td>\n<td>1x 0,5mm, 1x 1mm<\/td>\n<\/tr>\n<tr>\n<td>Temperatur<\/td>\n<td>bis + 120\u00b0C<\/td>\n<\/tr>\n<tr>\n<td>Medienbest\u00e4ndigkeit<\/td>\n<td>Kraftstoffe, \u00d6le, Frost- und Korrosionsschutzmittel)<\/td>\n<\/tr>\n<tr>\n<td>Anwendungbereiche<\/td>\n<td>Achsen, Flansche, Getriebe, Kraftstoff-\/ \u00d6l- \/ Wasserpumpen, Steuergeh\u00e4use, Thermostate, Vergaser, etc.<\/td>\n<\/tr>\n<\/table>\n<\/p><\/div>\n<p>                <span style=\"font-size:1px;color:white\">Dichtungspapier, Dichtungsmaterial, Dichtungen, Abdichtung, zuschneiden, zuschneidbar, Passform, passend, Dichtspalt, einmessen, einmessbar, passgenau, Qualit\u00e4t, individuell, Aramidfaser, Medienbest\u00e4ndigkeit, Fette, \u00d6le, Anwendungsbereiche, Metall, Reinzoloid<\/span><\/p>\n<h4>OE &amp; OEM Referenznummern:<\/h4>\n<p><a href=\"https:\/\/lkw-teile-truckmotive.de\/products\/16-27250-03\">16-27250-03<\/a>, <a href=\"https:\/\/lkw-teile-truckmotive.de\/products\/162725003\">162725003<\/a>, <a href=\"https:\/\/lkw-teile-truckmotive.de\/products\/16-31990-01\">16-31990-01<\/a>, <a href=\"https:\/\/lkw-teile-truckmotive.de\/products\/163199001\">163199001<\/a><\/p>\n<p><span style=\"font-size:12px\"><b>Hinweis: <\/b><br \/>Alle aufgef\u00fchrten Marken, Referenzen sowie Vergleichsnummern dienen lediglich dem Vergleichszweck.<br \/>\nDie angebotenen Artikel sind, sofern nicht anders angegeben, Nachbauteile in Erstausr\u00fcsterqualit\u00e4t.<\/span><\/p>\n<details>\n<summary style=\"cursor: pointer;color: #06c;font-size: 15px\">Herstellerinformation<\/summary>\n<div class=\"manufacturer-info\" style=\"padding: 10px;border: 1px solid #888;margin-top: 10px;background-color: #f9f9f9\">\n<p><b>REINZ-Dichtungs-GmbH<\/b><br \/>Reinzstrasse 3-7<br \/>DE-89233 Neu-Ulm &#8211; DE<br \/>Tel.: 0731-70 46-0<br \/>Mail: reinz.info@dana.com<\/p>\n<\/p><\/div>\n<\/details><\/div>\n","protected":false},"excerpt":{"rendered":"<div style=\"font-size:15px\">\n<p style=\"font-size:17px;color:black\"><b>Lieferumfang:<\/b><\/p>\n<p style=\"padding-top:6px\">1x Original REINZ Dichtungskit L\/A5<\/p>\n<p><\/br><\/p>\n<p style=\"font-size:17px;color:black\"><b>Passend f\u00fcr<\/b><\/p>\n<ul style=\"padding-top:6px\">\n<li>universal einsetzbar<\/li>\n<\/ul>\n<p><span style=\"font-size:12px\">Das Ersatzteil passt unter anderem f\u00fcr die oben genannten Modelle. Bitte pr\u00fcfen Sie die Ersatzteil-Nummer, um eine Fehlbestellung zu vermeiden. Nicht sicher, ob das Teil passt? Kontaktieren Sie uns!<\/span><\/p>\n<\/div>\n","protected":false},"featured_media":150156,"comment_status":"open","ping_status":"closed","template":"","meta":[],"_links":{"self":[{"href":"https:\/\/lkw-teile-truckmotive.de\/index.php\/wp-json\/wp\/v2\/product\/46364"}],"collection":[{"href":"https:\/\/lkw-teile-truckmotive.de\/index.php\/wp-json\/wp\/v2\/product"}],"about":[{"href":"https:\/\/lkw-teile-truckmotive.de\/index.php\/wp-json\/wp\/v2\/types\/product"}],"replies":[{"embeddable":true,"href":"https:\/\/lkw-teile-truckmotive.de\/index.php\/wp-json\/wp\/v2\/comments?post=46364"}],"wp:featuredmedia":[{"embeddable":true,"href":"https:\/\/lkw-teile-truckmotive.de\/index.php\/wp-json\/wp\/v2\/media\/150156"}],"wp:attachment":[{"href":"https:\/\/lkw-teile-truckmotive.de\/index.php\/wp-json\/wp\/v2\/media?parent=46364"}],"curies":[{"name":"wp","href":"https:\/\/api.w.org\/{rel}","templated":true}]}}