{"id":46396,"date":"2021-12-03T00:06:18","date_gmt":"2021-12-02T23:06:18","guid":{"rendered":"https:\/\/lkw-teile-truckmotive.de\/index.php\/produkt\/ventil-rueckschlagventil-fuer-kraftstoff-d6-x-d6mm-universal-einsetzbar"},"modified":"2025-05-11T17:08:38","modified_gmt":"2025-05-11T15:08:38","slug":"ventil-rueckschlagventil-fuer-kraftstoff-d6-x-d6mm-universal-einsetzbar","status":"publish","type":"product","link":"https:\/\/lkw-teile-truckmotive.de\/index.php\/produkt\/ventil-rueckschlagventil-fuer-kraftstoff-d6-x-d6mm-universal-einsetzbar","title":{"rendered":"Ventil R\u00fcckschlagventil f\u00fcr Kraftstoff D6 X D6MM universal einsetzbar"},"content":{"rendered":"<div style=\"font-size:15px\">\n<h4>Ventil R\u00fcckschlagventil f\u00fcr Kraftstoff D6 X D6MM universal einsetzbar<\/h4>\n<div class=\"table_info\">\n<p>Original Teblox R\u00fcckschlagventil<br \/>\nVerhindert den R\u00fcckfluss von Diesel\/Benzin<\/p>\n<table>\n<tr>\n<td>Durchmesser<\/td>\n<td>6mm<\/td>\n<\/tr>\n<tr>\n<td>L\u00e4nge<\/td>\n<td>ca. 60mm<\/td>\n<\/tr>\n<tr>\n<td>\u00d6ffnungsdruck<\/td>\n<td>0,2 bar<\/td>\n<\/tr>\n<tr>\n<td>Arbeitsdruckbereich<\/td>\n<td>0-5 bar<\/td>\n<\/tr>\n<tr>\n<td>Temperaturbereich<\/td>\n<td>-30\u00b0C ~ + 110\u00b0C<\/td>\n<\/tr>\n<tr>\n<td>Schl\u00fcsselweite<\/td>\n<td>22mm<\/td>\n<\/tr>\n<\/table>\n<\/p><\/div>\n<p>                <span style=\"font-size:1px;color:white\">LKW, NFZ, Nutzfahrzeug, Reparatur, Wartung, Ersatz, Teil, Austausch, Ersatzteil, \u00dcberholung, Ventil, R\u00fcckschlag, Kraftstoff, Benzin, Diesel, R\u00fcckfluss, Druck, Bar, universal, universell, 6mm<\/span><\/p>\n<h4>OE &amp; OEM Referenznummern:<\/h4>\n<p><a href=\"https:\/\/lkw-teile-truckmotive.de\/products\/keine+Referenzen\">keine Referenzen<\/a><\/p>\n<p><span style=\"font-size:12px\"><b>Hinweis: <\/b><br \/>Alle aufgef\u00fchrten Marken, Referenzen sowie Vergleichsnummern dienen lediglich dem Vergleichszweck.<br \/>\nDie angebotenen Artikel sind, sofern nicht anders angegeben, Nachbauteile in Erstausr\u00fcsterqualit\u00e4t.<\/span><\/p>\n<details>\n<summary style=\"cursor: pointer;color: #06c;font-size: 15px\">Herstellerinformation<\/summary>\n<div class=\"manufacturer-info\" style=\"padding: 10px;border: 1px solid #888;margin-top: 10px;background-color: #f9f9f9\">\n<p><b>Truckmotive GmbH<\/b><br \/>Welschenkamp 18<br \/>DE-47138 Duisburg &#8211; DE<br \/>Tel.: <br \/>Mail: hallo@truckmotive.de<\/p>\n<\/p><\/div>\n<\/details><\/div>\n","protected":false},"excerpt":{"rendered":"<div style=\"font-size:15px\">\n<p style=\"font-size:17px;color:black\"><b>Lieferumfang:<\/b><\/p>\n<p style=\"padding-top:6px\">1x R\u00fcckschlagventil<\/p>\n<p><\/br><\/p>\n<p style=\"font-size:17px;color:black\"><b>Passend f\u00fcr<\/b><\/p>\n<ul style=\"padding-top:6px\">\n<li>universal einsetzbar<\/li>\n<\/ul>\n<p><span style=\"font-size:12px\">Das Ersatzteil passt unter anderem f\u00fcr die oben genannten Modelle. Bitte pr\u00fcfen Sie die Ersatzteil-Nummer, um eine Fehlbestellung zu vermeiden. Nicht sicher, ob das Teil passt? Kontaktieren Sie uns!<\/span><\/p>\n<\/div>\n","protected":false},"featured_media":150225,"comment_status":"open","ping_status":"closed","template":"","meta":[],"_links":{"self":[{"href":"https:\/\/lkw-teile-truckmotive.de\/index.php\/wp-json\/wp\/v2\/product\/46396"}],"collection":[{"href":"https:\/\/lkw-teile-truckmotive.de\/index.php\/wp-json\/wp\/v2\/product"}],"about":[{"href":"https:\/\/lkw-teile-truckmotive.de\/index.php\/wp-json\/wp\/v2\/types\/product"}],"replies":[{"embeddable":true,"href":"https:\/\/lkw-teile-truckmotive.de\/index.php\/wp-json\/wp\/v2\/comments?post=46396"}],"wp:featuredmedia":[{"embeddable":true,"href":"https:\/\/lkw-teile-truckmotive.de\/index.php\/wp-json\/wp\/v2\/media\/150225"}],"wp:attachment":[{"href":"https:\/\/lkw-teile-truckmotive.de\/index.php\/wp-json\/wp\/v2\/media?parent=46396"}],"curies":[{"name":"wp","href":"https:\/\/api.w.org\/{rel}","templated":true}]}}