{"id":46468,"date":"2021-12-03T00:09:18","date_gmt":"2021-12-02T23:09:18","guid":{"rendered":"https:\/\/lkw-teile-truckmotive.de\/index.php\/produkt\/schaltknueppel-vgl-4630850000-passend-fuer-daf-f75-f85-f95-cf75-cf85-95xf-xf95-xf105"},"modified":"2025-05-11T17:33:45","modified_gmt":"2025-05-11T15:33:45","slug":"schaltknueppel-vgl-4630850000-passend-fuer-daf-f75-f85-f95-cf75-cf85-95xf-xf95-xf105","status":"publish","type":"product","link":"https:\/\/lkw-teile-truckmotive.de\/index.php\/produkt\/schaltknueppel-vgl-4630850000-passend-fuer-daf-f75-f85-f95-cf75-cf85-95xf-xf95-xf105","title":{"rendered":"Schaltkn\u00fcppel vgl. 4630850000 passend f\u00fcr DAF F75, F85, F95, CF75, CF85, 95XF, XF95, XF105"},"content":{"rendered":"<div style=\"font-size:15px\">\n<h4>Schaltkn\u00fcppel vgl. 4630850000 passend f\u00fcr DAF F75, F85, F95, CF75, CF85, 95XF, XF95, XF105<\/h4>\n<div class=\"table_info\">\n<p>Original Teblox Schaltkn\u00fcppel &#8211; Schaltknauf<\/p>\n<table>\n<tr>\n<td>Farbe<\/td>\n<td>schwarz<\/td>\n<\/tr>\n<\/table>\n<\/p><\/div>\n<p>                <span style=\"font-size:1px;color:white\">LKW, NFZ, Nutzfahrzeug, Reparatur, Wartung, Ersatz, Teil, Austausch, Ersatzteil, schalten, Gang, G\u00e4nge, Schaltkn\u00fcppel, Schaltknauf, Hebel, Schalthebel, Schalthebelknauf, Kn\u00fcppel, Knauf, DAF, CF105, XF95, 95XF, CF85, CF75<\/span><\/p>\n<h4>OE &amp; OEM Referenznummern:<\/h4>\n<p><a href=\"https:\/\/lkw-teile-truckmotive.de\/products\/4630850000\">4630850000<\/a>, <a href=\"https:\/\/lkw-teile-truckmotive.de\/products\/1285260\">1285260<\/a>, <a href=\"https:\/\/lkw-teile-truckmotive.de\/products\/29168\">29168<\/a>, <a href=\"https:\/\/lkw-teile-truckmotive.de\/products\/5.51050\">5.51050<\/a>, <a href=\"https:\/\/lkw-teile-truckmotive.de\/products\/1833024\">1833024<\/a>, <a href=\"https:\/\/lkw-teile-truckmotive.de\/products\/1919475\">1919475<\/a><\/p>\n<p><span style=\"font-size:12px\"><b>Hinweis: <\/b><br \/>Alle aufgef\u00fchrten Marken, Referenzen sowie Vergleichsnummern dienen lediglich dem Vergleichszweck.<br \/>\nDie angebotenen Artikel sind, sofern nicht anders angegeben, Nachbauteile in Erstausr\u00fcsterqualit\u00e4t.<\/span><\/p>\n<details>\n<summary style=\"cursor: pointer;color: #06c;font-size: 15px\">Herstellerinformation<\/summary>\n<div class=\"manufacturer-info\" style=\"padding: 10px;border: 1px solid #888;margin-top: 10px;background-color: #f9f9f9\">\n<p><b>Truckmotive GmbH<\/b><br \/>Welschenkamp 18<br \/>DE-47138 Duisburg &#8211; DE<br \/>Tel.: <br \/>Mail: hallo@truckmotive.de<\/p>\n<\/p><\/div>\n<\/details><\/div>\n","protected":false},"excerpt":{"rendered":"<div style=\"font-size:15px\">\n<p style=\"font-size:17px;color:black\"><b>Lieferumfang:<\/b><\/p>\n<p style=\"padding-top:6px\">1x Schaltkn\u00fcppel<\/p>\n<p><\/br><\/p>\n<p style=\"font-size:17px;color:black\"><b>Passend f\u00fcr<\/b><\/p>\n<ul style=\"padding-top:6px\">\n<li>DAF  F75, F85, F95, CF75, CF85, 95XF, XF95, XF105<\/li>\n<\/ul>\n<p><span style=\"font-size:12px\">Das Ersatzteil passt unter anderem f\u00fcr die oben genannten Modelle. Bitte pr\u00fcfen Sie die Ersatzteil-Nummer, um eine Fehlbestellung zu vermeiden. Nicht sicher, ob das Teil passt? Kontaktieren Sie uns!<\/span><\/p>\n<\/div>\n","protected":false},"featured_media":150509,"comment_status":"open","ping_status":"closed","template":"","meta":[],"_links":{"self":[{"href":"https:\/\/lkw-teile-truckmotive.de\/index.php\/wp-json\/wp\/v2\/product\/46468"}],"collection":[{"href":"https:\/\/lkw-teile-truckmotive.de\/index.php\/wp-json\/wp\/v2\/product"}],"about":[{"href":"https:\/\/lkw-teile-truckmotive.de\/index.php\/wp-json\/wp\/v2\/types\/product"}],"replies":[{"embeddable":true,"href":"https:\/\/lkw-teile-truckmotive.de\/index.php\/wp-json\/wp\/v2\/comments?post=46468"}],"wp:featuredmedia":[{"embeddable":true,"href":"https:\/\/lkw-teile-truckmotive.de\/index.php\/wp-json\/wp\/v2\/media\/150509"}],"wp:attachment":[{"href":"https:\/\/lkw-teile-truckmotive.de\/index.php\/wp-json\/wp\/v2\/media?parent=46468"}],"curies":[{"name":"wp","href":"https:\/\/api.w.org\/{rel}","templated":true}]}}