{"id":46482,"date":"2021-12-03T00:09:54","date_gmt":"2021-12-02T23:09:54","guid":{"rendered":"https:\/\/lkw-teile-truckmotive.de\/index.php\/produkt\/schaltknueppel-passend-fuer-scania-4-cp-cg-cr-ct-grs-900-920-getriebe"},"modified":"2026-04-15T15:27:50","modified_gmt":"2026-04-15T13:27:50","slug":"schaltknueppel-passend-fuer-scania-4-cp-cg-cr-ct-grs-900-920-getriebe","status":"publish","type":"product","link":"https:\/\/lkw-teile-truckmotive.de\/index.php\/produkt\/schaltknueppel-passend-fuer-scania-4-cp-cg-cr-ct-grs-900-920-getriebe","title":{"rendered":"Schaltkn\u00fcppel passend f\u00fcr Scania 4, CP, CG, CR, CT GRS 900-920 Getriebe"},"content":{"rendered":"<div style=\"font-size:15px\">\n<h4>Schaltkn\u00fcppel passend f\u00fcr Scania 4, CP, CG, CR, CT GRS 900-920 Getriebe<\/h4>\n<div class=\"table_info\">\n<p>Original Teblox Schaltkn\u00fcppel &#8211; Schaltknauf<\/p>\n<table>\n<tr>\n<td>L\u00e4nge<\/td>\n<td>142mm<\/td>\n<\/tr>\n<tr>\n<td>Breite 1<\/td>\n<td>72mm<\/td>\n<\/tr>\n<tr>\n<td>Breite 2<\/td>\n<td>59mm<\/td>\n<\/tr>\n<\/table>\n<\/p><\/div>\n<p>                <span style=\"font-size:1px;color:white\">LKW, NFZ, Nutzfahrzeug, Reparatur, Wartung, Ersatz, Teil, Austausch, Ersatzteil, schalten, Gang, G\u00e4nge, Schaltkn\u00fcppel, Schaltknauf, Hebel, Schalthebel, Schalthebelknauf, Kn\u00fcppel, Knauf, Scania<\/span><\/p>\n<h4>OE &amp; OEM Referenznummern:<\/h4>\n<p><a href=\"https:\/\/lkw-teile-truckmotive.de\/products\/1919065\">1919065<\/a>, <a href=\"https:\/\/lkw-teile-truckmotive.de\/products\/1727377\">1727377<\/a>, <a href=\"https:\/\/lkw-teile-truckmotive.de\/products\/1438702\">1438702<\/a>, <a href=\"https:\/\/lkw-teile-truckmotive.de\/products\/114557\">114557<\/a>, <a href=\"https:\/\/lkw-teile-truckmotive.de\/products\/31626\">31626<\/a><\/p>\n<p><span style=\"font-size:12px\"><b>Hinweis: <\/b><br \/>Alle aufgef\u00fchrten Marken, Referenzen sowie Vergleichsnummern dienen lediglich dem Vergleichszweck.<br \/>\nDie angebotenen Artikel sind, sofern nicht anders angegeben, Nachbauteile in Erstausr\u00fcsterqualit\u00e4t.<\/span><\/p>\n<details>\n<summary style=\"cursor: pointer;color: #06c;font-size: 15px\">Herstellerinformation<\/summary>\n<div class=\"manufacturer-info\" style=\"padding: 10px;border: 1px solid #888;margin-top: 10px;background-color: #f9f9f9\">\n<p><b>Truckmotive GmbH<\/b><br \/>Welschenkamp 18<br \/>DE-47138 Duisburg &#8211; DE<br \/>Tel.: <br \/>Mail: hallo@truckmotive.de<\/p>\n<\/p><\/div>\n<\/details><\/div>\n","protected":false},"excerpt":{"rendered":"<div style=\"font-size:15px\">\n<p style=\"font-size:17px;color:black\"><b>Lieferumfang:<\/b><\/p>\n<p style=\"padding-top:6px\">1x Schaltkn\u00fcppel<\/p>\n<p><\/br><\/p>\n<p style=\"font-size:17px;color:black\"><b>Passend f\u00fcr<\/b><\/p>\n<ul style=\"padding-top:6px\">\n<li>Scania 4 GRS 900\/920<\/li>\n<li>Scania CP, CG, CR, CT GRSO 900, GRS 920<\/li>\n<\/ul>\n<p><span style=\"font-size:12px\">Das Ersatzteil passt unter anderem f\u00fcr die oben genannten Modelle. Bitte pr\u00fcfen Sie die Ersatzteil-Nummer, um eine Fehlbestellung zu vermeiden. Nicht sicher, ob das Teil passt? Kontaktieren Sie uns!<\/span><\/p>\n<\/div>\n","protected":false},"featured_media":178919,"comment_status":"open","ping_status":"closed","template":"","meta":[],"_links":{"self":[{"href":"https:\/\/lkw-teile-truckmotive.de\/index.php\/wp-json\/wp\/v2\/product\/46482"}],"collection":[{"href":"https:\/\/lkw-teile-truckmotive.de\/index.php\/wp-json\/wp\/v2\/product"}],"about":[{"href":"https:\/\/lkw-teile-truckmotive.de\/index.php\/wp-json\/wp\/v2\/types\/product"}],"replies":[{"embeddable":true,"href":"https:\/\/lkw-teile-truckmotive.de\/index.php\/wp-json\/wp\/v2\/comments?post=46482"}],"wp:featuredmedia":[{"embeddable":true,"href":"https:\/\/lkw-teile-truckmotive.de\/index.php\/wp-json\/wp\/v2\/media\/178919"}],"wp:attachment":[{"href":"https:\/\/lkw-teile-truckmotive.de\/index.php\/wp-json\/wp\/v2\/media?parent=46482"}],"curies":[{"name":"wp","href":"https:\/\/api.w.org\/{rel}","templated":true}]}}