{"id":46512,"date":"2021-12-03T00:11:12","date_gmt":"2021-12-02T23:11:12","guid":{"rendered":"https:\/\/lkw-teile-truckmotive.de\/index.php\/produkt\/mutter-radmutter-kl-10-sw32-drehbare-basis-h-31-fuer-zugfahrzeuge-mit-m22x15-gewinde"},"modified":"2026-04-02T10:31:58","modified_gmt":"2026-04-02T08:31:58","slug":"mutter-radmutter-kl-10-sw32-drehbare-basis-h-31-fuer-zugfahrzeuge-mit-m22x15-gewinde","status":"publish","type":"product","link":"https:\/\/lkw-teile-truckmotive.de\/index.php\/produkt\/mutter-radmutter-kl-10-sw32-drehbare-basis-h-31-fuer-zugfahrzeuge-mit-m22x15-gewinde","title":{"rendered":"Mutter Radmutter KL.10 SW32 drehbare Basis H.31 f\u00fcr Zugfahrzeuge mit M22X1,5 Gewinde"},"content":{"rendered":"<div style=\"font-size:15px\">\n<h4>Mutter Radmutter KL.10 SW32 drehbare Basis H.31 f\u00fcr Zugfahrzeuge mit M22X1,5 Gewinde<\/h4>\n<div class=\"table_info\">\n<p>Original Teblox Radmutter<\/p>\n<table>\n<tr>\n<td>Schl\u00fcsselweite<\/td>\n<td>32mm<\/td>\n<\/tr>\n<tr>\n<td>Gewindema\u00df<\/td>\n<td>M22x1,5mm<\/td>\n<\/tr>\n<tr>\n<td>H\u00f6he<\/td>\n<td>31mm<\/td>\n<\/tr>\n<tr>\n<td>Durchmesser an Basis<\/td>\n<td>41,5mm<\/td>\n<\/tr>\n<tr>\n<td>G\u00fcte<\/td>\n<td>10<\/td>\n<\/tr>\n<tr>\n<td>Legierung<\/td>\n<td>verzinkt<\/td>\n<\/tr>\n<\/table>\n<\/p><\/div>\n<p>                <span style=\"font-size:1px;color:white\">LKW, NFZ, Nutzfahrzeug, Ersatzteil, Reparatur, Austausch, Rad, Mutter, Radmutter, SW32, Klasse10, Zugfahrzeug, Anh\u00e4nger, Trailer, BPW, SAF, K\u00e4ssbohrer, MAN, DAF, Iveco, Mercedes-Benz, Legierung, verzinkt, Wetterbest\u00e4ndig, Sattelzug, <\/span><\/p>\n<h4>OE &amp; OEM Referenznummern:<\/h4>\n<p><a href=\"https:\/\/lkw-teile-truckmotive.de\/products\/0004010672\">0004010672<\/a>, <a href=\"https:\/\/lkw-teile-truckmotive.de\/products\/000+401+06+72\">000 401 06 72<\/a>, <a href=\"https:\/\/lkw-teile-truckmotive.de\/products\/A000+401+06+72\">A000 401 06 72<\/a>, <a href=\"https:\/\/lkw-teile-truckmotive.de\/products\/A0004010672\">A0004010672<\/a>, <a href=\"https:\/\/lkw-teile-truckmotive.de\/products\/81455030049\">81455030049<\/a>, <a href=\"https:\/\/lkw-teile-truckmotive.de\/products\/81455030056\">81455030056<\/a>, <a href=\"https:\/\/lkw-teile-truckmotive.de\/products\/81455030066\">81455030066<\/a>, <a href=\"https:\/\/lkw-teile-truckmotive.de\/products\/81.45503.0049\">81.45503.0049<\/a>, <a href=\"https:\/\/lkw-teile-truckmotive.de\/products\/81.45503.0056\">81.45503.0056<\/a>, <a href=\"https:\/\/lkw-teile-truckmotive.de\/products\/81.45503.0066\">81.45503.0066<\/a>, <a href=\"https:\/\/lkw-teile-truckmotive.de\/products\/0445+9603\">0445 9603<\/a>, <a href=\"https:\/\/lkw-teile-truckmotive.de\/products\/41299921\">41299921<\/a>, <a href=\"https:\/\/lkw-teile-truckmotive.de\/products\/41036367\">41036367<\/a>, <a href=\"https:\/\/lkw-teile-truckmotive.de\/products\/04459603S1\">04459603S1<\/a>, <a href=\"https:\/\/lkw-teile-truckmotive.de\/products\/04459603\">04459603<\/a>, <a href=\"https:\/\/lkw-teile-truckmotive.de\/products\/0041299921\">0041299921<\/a>, <a href=\"https:\/\/lkw-teile-truckmotive.de\/products\/0041036367\">0041036367<\/a>, <a href=\"https:\/\/lkw-teile-truckmotive.de\/products\/041299921\">041299921<\/a>, <a href=\"https:\/\/lkw-teile-truckmotive.de\/products\/041036367\">041036367<\/a>, <a href=\"https:\/\/lkw-teile-truckmotive.de\/products\/004459603S1\">004459603S1<\/a>, <a href=\"https:\/\/lkw-teile-truckmotive.de\/products\/004459603\">004459603<\/a>, <a href=\"https:\/\/lkw-teile-truckmotive.de\/products\/004129+9921\">004129 9921<\/a>, <a href=\"https:\/\/lkw-teile-truckmotive.de\/products\/04103+6367\">04103 6367<\/a>, <a href=\"https:\/\/lkw-teile-truckmotive.de\/products\/00445+9603\">00445 9603<\/a>, <a href=\"https:\/\/lkw-teile-truckmotive.de\/products\/0445+9603+S1\">0445 9603 S1<\/a>, <a href=\"https:\/\/lkw-teile-truckmotive.de\/products\/004103+6367\">004103 6367<\/a>, <a href=\"https:\/\/lkw-teile-truckmotive.de\/products\/0+4129+9921\">0 4129 9921<\/a>, <a href=\"https:\/\/lkw-teile-truckmotive.de\/products\/0+4103+6367\">0 4103 6367<\/a>, <a href=\"https:\/\/lkw-teile-truckmotive.de\/products\/0+0445+9603+S1\">0 0445 9603 S1<\/a>, <a href=\"https:\/\/lkw-teile-truckmotive.de\/products\/0+0445+9603\">0 0445 9603<\/a>, <a href=\"https:\/\/lkw-teile-truckmotive.de\/products\/4103+6367\">4103 6367<\/a>, <a href=\"https:\/\/lkw-teile-truckmotive.de\/products\/4129+9921\">4129 9921<\/a>, <a href=\"https:\/\/lkw-teile-truckmotive.de\/products\/04129+9921\">04129 9921<\/a>, <a href=\"https:\/\/lkw-teile-truckmotive.de\/products\/000+401+06+72\">000 401 06 72<\/a>, <a href=\"https:\/\/lkw-teile-truckmotive.de\/products\/A0004010672\">A0004010672<\/a>, <a href=\"https:\/\/lkw-teile-truckmotive.de\/products\/0004010672\">0004010672<\/a>, <a href=\"https:\/\/lkw-teile-truckmotive.de\/products\/A000+401+06+72\">A000 401 06 72<\/a>, <a href=\"https:\/\/lkw-teile-truckmotive.de\/products\/4247301201\">4247301201<\/a>, <a href=\"https:\/\/lkw-teile-truckmotive.de\/products\/4+247+3012+01\">4 247 3012 01<\/a>, <a href=\"https:\/\/lkw-teile-truckmotive.de\/products\/0526054100\">0526054100<\/a>, <a href=\"https:\/\/lkw-teile-truckmotive.de\/products\/05.260.54.10.0\">05.260.54.10.0<\/a><\/p>\n<p><span style=\"font-size:12px\"><b>Hinweis: <\/b><br \/>Alle aufgef\u00fchrten Marken, Referenzen sowie Vergleichsnummern dienen lediglich dem Vergleichszweck.<br \/>\nDie angebotenen Artikel sind, sofern nicht anders angegeben, Nachbauteile in Erstausr\u00fcsterqualit\u00e4t.<\/span><\/p>\n<details>\n<summary style=\"cursor: pointer;color: #06c;font-size: 15px\">Herstellerinformation<\/summary>\n<div class=\"manufacturer-info\" style=\"padding: 10px;border: 1px solid #888;margin-top: 10px;background-color: #f9f9f9\">\n<p><b>Truckmotive GmbH<\/b><br \/>Welschenkamp 18<br \/>DE-47138 Duisburg &#8211; DE<br \/>Tel.: <br \/>Mail: hallo@truckmotive.de<\/p>\n<\/p><\/div>\n<\/details><\/div>\n","protected":false},"excerpt":{"rendered":"<div style=\"font-size:15px\">\n<p style=\"font-size:17px;color:black\"><b>Lieferumfang:<\/b><\/p>\n<p style=\"padding-top:6px\">1x Radmutter<\/p>\n<p><\/br><\/p>\n<p style=\"font-size:17px;color:black\"><b>Passend f\u00fcr<\/b><\/p>\n<ul style=\"padding-top:6px\">\n<li>BPW<\/li>\n<li>SAF<\/li>\n<li>K\u00c4SSBOHRER<\/li>\n<li>MAN<\/li>\n<li>DAF<\/li>\n<li>IVECO<\/li>\n<li>MERCEDES-BENZ<\/li>\n<li>Alle Zugfahrzeuge mit M22x1,5 Gewinde<\/li>\n<\/ul>\n<p><span style=\"font-size:12px\">Das Ersatzteil passt unter anderem f\u00fcr die oben genannten Modelle. Bitte pr\u00fcfen Sie die Ersatzteil-Nummer, um eine Fehlbestellung zu vermeiden. Nicht sicher, ob das Teil passt? Kontaktieren Sie uns!<\/span><\/p>\n<\/div>\n","protected":false},"featured_media":178283,"comment_status":"open","ping_status":"closed","template":"","meta":[],"_links":{"self":[{"href":"https:\/\/lkw-teile-truckmotive.de\/index.php\/wp-json\/wp\/v2\/product\/46512"}],"collection":[{"href":"https:\/\/lkw-teile-truckmotive.de\/index.php\/wp-json\/wp\/v2\/product"}],"about":[{"href":"https:\/\/lkw-teile-truckmotive.de\/index.php\/wp-json\/wp\/v2\/types\/product"}],"replies":[{"embeddable":true,"href":"https:\/\/lkw-teile-truckmotive.de\/index.php\/wp-json\/wp\/v2\/comments?post=46512"}],"wp:featuredmedia":[{"embeddable":true,"href":"https:\/\/lkw-teile-truckmotive.de\/index.php\/wp-json\/wp\/v2\/media\/178283"}],"wp:attachment":[{"href":"https:\/\/lkw-teile-truckmotive.de\/index.php\/wp-json\/wp\/v2\/media?parent=46512"}],"curies":[{"name":"wp","href":"https:\/\/api.w.org\/{rel}","templated":true}]}}