{"id":46707,"date":"2021-12-03T00:17:19","date_gmt":"2021-12-02T23:17:19","guid":{"rendered":"https:\/\/lkw-teile-truckmotive.de\/index.php\/produkt\/steckdose-elektrisch-nato-24v-2-pin-300a-passend-fuer-diverse-fahrzeuge"},"modified":"2026-03-30T13:56:08","modified_gmt":"2026-03-30T11:56:08","slug":"steckdose-elektrisch-nato-24v-2-pin-300a-passend-fuer-diverse-fahrzeuge","status":"publish","type":"product","link":"https:\/\/lkw-teile-truckmotive.de\/index.php\/produkt\/steckdose-elektrisch-nato-24v-2-pin-300a-passend-fuer-diverse-fahrzeuge","title":{"rendered":"Steckdose elektrisch Nato 24V 2 Pin 300A passend f\u00fcr diverse Fahrzeuge"},"content":{"rendered":"<div style=\"font-size:15px\">\n<h4>Steckdose elektrisch Nato 24V 2 Pin 300A passend f\u00fcr diverse Fahrzeuge<\/h4>\n<div class=\"table_info\">\n<p>Nato Steckdose &#8211; qualitativ hochwertiger Nachbauartikel<\/p>\n<table>\n<tr>\n<td>Spannung<\/td>\n<td>24V<\/td>\n<\/tr>\n<tr>\n<td>Material<\/td>\n<td>Metall<\/td>\n<\/tr>\n<tr>\n<td>Farbe<\/td>\n<td>olivgr\u00fcn<\/td>\n<\/tr>\n<tr>\n<td>Kontaktbuchsen<\/td>\n<td>2<\/td>\n<\/tr>\n<tr>\n<td>Querschnitt<\/td>\n<td>50mm\u00b2<\/td>\n<\/tr>\n<tr>\n<td>Steckerausf\u00fchrung<\/td>\n<td>Crimpkontakt\/L\u00f6tbuchsenkontakt<\/td>\n<\/tr>\n<\/table>\n<\/p><\/div>\n<p>                <span style=\"font-size:1px;color:white\">LKW, NFZ, Nutzfahrzeug, Reparatur, Wartung, Ersatz, Teil, Austausch, Ersatzteil, Stecker, 24V, 12V, 2-Pin, 300A, Kontaktbuchsen, Crimpkontakt, L\u00f6tbuchsenkontakt, oliv, gr\u00fcn, Nato, Metall, Thermoplast, versilbert, Deckel, Milit\u00e4r<\/span><\/p>\n<h4>OE &amp; OEM Referenznummern:<\/h4>\n<p><a href=\"https:\/\/lkw-teile-truckmotive.de\/products\/231631\">231631<\/a>, <a href=\"https:\/\/lkw-teile-truckmotive.de\/products\/0025451126\">0025451126<\/a>, <a href=\"https:\/\/lkw-teile-truckmotive.de\/products\/6001185\">6001185<\/a>, <a href=\"https:\/\/lkw-teile-truckmotive.de\/products\/03800888\">03800888<\/a>, <a href=\"https:\/\/lkw-teile-truckmotive.de\/products\/0345450726\">0345450726<\/a>, <a href=\"https:\/\/lkw-teile-truckmotive.de\/products\/536080150000\">536080150000<\/a>, <a href=\"https:\/\/lkw-teile-truckmotive.de\/products\/605208208\">605208208<\/a>, <a href=\"https:\/\/lkw-teile-truckmotive.de\/products\/0025451126\">0025451126<\/a>, <a href=\"https:\/\/lkw-teile-truckmotive.de\/products\/3800888\">3800888<\/a>, <a href=\"https:\/\/lkw-teile-truckmotive.de\/products\/LSA0003001\">LSA0003001<\/a>, <a href=\"https:\/\/lkw-teile-truckmotive.de\/products\/0906459\">0906459<\/a>, <a href=\"https:\/\/lkw-teile-truckmotive.de\/products\/0867536\">0867536<\/a>, <a href=\"https:\/\/lkw-teile-truckmotive.de\/products\/5350642343\">5350642343<\/a>, <a href=\"https:\/\/lkw-teile-truckmotive.de\/products\/225730\">225730<\/a>, <a href=\"https:\/\/lkw-teile-truckmotive.de\/products\/82254320010\">82254320010<\/a>, <a href=\"https:\/\/lkw-teile-truckmotive.de\/products\/846705\">846705<\/a>, <a href=\"https:\/\/lkw-teile-truckmotive.de\/products\/20223877\">20223877<\/a>, <a href=\"https:\/\/lkw-teile-truckmotive.de\/products\/0005452426\">0005452426<\/a>, <a href=\"https:\/\/lkw-teile-truckmotive.de\/products\/0846705\">0846705<\/a>, <a href=\"https:\/\/lkw-teile-truckmotive.de\/products\/906459\">906459<\/a>, <a href=\"https:\/\/lkw-teile-truckmotive.de\/products\/8179008\">8179008<\/a>, <a href=\"https:\/\/lkw-teile-truckmotive.de\/products\/8801459\">8801459<\/a>, <a href=\"https:\/\/lkw-teile-truckmotive.de\/products\/014213201\">014213201<\/a>, <a href=\"https:\/\/lkw-teile-truckmotive.de\/products\/072593035100\">072593035100<\/a>, <a href=\"https:\/\/lkw-teile-truckmotive.de\/products\/670293\">670293<\/a>, <a href=\"https:\/\/lkw-teile-truckmotive.de\/products\/5350642344\">5350642344<\/a>, <a href=\"https:\/\/lkw-teile-truckmotive.de\/products\/88301982\">88301982<\/a>, <a href=\"https:\/\/lkw-teile-truckmotive.de\/products\/867536\">867536<\/a>, <a href=\"https:\/\/lkw-teile-truckmotive.de\/products\/605208277\">605208277<\/a>, <a href=\"https:\/\/lkw-teile-truckmotive.de\/products\/11013885\">11013885<\/a>, <a href=\"https:\/\/lkw-teile-truckmotive.de\/products\/150800920\">150800920<\/a>, <a href=\"https:\/\/lkw-teile-truckmotive.de\/products\/062272\">062272<\/a>, <a href=\"https:\/\/lkw-teile-truckmotive.de\/products\/593512\">593512<\/a>, <a href=\"https:\/\/lkw-teile-truckmotive.de\/products\/8JB001935-031\">8JB001935-031<\/a><\/p>\n<p><span style=\"font-size:12px\"><b>Hinweis: <\/b><br \/>Alle aufgef\u00fchrten Marken, Referenzen sowie Vergleichsnummern dienen lediglich dem Vergleichszweck.<br \/>\nDie angebotenen Artikel sind, sofern nicht anders angegeben, Nachbauteile in Erstausr\u00fcsterqualit\u00e4t.<\/span><\/p>\n<details>\n<summary style=\"cursor: pointer;color: #06c;font-size: 15px\">Herstellerinformation<\/summary>\n<div class=\"manufacturer-info\" style=\"padding: 10px;border: 1px solid #888;margin-top: 10px;background-color: #f9f9f9\">\n<p><b>Truckmotive GmbH<\/b><br \/>Welschenkamp 18<br \/>DE-47138 Duisburg &#8211; DE<br \/>Tel.: <br \/>Mail: hallo@truckmotive.de<\/p>\n<\/p><\/div>\n<\/details><\/div>\n","protected":false},"excerpt":{"rendered":"<div style=\"font-size:15px\">\n<p style=\"font-size:17px;color:black\"><b>Lieferumfang:<\/b><\/p>\n<p style=\"padding-top:6px\">1x Nato Steckdose 24V <\/p>\n<p><\/br><\/p>\n<p style=\"font-size:17px;color:black\"><b>Passend f\u00fcr<\/b><\/p>\n<ul style=\"padding-top:6px\">\n<li>diverse Fahrzeuge<\/li>\n<\/ul>\n<p><span style=\"font-size:12px\">Das Ersatzteil passt unter anderem f\u00fcr die oben genannten Modelle. Bitte pr\u00fcfen Sie die Ersatzteil-Nummer, um eine Fehlbestellung zu vermeiden. Nicht sicher, ob das Teil passt? Kontaktieren Sie uns!<\/span><\/p>\n<\/div>\n","protected":false},"featured_media":178116,"comment_status":"open","ping_status":"closed","template":"","meta":[],"_links":{"self":[{"href":"https:\/\/lkw-teile-truckmotive.de\/index.php\/wp-json\/wp\/v2\/product\/46707"}],"collection":[{"href":"https:\/\/lkw-teile-truckmotive.de\/index.php\/wp-json\/wp\/v2\/product"}],"about":[{"href":"https:\/\/lkw-teile-truckmotive.de\/index.php\/wp-json\/wp\/v2\/types\/product"}],"replies":[{"embeddable":true,"href":"https:\/\/lkw-teile-truckmotive.de\/index.php\/wp-json\/wp\/v2\/comments?post=46707"}],"wp:featuredmedia":[{"embeddable":true,"href":"https:\/\/lkw-teile-truckmotive.de\/index.php\/wp-json\/wp\/v2\/media\/178116"}],"wp:attachment":[{"href":"https:\/\/lkw-teile-truckmotive.de\/index.php\/wp-json\/wp\/v2\/media?parent=46707"}],"curies":[{"name":"wp","href":"https:\/\/api.w.org\/{rel}","templated":true}]}}