{"id":46714,"date":"2021-12-03T00:17:37","date_gmt":"2021-12-02T23:17:37","guid":{"rendered":"https:\/\/lkw-teile-truckmotive.de\/index.php\/produkt\/zuendschloss-mit-2-schluesseln-passend-fuer-iveco-eurocargo-eurotech-eurostar-eurotrakker"},"modified":"2026-04-15T15:27:17","modified_gmt":"2026-04-15T13:27:17","slug":"zuendschloss-mit-2-schluesseln-passend-fuer-iveco-eurocargo-eurotech-eurostar-eurotrakker","status":"publish","type":"product","link":"https:\/\/lkw-teile-truckmotive.de\/index.php\/produkt\/zuendschloss-mit-2-schluesseln-passend-fuer-iveco-eurocargo-eurotech-eurostar-eurotrakker","title":{"rendered":"Z\u00fcndschloss mit 2 Schl\u00fcsseln passend f\u00fcr Iveco Eurocargo, Eurotech, Eurostar, Eurotrakker"},"content":{"rendered":"<div style=\"font-size:15px\">\n<h4>Z\u00fcndschloss mit 2 Schl\u00fcsseln passend f\u00fcr Iveco Eurocargo, Eurotech, Eurostar, Eurotrakker<\/h4>\n<div class=\"table_info\">\n<p>Original Teblox Z\u00fcndschloss<\/p>\n<table>\n<tr>\n<td>Anschlusszahl<\/td>\n<td>4<\/td>\n<\/tr>\n<tr>\n<td>Schl\u00fcsselanzahl<\/td>\n<td>2<\/td>\n<\/tr>\n<\/table>\n<\/p><\/div>\n<p>                <span style=\"font-size:1px;color:white\">LKW, NFZ, Nutzfahrzeug, Reparatur, Wartung, Ersatz, Teil, Austausch, Ersatzteil, Schloss, Z\u00fcndung, Z\u00fcndschloss, Iveco, Teblox<\/span><\/p>\n<h4>OE &amp; OEM Referenznummern:<\/h4>\n<p><a href=\"https:\/\/lkw-teile-truckmotive.de\/products\/4837683\">4837683<\/a>, <a href=\"https:\/\/lkw-teile-truckmotive.de\/products\/4837683\">4837683<\/a>, <a href=\"https:\/\/lkw-teile-truckmotive.de\/products\/500338932\">500338932<\/a>, <a href=\"https:\/\/lkw-teile-truckmotive.de\/products\/41040470\">41040470<\/a>, <a href=\"https:\/\/lkw-teile-truckmotive.de\/products\/42541978\">42541978<\/a>, <a href=\"https:\/\/lkw-teile-truckmotive.de\/products\/504026642\">504026642<\/a><\/p>\n<p><span style=\"font-size:12px\"><b>Hinweis: <\/b><br \/>Alle aufgef\u00fchrten Marken, Referenzen sowie Vergleichsnummern dienen lediglich dem Vergleichszweck.<br \/>\nDie angebotenen Artikel sind, sofern nicht anders angegeben, Nachbauteile in Erstausr\u00fcsterqualit\u00e4t.<\/span><\/p>\n<details>\n<summary style=\"cursor: pointer;color: #06c;font-size: 15px\">Herstellerinformation<\/summary>\n<div class=\"manufacturer-info\" style=\"padding: 10px;border: 1px solid #888;margin-top: 10px;background-color: #f9f9f9\">\n<p><b>Truckmotive GmbH<\/b><br \/>Welschenkamp 18<br \/>DE-47138 Duisburg &#8211; DE<br \/>Tel.: <br \/>Mail: hallo@truckmotive.de<\/p>\n<\/p><\/div>\n<\/details><\/div>\n","protected":false},"excerpt":{"rendered":"<div style=\"font-size:15px\">\n<p style=\"font-size:17px;color:black\"><b>Lieferumfang:<\/b><\/p>\n<p style=\"padding-top:6px\">1x Z\u00fcndschloss <\/p>\n<p><\/br><\/p>\n<p style=\"font-size:17px;color:black\"><b>Passend f\u00fcr<\/b><\/p>\n<ul style=\"padding-top:6px\">\n<li>Iveco Eurocargo<\/li>\n<li>Iveco Eurotech<\/li>\n<li>Iveco Eurostar<\/li>\n<li>Iveco Eurotrakker<\/li>\n<li>Iveco Bus Domino<\/li>\n<\/ul>\n<p><span style=\"font-size:12px\">Das Ersatzteil passt unter anderem f\u00fcr die oben genannten Modelle. Bitte pr\u00fcfen Sie die Ersatzteil-Nummer, um eine Fehlbestellung zu vermeiden. Nicht sicher, ob das Teil passt? Kontaktieren Sie uns!<\/span><\/p>\n<\/div>\n","protected":false},"featured_media":178907,"comment_status":"open","ping_status":"closed","template":"","meta":[],"_links":{"self":[{"href":"https:\/\/lkw-teile-truckmotive.de\/index.php\/wp-json\/wp\/v2\/product\/46714"}],"collection":[{"href":"https:\/\/lkw-teile-truckmotive.de\/index.php\/wp-json\/wp\/v2\/product"}],"about":[{"href":"https:\/\/lkw-teile-truckmotive.de\/index.php\/wp-json\/wp\/v2\/types\/product"}],"replies":[{"embeddable":true,"href":"https:\/\/lkw-teile-truckmotive.de\/index.php\/wp-json\/wp\/v2\/comments?post=46714"}],"wp:featuredmedia":[{"embeddable":true,"href":"https:\/\/lkw-teile-truckmotive.de\/index.php\/wp-json\/wp\/v2\/media\/178907"}],"wp:attachment":[{"href":"https:\/\/lkw-teile-truckmotive.de\/index.php\/wp-json\/wp\/v2\/media?parent=46714"}],"curies":[{"name":"wp","href":"https:\/\/api.w.org\/{rel}","templated":true}]}}