{"id":46757,"date":"2021-12-03T00:19:19","date_gmt":"2021-12-02T23:19:19","guid":{"rendered":"https:\/\/lkw-teile-truckmotive.de\/index.php\/produkt\/zuendschloss-mit-2-schluesseln-7-pin-passend-fuer-man-m2000-f2000-lions-city"},"modified":"2026-02-21T22:14:39","modified_gmt":"2026-02-21T21:14:39","slug":"zuendschloss-mit-2-schluesseln-7-pin-passend-fuer-man-m2000-f2000-lions-city","status":"publish","type":"product","link":"https:\/\/lkw-teile-truckmotive.de\/index.php\/produkt\/zuendschloss-mit-2-schluesseln-7-pin-passend-fuer-man-m2000-f2000-lions-city","title":{"rendered":"Z\u00fcndschloss mit 2 Schl\u00fcsseln 7-PIN passend f\u00fcr MAN M2000, F2000, Lion\u00b4s City"},"content":{"rendered":"<div style=\"font-size:15px\">\n<h4>Z\u00fcndschloss mit 2 Schl\u00fcsseln 7-PIN passend f\u00fcr MAN M2000, F2000, Lion\u00b4s City<\/h4>\n<div class=\"table_info\">\n<p>Original Teblox Z\u00fcndschloss<\/p>\n<table>\n<tr>\n<td>Polanzahl<\/td>\n<td>7-Pol<\/td>\n<\/tr>\n<tr>\n<td>Schl\u00fcsselanzahl<\/td>\n<td>2<\/td>\n<\/tr>\n<\/table>\n<\/p><\/div>\n<p>                <span style=\"font-size:1px;color:white\">LKW, NFZ, Nutzfahrzeug, Reparatur, Wartung, Ersatz, Teil, Austausch, Ersatzteil, Schloss, Z\u00fcndung, Z\u00fcndschloss, Anschluss, 7-pol, MAN, Teblox<\/span><\/p>\n<h4>OE &amp; OEM Referenznummern:<\/h4>\n<p><a href=\"https:\/\/lkw-teile-truckmotive.de\/products\/81464336009\">81464336009<\/a>, <a href=\"https:\/\/lkw-teile-truckmotive.de\/products\/3.69101\">3.69101<\/a>, <a href=\"https:\/\/lkw-teile-truckmotive.de\/products\/\"><\/a><\/p>\n<p><span style=\"font-size:12px\"><b>Hinweis: <\/b><br \/>Alle aufgef\u00fchrten Marken, Referenzen sowie Vergleichsnummern dienen lediglich dem Vergleichszweck.<br \/>\nDie angebotenen Artikel sind, sofern nicht anders angegeben, Nachbauteile in Erstausr\u00fcsterqualit\u00e4t.<\/span><\/p>\n<details>\n<summary style=\"cursor: pointer;color: #06c;font-size: 15px\">Herstellerinformation<\/summary>\n<div class=\"manufacturer-info\" style=\"padding: 10px;border: 1px solid #888;margin-top: 10px;background-color: #f9f9f9\">\n<p><b>Truckmotive GmbH<\/b><br \/>Welschenkamp 18<br \/>DE-47138 Duisburg &#8211; DE<br \/>Tel.: <br \/>Mail: hallo@truckmotive.de<\/p>\n<\/p><\/div>\n<\/details><\/div>\n","protected":false},"excerpt":{"rendered":"<div style=\"font-size:15px\">\n<p style=\"font-size:17px;color:black\"><b>Lieferumfang:<\/b><\/p>\n<p style=\"padding-top:6px\">1x Z\u00fcndschloss mit 2 Schl\u00fcsseln <\/p>\n<p><\/br><\/p>\n<p style=\"font-size:17px;color:black\"><b>Passend f\u00fcr<\/b><\/p>\n<ul style=\"padding-top:6px\">\n<li>MAN M2000, F2000<\/li>\n<li>MAN Lion&#8217;s City<\/li>\n<\/ul>\n<p><span style=\"font-size:12px\">Das Ersatzteil passt unter anderem f\u00fcr die oben genannten Modelle. Bitte pr\u00fcfen Sie die Ersatzteil-Nummer, um eine Fehlbestellung zu vermeiden. Nicht sicher, ob das Teil passt? Kontaktieren Sie uns!<\/span><\/p>\n<\/div>\n","protected":false},"featured_media":175582,"comment_status":"open","ping_status":"closed","template":"","meta":[],"_links":{"self":[{"href":"https:\/\/lkw-teile-truckmotive.de\/index.php\/wp-json\/wp\/v2\/product\/46757"}],"collection":[{"href":"https:\/\/lkw-teile-truckmotive.de\/index.php\/wp-json\/wp\/v2\/product"}],"about":[{"href":"https:\/\/lkw-teile-truckmotive.de\/index.php\/wp-json\/wp\/v2\/types\/product"}],"replies":[{"embeddable":true,"href":"https:\/\/lkw-teile-truckmotive.de\/index.php\/wp-json\/wp\/v2\/comments?post=46757"}],"wp:featuredmedia":[{"embeddable":true,"href":"https:\/\/lkw-teile-truckmotive.de\/index.php\/wp-json\/wp\/v2\/media\/175582"}],"wp:attachment":[{"href":"https:\/\/lkw-teile-truckmotive.de\/index.php\/wp-json\/wp\/v2\/media?parent=46757"}],"curies":[{"name":"wp","href":"https:\/\/api.w.org\/{rel}","templated":true}]}}