{"id":46797,"date":"2021-12-03T00:20:38","date_gmt":"2021-12-02T23:20:38","guid":{"rendered":"https:\/\/lkw-teile-truckmotive.de\/index.php\/produkt\/leuchtmittel-birne-12v-5w-gluehlampe-positionsleuchte-blinklicht-universal-einsetzbar"},"modified":"2026-01-13T15:17:18","modified_gmt":"2026-01-13T14:17:18","slug":"leuchtmittel-birne-12v-5w-gluehlampe-positionsleuchte-blinklicht-universal-einsetzbar","status":"publish","type":"product","link":"https:\/\/lkw-teile-truckmotive.de\/index.php\/produkt\/leuchtmittel-birne-12v-5w-gluehlampe-positionsleuchte-blinklicht-universal-einsetzbar","title":{"rendered":"Leuchtmittel Birne 12V\/5W Gl\u00fchlampe Positionsleuchte Blinklicht universal einsetzbar"},"content":{"rendered":"<div style=\"font-size:15px\">\n<h4>Leuchtmittel Birne 12V\/5W Gl\u00fchlampe Positionsleuchte Blinklicht universal einsetzbar<\/h4>\n<div class=\"table_info\">\n<p>Original Hella Gl\u00fchlampe<\/p>\n<table>\n<tr>\n<td>Lampenart<\/td>\n<td>R5W<\/td>\n<\/tr>\n<tr>\n<td>Nennleistung<\/td>\n<td>5W<\/td>\n<\/tr>\n<tr>\n<td>Sockelausf\u00fchrung<\/td>\n<td>BA15s<\/td>\n<\/tr>\n<tr>\n<td>Spannung<\/td>\n<td>12V<\/td>\n<\/tr>\n<tr>\n<td>Pr\u00fcfzeichen<\/td>\n<td>E1<\/td>\n<\/tr>\n<tr>\n<td>Leuchten Bauart<\/td>\n<td>Gl\u00fchlampe<\/td>\n<\/tr>\n<\/table>\n<\/p><\/div>\n<p>                <span style=\"font-size:1px;color:white\">LKW, Nutzfahrzeug, universal, universell, Gl\u00fch, Lampe, Gl\u00fchlampe, Gl\u00fchbirne, Birne, Kolbenform, Sockel, Sockelausf\u00fchrung, Nennleistung, Watt, Volt, W, V, Spannung, Hella, Licht, L\u00e4mpchen, Birnchen, links, rechts, Pr\u00fcfzeichen, Lampenart, Leuchte, Leuchtmittel, BA15S, E1, Blinker, Blinkleuchte, Fahrtrichtungsanzeiger, abbiegen<\/span><\/p>\n<h4>OE &amp; OEM Referenznummern:<\/h4>\n<p><a href=\"https:\/\/lkw-teile-truckmotive.de\/products\/8GA+002+071-121\">8GA 002 071-121<\/a>, <a href=\"https:\/\/lkw-teile-truckmotive.de\/products\/8GA002071121\">8GA002071121<\/a>, <a href=\"https:\/\/lkw-teile-truckmotive.de\/products\/8GA002071-121\">8GA002071-121<\/a>, <a href=\"https:\/\/lkw-teile-truckmotive.de\/products\/3534092\">3534092<\/a>, <a href=\"https:\/\/lkw-teile-truckmotive.de\/products\/072601012701\">072601012701<\/a>, <a href=\"https:\/\/lkw-teile-truckmotive.de\/products\/09440690\">09440690<\/a>, <a href=\"https:\/\/lkw-teile-truckmotive.de\/products\/6216C2\">6216C2<\/a>, <a href=\"https:\/\/lkw-teile-truckmotive.de\/products\/2098103\">2098103<\/a>, <a href=\"https:\/\/lkw-teile-truckmotive.de\/products\/3534083\">3534083<\/a>, <a href=\"https:\/\/lkw-teile-truckmotive.de\/products\/N0177182\">N0177182<\/a>, <a href=\"https:\/\/lkw-teile-truckmotive.de\/products\/2098914\">2098914<\/a>, <a href=\"https:\/\/lkw-teile-truckmotive.de\/products\/EL0013-0003\">EL0013-0003<\/a>, <a href=\"https:\/\/lkw-teile-truckmotive.de\/products\/621626\">621626<\/a>, <a href=\"https:\/\/lkw-teile-truckmotive.de\/products\/3538336\">3538336<\/a>, <a href=\"https:\/\/lkw-teile-truckmotive.de\/products\/965828\">965828<\/a>, <a href=\"https:\/\/lkw-teile-truckmotive.de\/products\/6817415\">6817415<\/a>, <a href=\"https:\/\/lkw-teile-truckmotive.de\/products\/637219\">637219<\/a>, <a href=\"https:\/\/lkw-teile-truckmotive.de\/products\/1056\">1056<\/a>, <a href=\"https:\/\/lkw-teile-truckmotive.de\/products\/6817416\">6817416<\/a>, <a href=\"https:\/\/lkw-teile-truckmotive.de\/products\/621626\">621626<\/a>, <a href=\"https:\/\/lkw-teile-truckmotive.de\/products\/7703097180\">7703097180<\/a>, <a href=\"https:\/\/lkw-teile-truckmotive.de\/products\/7703097180\">7703097180<\/a>, <a href=\"https:\/\/lkw-teile-truckmotive.de\/products\/N0177185\">N0177185<\/a>, <a href=\"https:\/\/lkw-teile-truckmotive.de\/products\/3538337\">3538337<\/a>, <a href=\"https:\/\/lkw-teile-truckmotive.de\/products\/3534093\">3534093<\/a>, <a href=\"https:\/\/lkw-teile-truckmotive.de\/products\/063834\">063834<\/a>, <a href=\"https:\/\/lkw-teile-truckmotive.de\/products\/6216C2\">6216C2<\/a>, <a href=\"https:\/\/lkw-teile-truckmotive.de\/products\/N0177185\">N0177185<\/a>, <a href=\"https:\/\/lkw-teile-truckmotive.de\/products\/909521025A\">909521025A<\/a>, <a href=\"https:\/\/lkw-teile-truckmotive.de\/products\/061341\">061341<\/a>, <a href=\"https:\/\/lkw-teile-truckmotive.de\/products\/1354865\">1354865<\/a>, <a href=\"https:\/\/lkw-teile-truckmotive.de\/products\/6800103\">6800103<\/a>, <a href=\"https:\/\/lkw-teile-truckmotive.de\/products\/637219\">637219<\/a>, <a href=\"https:\/\/lkw-teile-truckmotive.de\/products\/3534084\">3534084<\/a>, <a href=\"https:\/\/lkw-teile-truckmotive.de\/products\/N0177185\">N0177185<\/a>, <a href=\"https:\/\/lkw-teile-truckmotive.de\/products\/6800102\">6800102<\/a>, <a href=\"https:\/\/lkw-teile-truckmotive.de\/products\/N0177182\">N0177182<\/a><\/p>\n<p><span style=\"font-size:12px\"><b>Hinweis: <\/b><br \/>Alle aufgef\u00fchrten Marken, Referenzen sowie Vergleichsnummern dienen lediglich dem Vergleichszweck.<br \/>\nDie angebotenen Artikel sind, sofern nicht anders angegeben, Nachbauteile in Erstausr\u00fcsterqualit\u00e4t.<\/span><\/p>\n<details>\n<summary style=\"cursor: pointer;color: #06c;font-size: 15px\">Herstellerinformation<\/summary>\n<div class=\"manufacturer-info\" style=\"padding: 10px;border: 1px solid #888;margin-top: 10px;background-color: #f9f9f9\">\n<p><b>HELLA GmbH &amp; Co. KGaA<\/b><br \/>Rixbecker Str. 75<br \/>DE-59552 Lippstadt &#8211; DE<br \/>Tel.: +49 (0) 2941\/38-0<br \/>Mail: info@forvia.com<\/p>\n<\/p><\/div>\n<\/details><\/div>\n","protected":false},"excerpt":{"rendered":"<div style=\"font-size:15px\">\n<p style=\"font-size:17px;color:black\"><b>Lieferumfang:<\/b><\/p>\n<p style=\"padding-top:6px\">1x Gl\u00fchlampe<\/p>\n<p><\/br><\/p>\n<p style=\"font-size:17px;color:black\"><b>Passend f\u00fcr<\/b><\/p>\n<ul style=\"padding-top:6px\">\n<li>universal einsetzbar<\/li>\n<\/ul>\n<p><span style=\"font-size:12px\">Das Ersatzteil passt unter anderem f\u00fcr die oben genannten Modelle. Bitte pr\u00fcfen Sie die Ersatzteil-Nummer, um eine Fehlbestellung zu vermeiden. Nicht sicher, ob das Teil passt? Kontaktieren Sie uns!<\/span><\/p>\n<\/div>\n","protected":false},"featured_media":172050,"comment_status":"open","ping_status":"closed","template":"","meta":[],"_links":{"self":[{"href":"https:\/\/lkw-teile-truckmotive.de\/index.php\/wp-json\/wp\/v2\/product\/46797"}],"collection":[{"href":"https:\/\/lkw-teile-truckmotive.de\/index.php\/wp-json\/wp\/v2\/product"}],"about":[{"href":"https:\/\/lkw-teile-truckmotive.de\/index.php\/wp-json\/wp\/v2\/types\/product"}],"replies":[{"embeddable":true,"href":"https:\/\/lkw-teile-truckmotive.de\/index.php\/wp-json\/wp\/v2\/comments?post=46797"}],"wp:featuredmedia":[{"embeddable":true,"href":"https:\/\/lkw-teile-truckmotive.de\/index.php\/wp-json\/wp\/v2\/media\/172050"}],"wp:attachment":[{"href":"https:\/\/lkw-teile-truckmotive.de\/index.php\/wp-json\/wp\/v2\/media?parent=46797"}],"curies":[{"name":"wp","href":"https:\/\/api.w.org\/{rel}","templated":true}]}}