{"id":46800,"date":"2021-12-03T00:20:46","date_gmt":"2021-12-02T23:20:46","guid":{"rendered":"https:\/\/lkw-teile-truckmotive.de\/index.php\/produkt\/leuchtmittel-birne-halogen-24v-5w-positionslicht-universal-einsetzbar"},"modified":"2026-05-08T13:06:39","modified_gmt":"2026-05-08T11:06:39","slug":"leuchtmittel-birne-halogen-24v-5w-positionslicht-universal-einsetzbar","status":"publish","type":"product","link":"https:\/\/lkw-teile-truckmotive.de\/index.php\/produkt\/leuchtmittel-birne-halogen-24v-5w-positionslicht-universal-einsetzbar","title":{"rendered":"Leuchtmittel Birne Halogen 24V\/5W Positionslicht universal einsetzbar"},"content":{"rendered":"<div style=\"font-size:15px\">\n<h4>Leuchtmittel Birne Halogen 24V\/5W Positionslicht universal einsetzbar<\/h4>\n<div class=\"table_info\">\n<p>Original Hella Gl\u00fchlampe<\/p>\n<table>\n<tr>\n<td>Lampenart<\/td>\n<td>R5W<\/td>\n<\/tr>\n<tr>\n<td>Nennleistung<\/td>\n<td>5W<\/td>\n<\/tr>\n<tr>\n<td>Sockelausf\u00fchrung<\/td>\n<td>BA15s<\/td>\n<\/tr>\n<tr>\n<td>Spannung<\/td>\n<td>24V<\/td>\n<\/tr>\n<tr>\n<td>Pr\u00fcfzeichen<\/td>\n<td>ECE<\/td>\n<\/tr>\n<tr>\n<td>Leuchten-Bauart<\/td>\n<td>Halogen<\/td>\n<\/tr>\n<\/table>\n<\/p><\/div>\n<p>                <span style=\"font-size:1px;color:white\">LKW, Nutzfahrzeug, universal, universell, Gl\u00fch, Lampe, Gl\u00fchlampe, Gl\u00fchbirne, Birne, Kolbenform, Sockel, Sockelausf\u00fchrung, Nennleistung, Watt, Volt, W, V, Spannung, Hella, Licht, L\u00e4mpchen, Birnchen, links, rechts, Pr\u00fcfzeichen, Lampenart, Leuchte, Leuchtmittel, Halogen, ECE, R5W, BA15S<\/span><\/p>\n<h4>OE &amp; OEM Referenznummern:<\/h4>\n<p><a href=\"https:\/\/lkw-teile-truckmotive.de\/products\/8GA+002+071-241\">8GA 002 071-241<\/a>, <a href=\"https:\/\/lkw-teile-truckmotive.de\/products\/8GA002071241\">8GA002071241<\/a>, <a href=\"https:\/\/lkw-teile-truckmotive.de\/products\/8GA002071-241\">8GA002071-241<\/a>, <a href=\"https:\/\/lkw-teile-truckmotive.de\/products\/14405020\">14405020<\/a>, <a href=\"https:\/\/lkw-teile-truckmotive.de\/products\/09440740\">09440740<\/a>, <a href=\"https:\/\/lkw-teile-truckmotive.de\/products\/503127262\">503127262<\/a>, <a href=\"https:\/\/lkw-teile-truckmotive.de\/products\/0418457\">0418457<\/a>, <a href=\"https:\/\/lkw-teile-truckmotive.de\/products\/2615212030\">2615212030<\/a>, <a href=\"https:\/\/lkw-teile-truckmotive.de\/products\/901152024701\">901152024701<\/a>, <a href=\"https:\/\/lkw-teile-truckmotive.de\/products\/992519S\">992519S<\/a>, <a href=\"https:\/\/lkw-teile-truckmotive.de\/products\/061361\">061361<\/a>, <a href=\"https:\/\/lkw-teile-truckmotive.de\/products\/967709S\">967709S<\/a>, <a href=\"https:\/\/lkw-teile-truckmotive.de\/products\/072601024701\">072601024701<\/a>, <a href=\"https:\/\/lkw-teile-truckmotive.de\/products\/1354866\">1354866<\/a>, <a href=\"https:\/\/lkw-teile-truckmotive.de\/products\/002502\">002502<\/a>, <a href=\"https:\/\/lkw-teile-truckmotive.de\/products\/5003097037\">5003097037<\/a>, <a href=\"https:\/\/lkw-teile-truckmotive.de\/products\/18118690\">18118690<\/a>, <a href=\"https:\/\/lkw-teile-truckmotive.de\/products\/32369\">32369<\/a>, <a href=\"https:\/\/lkw-teile-truckmotive.de\/products\/1813000027\">1813000027<\/a>, <a href=\"https:\/\/lkw-teile-truckmotive.de\/products\/28312024\">28312024<\/a>, <a href=\"https:\/\/lkw-teile-truckmotive.de\/products\/072601012703\">072601012703<\/a>, <a href=\"https:\/\/lkw-teile-truckmotive.de\/products\/LSX0030002\">LSX0030002<\/a>, <a href=\"https:\/\/lkw-teile-truckmotive.de\/products\/088002097\">088002097<\/a>, <a href=\"https:\/\/lkw-teile-truckmotive.de\/products\/11693494\">11693494<\/a>, <a href=\"https:\/\/lkw-teile-truckmotive.de\/products\/607013001\">607013001<\/a>, <a href=\"https:\/\/lkw-teile-truckmotive.de\/products\/4302018\">4302018<\/a>, <a href=\"https:\/\/lkw-teile-truckmotive.de\/products\/607021408\">607021408<\/a>, <a href=\"https:\/\/lkw-teile-truckmotive.de\/products\/200818570\">200818570<\/a><\/p>\n<p><span style=\"font-size:12px\"><b>Hinweis: <\/b><br \/>Alle aufgef\u00fchrten Marken, Referenzen sowie Vergleichsnummern dienen lediglich dem Vergleichszweck.<br \/>\nDie angebotenen Artikel sind, sofern nicht anders angegeben, Nachbauteile in Erstausr\u00fcsterqualit\u00e4t.<\/span><\/p>\n<details>\n<summary style=\"cursor: pointer;color: #06c;font-size: 15px\">Herstellerinformation<\/summary>\n<div class=\"manufacturer-info\" style=\"padding: 10px;border: 1px solid #888;margin-top: 10px;background-color: #f9f9f9\">\n<p><b>HELLA GmbH &amp; Co. KGaA<\/b><br \/>Rixbecker Str. 75<br \/>DE-59552 Lippstadt &#8211; DE<br \/>Tel.: +49 (0) 2941\/38-0<br \/>Mail: info@forvia.com<\/p>\n<\/p><\/div>\n<\/details><\/div>\n","protected":false},"excerpt":{"rendered":"<div style=\"font-size:15px\">\n<p style=\"font-size:17px;color:black\"><b>Lieferumfang:<\/b><\/p>\n<p style=\"padding-top:6px\">1x Gl\u00fchlampe<\/p>\n<p><\/br><\/p>\n<p style=\"font-size:17px;color:black\"><b>Passend f\u00fcr<\/b><\/p>\n<ul style=\"padding-top:6px\">\n<li>universal einsetzbar<\/li>\n<\/ul>\n<p><span style=\"font-size:12px\">Das Ersatzteil passt unter anderem f\u00fcr die oben genannten Modelle. Bitte pr\u00fcfen Sie die Ersatzteil-Nummer, um eine Fehlbestellung zu vermeiden. Nicht sicher, ob das Teil passt? Kontaktieren Sie uns!<\/span><\/p>\n<\/div>\n","protected":false},"featured_media":180518,"comment_status":"open","ping_status":"closed","template":"","meta":[],"_links":{"self":[{"href":"https:\/\/lkw-teile-truckmotive.de\/index.php\/wp-json\/wp\/v2\/product\/46800"}],"collection":[{"href":"https:\/\/lkw-teile-truckmotive.de\/index.php\/wp-json\/wp\/v2\/product"}],"about":[{"href":"https:\/\/lkw-teile-truckmotive.de\/index.php\/wp-json\/wp\/v2\/types\/product"}],"replies":[{"embeddable":true,"href":"https:\/\/lkw-teile-truckmotive.de\/index.php\/wp-json\/wp\/v2\/comments?post=46800"}],"wp:featuredmedia":[{"embeddable":true,"href":"https:\/\/lkw-teile-truckmotive.de\/index.php\/wp-json\/wp\/v2\/media\/180518"}],"wp:attachment":[{"href":"https:\/\/lkw-teile-truckmotive.de\/index.php\/wp-json\/wp\/v2\/media?parent=46800"}],"curies":[{"name":"wp","href":"https:\/\/api.w.org\/{rel}","templated":true}]}}