{"id":46803,"date":"2021-12-03T00:20:53","date_gmt":"2021-12-02T23:20:53","guid":{"rendered":"https:\/\/lkw-teile-truckmotive.de\/index.php\/produkt\/leuchtmittel-birne-24v-10w-halogen-positionslicht-universal-einsetzbar"},"modified":"2026-05-12T11:01:31","modified_gmt":"2026-05-12T09:01:31","slug":"leuchtmittel-birne-24v-10w-halogen-positionslicht-universal-einsetzbar","status":"publish","type":"product","link":"https:\/\/lkw-teile-truckmotive.de\/index.php\/produkt\/leuchtmittel-birne-24v-10w-halogen-positionslicht-universal-einsetzbar","title":{"rendered":"Leuchtmittel Birne 24V\/10W Halogen Positionslicht universal einsetzbar"},"content":{"rendered":"<div style=\"font-size:15px\">\n<h4>Leuchtmittel Birne 24V\/10W Halogen Positionslicht universal einsetzbar<\/h4>\n<div class=\"table_info\">\n<p>Original Hella Gl\u00fchlampe<\/p>\n<table>\n<tr>\n<td>Lampenart<\/td>\n<td>R10W<\/td>\n<\/tr>\n<tr>\n<td>Nennleistung<\/td>\n<td>10W<\/td>\n<\/tr>\n<tr>\n<td>Sockelausf\u00fchrung<\/td>\n<td>BA15s<\/td>\n<\/tr>\n<tr>\n<td>Spannung<\/td>\n<td>24V<\/td>\n<\/tr>\n<tr>\n<td>Pr\u00fcfzeichen<\/td>\n<td>ECE<\/td>\n<\/tr>\n<tr>\n<td>Leuchten-Bauart<\/td>\n<td>Halogen<\/td>\n<\/tr>\n<\/table>\n<\/p><\/div>\n<p>                <span style=\"font-size:1px;color:white\">LKW, Nutzfahrzeug, universal, universell, Lampe, Gl\u00fchlampe, Gl\u00fchbirne, Birne, Kolbenform, Sockelausf\u00fchrung, Nennleistung, Watt, Volt, W, V, Spannung, Hella, Licht, L\u00e4mpchen, Birnchen, links, rechts, Pr\u00fcfzeichen, Lampenart, Leuchte, Leuchtmittel, Halogen, BA15S, R10W, ECE, Position, Positionslicht, Schlussleuchte<\/span><\/p>\n<h4>OE &amp; OEM Referenznummern:<\/h4>\n<p><a href=\"https:\/\/lkw-teile-truckmotive.de\/products\/8GA+002+071-251\">8GA 002 071-251<\/a>, <a href=\"https:\/\/lkw-teile-truckmotive.de\/products\/8GA002071251\">8GA002071251<\/a>, <a href=\"https:\/\/lkw-teile-truckmotive.de\/products\/8GA002071-251\">8GA002071-251<\/a>, <a href=\"https:\/\/lkw-teile-truckmotive.de\/products\/28312027\">28312027<\/a>, <a href=\"https:\/\/lkw-teile-truckmotive.de\/products\/N0177195\">N0177195<\/a>, <a href=\"https:\/\/lkw-teile-truckmotive.de\/products\/992520S\">992520S<\/a>, <a href=\"https:\/\/lkw-teile-truckmotive.de\/products\/607024701\">607024701<\/a>, <a href=\"https:\/\/lkw-teile-truckmotive.de\/products\/1525956\">1525956<\/a>, <a href=\"https:\/\/lkw-teile-truckmotive.de\/products\/N0177195\">N0177195<\/a>, <a href=\"https:\/\/lkw-teile-truckmotive.de\/products\/011028712\">011028712<\/a>, <a href=\"https:\/\/lkw-teile-truckmotive.de\/products\/0534597\">0534597<\/a>, <a href=\"https:\/\/lkw-teile-truckmotive.de\/products\/N0177193\">N0177193<\/a>, <a href=\"https:\/\/lkw-teile-truckmotive.de\/products\/N0177193\">N0177193<\/a>, <a href=\"https:\/\/lkw-teile-truckmotive.de\/products\/6000308\">6000308<\/a>, <a href=\"https:\/\/lkw-teile-truckmotive.de\/products\/F005273\">F005273<\/a>, <a href=\"https:\/\/lkw-teile-truckmotive.de\/products\/151000800\">151000800<\/a>, <a href=\"https:\/\/lkw-teile-truckmotive.de\/products\/N0177195\">N0177195<\/a>, <a href=\"https:\/\/lkw-teile-truckmotive.de\/products\/534597\">534597<\/a>, <a href=\"https:\/\/lkw-teile-truckmotive.de\/products\/77824\">77824<\/a>, <a href=\"https:\/\/lkw-teile-truckmotive.de\/products\/14149490\">14149490<\/a>, <a href=\"https:\/\/lkw-teile-truckmotive.de\/products\/072601024702\">072601024702<\/a>, <a href=\"https:\/\/lkw-teile-truckmotive.de\/products\/1528526\">1528526<\/a>, <a href=\"https:\/\/lkw-teile-truckmotive.de\/products\/607023214\">607023214<\/a>, <a href=\"https:\/\/lkw-teile-truckmotive.de\/products\/177943\">177943<\/a>, <a href=\"https:\/\/lkw-teile-truckmotive.de\/products\/583258\">583258<\/a>, <a href=\"https:\/\/lkw-teile-truckmotive.de\/products\/607023208\">607023208<\/a>, <a href=\"https:\/\/lkw-teile-truckmotive.de\/products\/1354885\">1354885<\/a>, <a href=\"https:\/\/lkw-teile-truckmotive.de\/products\/5003097039\">5003097039<\/a>, <a href=\"https:\/\/lkw-teile-truckmotive.de\/products\/1987302505\">1987302505<\/a><\/p>\n<p><span style=\"font-size:12px\"><b>Hinweis: <\/b><br \/>Alle aufgef\u00fchrten Marken, Referenzen sowie Vergleichsnummern dienen lediglich dem Vergleichszweck.<br \/>\nDie angebotenen Artikel sind, sofern nicht anders angegeben, Nachbauteile in Erstausr\u00fcsterqualit\u00e4t.<\/span><\/p>\n<details>\n<summary style=\"cursor: pointer;color: #06c;font-size: 15px\">Herstellerinformation<\/summary>\n<div class=\"manufacturer-info\" style=\"padding: 10px;border: 1px solid #888;margin-top: 10px;background-color: #f9f9f9\">\n<p><b>HELLA GmbH &amp; Co. KGaA<\/b><br \/>Rixbecker Str. 75<br \/>DE-59552 Lippstadt &#8211; DE<br \/>Tel.: +49 (0) 2941\/38-0<br \/>Mail: info@forvia.com<\/p>\n<\/p><\/div>\n<\/details><\/div>\n","protected":false},"excerpt":{"rendered":"<div style=\"font-size:15px\">\n<p style=\"font-size:17px;color:black\"><b>Lieferumfang:<\/b><\/p>\n<p style=\"padding-top:6px\">1x Gl\u00fchlampe<\/p>\n<p><\/br><\/p>\n<p style=\"font-size:17px;color:black\"><b>Passend f\u00fcr<\/b><\/p>\n<ul style=\"padding-top:6px\">\n<li>universal einsetzbar<\/li>\n<\/ul>\n<p><span style=\"font-size:12px\">Das Ersatzteil passt unter anderem f\u00fcr die oben genannten Modelle. Bitte pr\u00fcfen Sie die Ersatzteil-Nummer, um eine Fehlbestellung zu vermeiden. Nicht sicher, ob das Teil passt? Kontaktieren Sie uns!<\/span><\/p>\n<\/div>\n","protected":false},"featured_media":180738,"comment_status":"open","ping_status":"closed","template":"","meta":[],"_links":{"self":[{"href":"https:\/\/lkw-teile-truckmotive.de\/index.php\/wp-json\/wp\/v2\/product\/46803"}],"collection":[{"href":"https:\/\/lkw-teile-truckmotive.de\/index.php\/wp-json\/wp\/v2\/product"}],"about":[{"href":"https:\/\/lkw-teile-truckmotive.de\/index.php\/wp-json\/wp\/v2\/types\/product"}],"replies":[{"embeddable":true,"href":"https:\/\/lkw-teile-truckmotive.de\/index.php\/wp-json\/wp\/v2\/comments?post=46803"}],"wp:featuredmedia":[{"embeddable":true,"href":"https:\/\/lkw-teile-truckmotive.de\/index.php\/wp-json\/wp\/v2\/media\/180738"}],"wp:attachment":[{"href":"https:\/\/lkw-teile-truckmotive.de\/index.php\/wp-json\/wp\/v2\/media?parent=46803"}],"curies":[{"name":"wp","href":"https:\/\/api.w.org\/{rel}","templated":true}]}}