{"id":46806,"date":"2021-12-03T00:21:04","date_gmt":"2021-12-02T23:21:04","guid":{"rendered":"https:\/\/lkw-teile-truckmotive.de\/index.php\/produkt\/leuchtmittel-birne-12v-21w-gluehlampe-universal-einsetzbar"},"modified":"2026-05-12T11:01:45","modified_gmt":"2026-05-12T09:01:45","slug":"leuchtmittel-birne-12v-21w-gluehlampe-universal-einsetzbar","status":"publish","type":"product","link":"https:\/\/lkw-teile-truckmotive.de\/index.php\/produkt\/leuchtmittel-birne-12v-21w-gluehlampe-universal-einsetzbar","title":{"rendered":"Leuchtmittel Birne 12V\/21W Gl\u00fchlampe universal einsetzbar"},"content":{"rendered":"<div style=\"font-size:15px\">\n<h4>Leuchtmittel Birne 12V\/21W Gl\u00fchlampe universal einsetzbar<\/h4>\n<div class=\"table_info\">\n<p>Original Hella Gl\u00fchlampe<\/p>\n<table>\n<tr>\n<td>Lampenart<\/td>\n<td>P21W<\/td>\n<\/tr>\n<tr>\n<td>Nennleistung<\/td>\n<td>21W<\/td>\n<\/tr>\n<tr>\n<td>Sockelausf\u00fchrung<\/td>\n<td>BAY15s<\/td>\n<\/tr>\n<tr>\n<td>Spannung<\/td>\n<td>12V<\/td>\n<\/tr>\n<tr>\n<td>Pr\u00fcfzeichen<\/td>\n<td>ECE-R 37<\/td>\n<\/tr>\n<tr>\n<td>Leuchten Bauart<\/td>\n<td>Gl\u00fchlampe<\/td>\n<\/tr>\n<\/table>\n<\/p><\/div>\n<p>                <span style=\"font-size:1px;color:white\">LKW, Nutzfahrzeug, universal, universell, Gl\u00fch, Lampe, Gl\u00fchlampe, Gl\u00fchbirne, Birne, Kolbenform, Sockel, Sockelausf\u00fchrung, Nennleistung, Watt, Volt, W, V, Spannung, Hella, Licht, L\u00e4mpchen, Birnchen, links, rechts, Pr\u00fcfzeichen, Lampenart, Leuchte, Leuchtmittel, gl\u00e4sern, ECE-R37, BAY15s<\/span><\/p>\n<h4>OE &amp; OEM Referenznummern:<\/h4>\n<p><a href=\"https:\/\/lkw-teile-truckmotive.de\/products\/8ga+002+073-121\">8ga 002 073-121<\/a>, <a href=\"https:\/\/lkw-teile-truckmotive.de\/products\/8ga002073121\">8ga002073121<\/a>, <a href=\"https:\/\/lkw-teile-truckmotive.de\/products\/8ga002073-121\">8ga002073-121<\/a>, <a href=\"https:\/\/lkw-teile-truckmotive.de\/products\/5050032\">5050032<\/a>, <a href=\"https:\/\/lkw-teile-truckmotive.de\/products\/07920083011\">07920083011<\/a>, <a href=\"https:\/\/lkw-teile-truckmotive.de\/products\/621627\">621627<\/a>, <a href=\"https:\/\/lkw-teile-truckmotive.de\/products\/6070213\">6070213<\/a>, <a href=\"https:\/\/lkw-teile-truckmotive.de\/products\/14148190\">14148190<\/a>, <a href=\"https:\/\/lkw-teile-truckmotive.de\/products\/063633\">063633<\/a>, <a href=\"https:\/\/lkw-teile-truckmotive.de\/products\/5003097032\">5003097032<\/a>, <a href=\"https:\/\/lkw-teile-truckmotive.de\/products\/2098345\">2098345<\/a>, <a href=\"https:\/\/lkw-teile-truckmotive.de\/products\/6216A4\">6216A4<\/a>, <a href=\"https:\/\/lkw-teile-truckmotive.de\/products\/70574774\">70574774<\/a>, <a href=\"https:\/\/lkw-teile-truckmotive.de\/products\/X825283299000\">X825283299000<\/a>, <a href=\"https:\/\/lkw-teile-truckmotive.de\/products\/1813000005\">1813000005<\/a>, <a href=\"https:\/\/lkw-teile-truckmotive.de\/products\/EL0013-0001\">EL0013-0001<\/a>, <a href=\"https:\/\/lkw-teile-truckmotive.de\/products\/607011101\">607011101<\/a>, <a href=\"https:\/\/lkw-teile-truckmotive.de\/products\/3523687M1\">3523687M1<\/a>, <a href=\"https:\/\/lkw-teile-truckmotive.de\/products\/N0177322\">N0177322<\/a>, <a href=\"https:\/\/lkw-teile-truckmotive.de\/products\/57M7014\">57M7014<\/a>, <a href=\"https:\/\/lkw-teile-truckmotive.de\/products\/965826\">965826<\/a>, <a href=\"https:\/\/lkw-teile-truckmotive.de\/products\/16847791\">16847791<\/a>, <a href=\"https:\/\/lkw-teile-truckmotive.de\/products\/637211\">637211<\/a>, <a href=\"https:\/\/lkw-teile-truckmotive.de\/products\/1354871\">1354871<\/a>, <a href=\"https:\/\/lkw-teile-truckmotive.de\/products\/01592040\">01592040<\/a>, <a href=\"https:\/\/lkw-teile-truckmotive.de\/products\/6070013\">6070013<\/a>, <a href=\"https:\/\/lkw-teile-truckmotive.de\/products\/2098252\">2098252<\/a>, <a href=\"https:\/\/lkw-teile-truckmotive.de\/products\/0388450\">0388450<\/a>, <a href=\"https:\/\/lkw-teile-truckmotive.de\/products\/14148190\">14148190<\/a>, <a href=\"https:\/\/lkw-teile-truckmotive.de\/products\/637211\">637211<\/a>, <a href=\"https:\/\/lkw-teile-truckmotive.de\/products\/3436336\">3436336<\/a>, <a href=\"https:\/\/lkw-teile-truckmotive.de\/products\/323-0800\">323-0800<\/a>, <a href=\"https:\/\/lkw-teile-truckmotive.de\/products\/0924693%2F0\">0924693\/0<\/a>, <a href=\"https:\/\/lkw-teile-truckmotive.de\/products\/30005050032\">30005050032<\/a>, <a href=\"https:\/\/lkw-teile-truckmotive.de\/products\/072601012190\">072601012190<\/a>, <a href=\"https:\/\/lkw-teile-truckmotive.de\/products\/6200697\">6200697<\/a>, <a href=\"https:\/\/lkw-teile-truckmotive.de\/products\/621627\">621627<\/a>, <a href=\"https:\/\/lkw-teile-truckmotive.de\/products\/N0177322\">N0177322<\/a>, <a href=\"https:\/\/lkw-teile-truckmotive.de\/products\/6905324\">6905324<\/a>, <a href=\"https:\/\/lkw-teile-truckmotive.de\/products\/2408\">2408<\/a>, <a href=\"https:\/\/lkw-teile-truckmotive.de\/products\/6216A4\">6216A4<\/a>, <a href=\"https:\/\/lkw-teile-truckmotive.de\/products\/5003097032\">5003097032<\/a>, <a href=\"https:\/\/lkw-teile-truckmotive.de\/products\/N0177322\">N0177322<\/a>, <a href=\"https:\/\/lkw-teile-truckmotive.de\/products\/5009095\">5009095<\/a><\/p>\n<p><span style=\"font-size:12px\"><b>Hinweis: <\/b><br \/>Alle aufgef\u00fchrten Marken, Referenzen sowie Vergleichsnummern dienen lediglich dem Vergleichszweck.<br \/>\nDie angebotenen Artikel sind, sofern nicht anders angegeben, Nachbauteile in Erstausr\u00fcsterqualit\u00e4t.<\/span><\/p>\n<details>\n<summary style=\"cursor: pointer;color: #06c;font-size: 15px\">Herstellerinformation<\/summary>\n<div class=\"manufacturer-info\" style=\"padding: 10px;border: 1px solid #888;margin-top: 10px;background-color: #f9f9f9\">\n<p><b>HELLA GmbH &amp; Co. KGaA<\/b><br \/>Rixbecker Str. 75<br \/>DE-59552 Lippstadt &#8211; DE<br \/>Tel.: +49 (0) 2941\/38-0<br \/>Mail: info@forvia.com<\/p>\n<\/p><\/div>\n<\/details><\/div>\n","protected":false},"excerpt":{"rendered":"<div style=\"font-size:15px\">\n<p style=\"font-size:17px;color:black\"><b>Lieferumfang:<\/b><\/p>\n<p style=\"padding-top:6px\">1x Gl\u00fchlampe<\/p>\n<p><\/br><\/p>\n<p style=\"font-size:17px;color:black\"><b>Passend f\u00fcr<\/b><\/p>\n<ul style=\"padding-top:6px\">\n<li>universal einsetzbar<\/li>\n<\/ul>\n<p><span style=\"font-size:12px\">Das Ersatzteil passt unter anderem f\u00fcr die oben genannten Modelle. Bitte pr\u00fcfen Sie die Ersatzteil-Nummer, um eine Fehlbestellung zu vermeiden. Nicht sicher, ob das Teil passt? Kontaktieren Sie uns!<\/span><\/p>\n<\/div>\n","protected":false},"featured_media":180741,"comment_status":"open","ping_status":"closed","template":"","meta":[],"_links":{"self":[{"href":"https:\/\/lkw-teile-truckmotive.de\/index.php\/wp-json\/wp\/v2\/product\/46806"}],"collection":[{"href":"https:\/\/lkw-teile-truckmotive.de\/index.php\/wp-json\/wp\/v2\/product"}],"about":[{"href":"https:\/\/lkw-teile-truckmotive.de\/index.php\/wp-json\/wp\/v2\/types\/product"}],"replies":[{"embeddable":true,"href":"https:\/\/lkw-teile-truckmotive.de\/index.php\/wp-json\/wp\/v2\/comments?post=46806"}],"wp:featuredmedia":[{"embeddable":true,"href":"https:\/\/lkw-teile-truckmotive.de\/index.php\/wp-json\/wp\/v2\/media\/180741"}],"wp:attachment":[{"href":"https:\/\/lkw-teile-truckmotive.de\/index.php\/wp-json\/wp\/v2\/media?parent=46806"}],"curies":[{"name":"wp","href":"https:\/\/api.w.org\/{rel}","templated":true}]}}