{"id":46812,"date":"2021-12-03T00:21:21","date_gmt":"2021-12-02T23:21:21","guid":{"rendered":"https:\/\/lkw-teile-truckmotive.de\/index.php\/produkt\/leuchtmittel-birne-12v-21w-5w-gluehlampe-universal-einsetzbar"},"modified":"2026-02-12T17:04:50","modified_gmt":"2026-02-12T16:04:50","slug":"leuchtmittel-birne-12v-21w-5w-gluehlampe-universal-einsetzbar","status":"publish","type":"product","link":"https:\/\/lkw-teile-truckmotive.de\/index.php\/produkt\/leuchtmittel-birne-12v-21w-5w-gluehlampe-universal-einsetzbar","title":{"rendered":"Leuchtmittel Birne 8GD 002 078-121Hella 12V\/21W\/5W Gl\u00fchlampe universal einsetzbar"},"content":{"rendered":"<div style=\"font-size:15px\">\n<h4>Leuchtmittel Birne 8GD 002 078-121Hella 12V\/21W\/5W Gl\u00fchlampe universal einsetzbar<\/h4>\n<div class=\"table_info\">\n<p>Original Hella Gl\u00fchlampe<\/p>\n<table>\n<tr>\n<td>Lampenart<\/td>\n<td>P21\/5W<\/td>\n<\/tr>\n<tr>\n<td>Nennleistung<\/td>\n<td>21W\/5W<\/td>\n<\/tr>\n<tr>\n<td>Sockelausf\u00fchrung<\/td>\n<td>BAY 15 d<\/td>\n<\/tr>\n<tr>\n<td>Spannung<\/td>\n<td>12V<\/td>\n<\/tr>\n<tr>\n<td>Leuchten Bauart<\/td>\n<td>Gl\u00fchlampe<\/td>\n<\/tr>\n<\/table>\n<\/p><\/div>\n<p>                <span style=\"font-size:1px;color:white\">LKW, Nutzfahrzeug, universal, universell, Gl\u00fch, Lampe, Gl\u00fchlampe, Gl\u00fchbirne, Birne, Kolbenform, Sockel, Sockelausf\u00fchrung, Nennleistung, Watt, Volt, W, V, Spannung, Hella, Licht, L\u00e4mpchen, Birnchen, links, rechts, Pr\u00fcfzeichen, Lampenart, Leuchte, Leuchtmittel, gl\u00e4sern, BAY15D, P21<\/span><\/p>\n<h4>OE &amp; OEM Referenznummern:<\/h4>\n<p><a href=\"https:\/\/lkw-teile-truckmotive.de\/products\/8gd+002+078-121\">8gd 002 078-121<\/a>, <a href=\"https:\/\/lkw-teile-truckmotive.de\/products\/8gd002078-121\">8gd002078-121<\/a>, <a href=\"https:\/\/lkw-teile-truckmotive.de\/products\/8gd002078121\">8gd002078121<\/a>, <a href=\"https:\/\/lkw-teile-truckmotive.de\/products\/83985986\">83985986<\/a>, <a href=\"https:\/\/lkw-teile-truckmotive.de\/products\/83985986\">83985986<\/a>, <a href=\"https:\/\/lkw-teile-truckmotive.de\/products\/N0177382\">N0177382<\/a>, <a href=\"https:\/\/lkw-teile-truckmotive.de\/products\/01135950\">01135950<\/a>, <a href=\"https:\/\/lkw-teile-truckmotive.de\/products\/5350642347\">5350642347<\/a>, <a href=\"https:\/\/lkw-teile-truckmotive.de\/products\/5006849\">5006849<\/a>, <a href=\"https:\/\/lkw-teile-truckmotive.de\/products\/N0177382\">N0177382<\/a>, <a href=\"https:\/\/lkw-teile-truckmotive.de\/products\/83985986\">83985986<\/a>, <a href=\"https:\/\/lkw-teile-truckmotive.de\/products\/324-0030\">324-0030<\/a>, <a href=\"https:\/\/lkw-teile-truckmotive.de\/products\/75820110000\">75820110000<\/a>, <a href=\"https:\/\/lkw-teile-truckmotive.de\/products\/200845120\">200845120<\/a>, <a href=\"https:\/\/lkw-teile-truckmotive.de\/products\/6000866\">6000866<\/a>, <a href=\"https:\/\/lkw-teile-truckmotive.de\/products\/F737900020010\">F737900020010<\/a>, <a href=\"https:\/\/lkw-teile-truckmotive.de\/products\/83985986\">83985986<\/a>, <a href=\"https:\/\/lkw-teile-truckmotive.de\/products\/10097499\">10097499<\/a>, <a href=\"https:\/\/lkw-teile-truckmotive.de\/products\/2098401\">2098401<\/a>, <a href=\"https:\/\/lkw-teile-truckmotive.de\/products\/072601012210\">072601012210<\/a>, <a href=\"https:\/\/lkw-teile-truckmotive.de\/products\/8043000\">8043000<\/a>, <a href=\"https:\/\/lkw-teile-truckmotive.de\/products\/N0177382\">N0177382<\/a>, <a href=\"https:\/\/lkw-teile-truckmotive.de\/products\/0335311\">0335311<\/a>, <a href=\"https:\/\/lkw-teile-truckmotive.de\/products\/X825283263000\">X825283263000<\/a>, <a href=\"https:\/\/lkw-teile-truckmotive.de\/products\/6216E2\">6216E2<\/a>, <a href=\"https:\/\/lkw-teile-truckmotive.de\/products\/6216E2\">6216E2<\/a>, <a href=\"https:\/\/lkw-teile-truckmotive.de\/products\/57M7011\">57M7011<\/a>, <a href=\"https:\/\/lkw-teile-truckmotive.de\/products\/1354878\">1354878<\/a>, <a href=\"https:\/\/lkw-teile-truckmotive.de\/products\/8GD002078-121\">8GD002078-121<\/a><\/p>\n<p><span style=\"font-size:12px\"><b>Hinweis: <\/b><br \/>Alle aufgef\u00fchrten Marken, Referenzen sowie Vergleichsnummern dienen lediglich dem Vergleichszweck.<br \/>\nDie angebotenen Artikel sind, sofern nicht anders angegeben, Nachbauteile in Erstausr\u00fcsterqualit\u00e4t.<\/span><\/p>\n<details>\n<summary style=\"cursor: pointer;color: #06c;font-size: 15px\">Herstellerinformation<\/summary>\n<div class=\"manufacturer-info\" style=\"padding: 10px;border: 1px solid #888;margin-top: 10px;background-color: #f9f9f9\">\n<p><b>HELLA GmbH &amp; Co. KGaA<\/b><br \/>Rixbecker Str. 75<br \/>DE-59552 Lippstadt &#8211; DE<br \/>Tel.: +49 (0) 2941\/38-0<br \/>Mail: info@forvia.com<\/p>\n<\/p><\/div>\n<\/details><\/div>\n","protected":false},"excerpt":{"rendered":"<div style=\"font-size:15px\">\n<p style=\"font-size:17px;color:black\"><b>Lieferumfang:<\/b><\/p>\n<p style=\"padding-top:6px\">1x Gl\u00fchlampe <\/p>\n<p><\/br><\/p>\n<p style=\"font-size:17px;color:black\"><b>Passend f\u00fcr<\/b><\/p>\n<ul style=\"padding-top:6px\">\n<li>universal einsetzbar<\/li>\n<\/ul>\n<p><span style=\"font-size:12px\">Das Ersatzteil passt unter anderem f\u00fcr die oben genannten Modelle. Bitte pr\u00fcfen Sie die Ersatzteil-Nummer, um eine Fehlbestellung zu vermeiden. Nicht sicher, ob das Teil passt? Kontaktieren Sie uns!<\/span><\/p>\n<\/div>\n","protected":false},"featured_media":174611,"comment_status":"open","ping_status":"closed","template":"","meta":[],"_links":{"self":[{"href":"https:\/\/lkw-teile-truckmotive.de\/index.php\/wp-json\/wp\/v2\/product\/46812"}],"collection":[{"href":"https:\/\/lkw-teile-truckmotive.de\/index.php\/wp-json\/wp\/v2\/product"}],"about":[{"href":"https:\/\/lkw-teile-truckmotive.de\/index.php\/wp-json\/wp\/v2\/types\/product"}],"replies":[{"embeddable":true,"href":"https:\/\/lkw-teile-truckmotive.de\/index.php\/wp-json\/wp\/v2\/comments?post=46812"}],"wp:featuredmedia":[{"embeddable":true,"href":"https:\/\/lkw-teile-truckmotive.de\/index.php\/wp-json\/wp\/v2\/media\/174611"}],"wp:attachment":[{"href":"https:\/\/lkw-teile-truckmotive.de\/index.php\/wp-json\/wp\/v2\/media?parent=46812"}],"curies":[{"name":"wp","href":"https:\/\/api.w.org\/{rel}","templated":true}]}}