{"id":46815,"date":"2021-12-03T00:21:30","date_gmt":"2021-12-02T23:21:30","guid":{"rendered":"https:\/\/lkw-teile-truckmotive.de\/index.php\/produkt\/leuchtmittel-birne-24v-21w-5w-gluehlampe-universal-einsetzbar"},"modified":"2026-04-26T02:16:12","modified_gmt":"2026-04-26T00:16:12","slug":"leuchtmittel-birne-24v-21w-5w-gluehlampe-universal-einsetzbar","status":"publish","type":"product","link":"https:\/\/lkw-teile-truckmotive.de\/index.php\/produkt\/leuchtmittel-birne-24v-21w-5w-gluehlampe-universal-einsetzbar","title":{"rendered":"Leuchtmittel Birne 24V\/21W\/5W Gl\u00fchlampe universal einsetzbar"},"content":{"rendered":"<div style=\"font-size:15px\">\n<h4>Leuchtmittel Birne 24V\/21W\/5W Gl\u00fchlampe universal einsetzbar<\/h4>\n<div class=\"table_info\">\n<p>Original Hella Gl\u00fchlampe<\/p>\n<table>\n<tr>\n<td>Lampenart<\/td>\n<td>P21\/5W<\/td>\n<\/tr>\n<tr>\n<td>Nennleistung<\/td>\n<td>21W\/5W<\/td>\n<\/tr>\n<tr>\n<td>Sockelausf\u00fchrung<\/td>\n<td>BAY15d<\/td>\n<\/tr>\n<tr>\n<td>Spannung<\/td>\n<td>24V<\/td>\n<\/tr>\n<tr>\n<td>Pr\u00fcfzeichen<\/td>\n<td>ECE-R 37<\/td>\n<\/tr>\n<tr>\n<td>Leuchten Bauart<\/td>\n<td>Gl\u00fchlampe<\/td>\n<\/tr>\n<\/table>\n<\/p><\/div>\n<p>                <span style=\"font-size:1px;color:white\">LKW, Nutzfahrzeug, universal, universell, Gl\u00fch, Lampe, Gl\u00fchlampe, Gl\u00fchbirne, Birne, Kolbenform, Sockel, Sockelausf\u00fchrung, Nennleistung, Watt, Volt, W, V, Spannung, Hella, Licht, L\u00e4mpchen, Birnchen, links, rechts, Pr\u00fcfzeichen, Lampenart, Leuchte, Leuchtmittel, gelb, Blinker, Blinkleuchte, Fahrtrichtungsanzeiger, BAY15D<\/span><\/p>\n<h4>OE &amp; OEM Referenznummern:<\/h4>\n<p><a href=\"https:\/\/lkw-teile-truckmotive.de\/products\/8gd+002+078-241\">8gd 002 078-241<\/a>, <a href=\"https:\/\/lkw-teile-truckmotive.de\/products\/8gd002078-241\">8gd002078-241<\/a>, <a href=\"https:\/\/lkw-teile-truckmotive.de\/products\/8gd002078241\">8gd002078241<\/a>, <a href=\"https:\/\/lkw-teile-truckmotive.de\/products\/5009103\">5009103<\/a>, <a href=\"https:\/\/lkw-teile-truckmotive.de\/products\/1354879\">1354879<\/a>, <a href=\"https:\/\/lkw-teile-truckmotive.de\/products\/20223034\">20223034<\/a>, <a href=\"https:\/\/lkw-teile-truckmotive.de\/products\/072601024210\">072601024210<\/a>, <a href=\"https:\/\/lkw-teile-truckmotive.de\/products\/07920081483\">07920081483<\/a>, <a href=\"https:\/\/lkw-teile-truckmotive.de\/products\/8131027\">8131027<\/a>, <a href=\"https:\/\/lkw-teile-truckmotive.de\/products\/407271\">407271<\/a>, <a href=\"https:\/\/lkw-teile-truckmotive.de\/products\/151000957\">151000957<\/a>, <a href=\"https:\/\/lkw-teile-truckmotive.de\/products\/5003097035\">5003097035<\/a>, <a href=\"https:\/\/lkw-teile-truckmotive.de\/products\/ELO013-0006\">ELO013-0006<\/a>, <a href=\"https:\/\/lkw-teile-truckmotive.de\/products\/500022085\">500022085<\/a>, <a href=\"https:\/\/lkw-teile-truckmotive.de\/products\/84259010017\">84259010017<\/a>, <a href=\"https:\/\/lkw-teile-truckmotive.de\/products\/1020747\">1020747<\/a>, <a href=\"https:\/\/lkw-teile-truckmotive.de\/products\/500944070\">500944070<\/a>, <a href=\"https:\/\/lkw-teile-truckmotive.de\/products\/5350642337\">5350642337<\/a>, <a href=\"https:\/\/lkw-teile-truckmotive.de\/products\/607024801\">607024801<\/a>, <a href=\"https:\/\/lkw-teile-truckmotive.de\/products\/5350660910\">5350660910<\/a>, <a href=\"https:\/\/lkw-teile-truckmotive.de\/products\/061160\">061160<\/a>, <a href=\"https:\/\/lkw-teile-truckmotive.de\/products\/0325162\">0325162<\/a>, <a href=\"https:\/\/lkw-teile-truckmotive.de\/products\/970742\">970742<\/a>, <a href=\"https:\/\/lkw-teile-truckmotive.de\/products\/325162\">325162<\/a>, <a href=\"https:\/\/lkw-teile-truckmotive.de\/products\/607022808\">607022808<\/a>, <a href=\"https:\/\/lkw-teile-truckmotive.de\/products\/6905653\">6905653<\/a>, <a href=\"https:\/\/lkw-teile-truckmotive.de\/products\/1987302524\">1987302524<\/a>, <a href=\"https:\/\/lkw-teile-truckmotive.de\/products\/13499CP\">13499CP<\/a><\/p>\n<p><span style=\"font-size:12px\"><b>Hinweis: <\/b><br \/>Alle aufgef\u00fchrten Marken, Referenzen sowie Vergleichsnummern dienen lediglich dem Vergleichszweck.<br \/>\nDie angebotenen Artikel sind, sofern nicht anders angegeben, Nachbauteile in Erstausr\u00fcsterqualit\u00e4t.<\/span><\/p>\n<details>\n<summary style=\"cursor: pointer;color: #06c;font-size: 15px\">Herstellerinformation<\/summary>\n<div class=\"manufacturer-info\" style=\"padding: 10px;border: 1px solid #888;margin-top: 10px;background-color: #f9f9f9\">\n<p><b>HELLA GmbH &amp; Co. KGaA<\/b><br \/>Rixbecker Str. 75<br \/>DE-59552 Lippstadt &#8211; DE<br \/>Tel.: +49 (0) 2941\/38-0<br \/>Mail: info@forvia.com<\/p>\n<\/p><\/div>\n<\/details><\/div>\n","protected":false},"excerpt":{"rendered":"<div style=\"font-size:15px\">\n<p style=\"font-size:17px;color:black\"><b>Lieferumfang:<\/b><\/p>\n<p style=\"padding-top:6px\">1x Gl\u00fchlampe Original Hella<\/p>\n<p><\/br><\/p>\n<p style=\"font-size:17px;color:black\"><b>Passend f\u00fcr<\/b><\/p>\n<ul style=\"padding-top:6px\">\n<li>universal einsetzbar<\/li>\n<\/ul>\n<p><span style=\"font-size:12px\">Das Ersatzteil passt unter anderem f\u00fcr die oben genannten Modelle. Bitte pr\u00fcfen Sie die Ersatzteil-Nummer, um eine Fehlbestellung zu vermeiden. Nicht sicher, ob das Teil passt? Kontaktieren Sie uns!<\/span><\/p>\n<\/div>\n","protected":false},"featured_media":179662,"comment_status":"open","ping_status":"closed","template":"","meta":[],"_links":{"self":[{"href":"https:\/\/lkw-teile-truckmotive.de\/index.php\/wp-json\/wp\/v2\/product\/46815"}],"collection":[{"href":"https:\/\/lkw-teile-truckmotive.de\/index.php\/wp-json\/wp\/v2\/product"}],"about":[{"href":"https:\/\/lkw-teile-truckmotive.de\/index.php\/wp-json\/wp\/v2\/types\/product"}],"replies":[{"embeddable":true,"href":"https:\/\/lkw-teile-truckmotive.de\/index.php\/wp-json\/wp\/v2\/comments?post=46815"}],"wp:featuredmedia":[{"embeddable":true,"href":"https:\/\/lkw-teile-truckmotive.de\/index.php\/wp-json\/wp\/v2\/media\/179662"}],"wp:attachment":[{"href":"https:\/\/lkw-teile-truckmotive.de\/index.php\/wp-json\/wp\/v2\/media?parent=46815"}],"curies":[{"name":"wp","href":"https:\/\/api.w.org\/{rel}","templated":true}]}}