{"id":46818,"date":"2021-12-03T00:21:37","date_gmt":"2021-12-02T23:21:37","guid":{"rendered":"https:\/\/lkw-teile-truckmotive.de\/index.php\/produkt\/leuchtmittel-birne-12v-h1-55w-halogen-universal-einsetzbar"},"modified":"2025-09-29T11:59:11","modified_gmt":"2025-09-29T09:59:11","slug":"leuchtmittel-birne-12v-h1-55w-halogen-universal-einsetzbar","status":"publish","type":"product","link":"https:\/\/lkw-teile-truckmotive.de\/index.php\/produkt\/leuchtmittel-birne-12v-h1-55w-halogen-universal-einsetzbar","title":{"rendered":"Leuchtmittel Birne Hella 8GH 002 089-131 12V\/H1 55W Halogen universal einsetzbar"},"content":{"rendered":"<div style=\"font-size:15px\">\n<h4>Leuchtmittel Birne Hella 8GH 002 089-131 12V\/H1 55W Halogen universal einsetzbar<\/h4>\n<div class=\"table_info\">\n<p>Original Hella Gl\u00fchlampe<\/p>\n<table>\n<tr>\n<td>Nennleistung [W]<\/td>\n<td>55<\/td>\n<\/tr>\n<tr>\n<td>Sockelausf\u00fchrung<\/td>\n<td>P14,5s<\/td>\n<\/tr>\n<tr>\n<td>Lampenart<\/td>\n<td>H1<\/td>\n<\/tr>\n<tr>\n<td>Spannung [V]<\/td>\n<td>12<\/td>\n<\/tr>\n<\/table>\n<\/p><\/div>\n<p>                <span style=\"font-size:1px;color:white\">LKW, Nutzfahrzeug, universal, universell, Gl\u00fch, Lampe, Gl\u00fchlampe, Gl\u00fchbirne, Birne, Kolbenform, Sockel, Sockelausf\u00fchrung, Nennleistung, Watt, Volt, W, V, Spannung, Hella, Licht, L\u00e4mpchen, Birnchen, links, rechts, Pr\u00fcfzeichen, Lampenart, Leuchte, Leuchtmittel, H1<\/span><\/p>\n<h4>OE &amp; OEM Referenznummern:<\/h4>\n<p><a href=\"https:\/\/lkw-teile-truckmotive.de\/products\/T050754\">T050754<\/a>, <a href=\"https:\/\/lkw-teile-truckmotive.de\/products\/5014085\">5014085<\/a>, <a href=\"https:\/\/lkw-teile-truckmotive.de\/products\/0417204\">0417204<\/a>, <a href=\"https:\/\/lkw-teile-truckmotive.de\/products\/83931521\">83931521<\/a>, <a href=\"https:\/\/lkw-teile-truckmotive.de\/products\/000000000268\">000000000268<\/a>, <a href=\"https:\/\/lkw-teile-truckmotive.de\/products\/83931521\">83931521<\/a>, <a href=\"https:\/\/lkw-teile-truckmotive.de\/products\/BNL5124052\">BNL5124052<\/a>, <a href=\"https:\/\/lkw-teile-truckmotive.de\/products\/09947602\">09947602<\/a>, <a href=\"https:\/\/lkw-teile-truckmotive.de\/products\/BNL5124022\">BNL5124022<\/a>, <a href=\"https:\/\/lkw-teile-truckmotive.de\/products\/83931521\">83931521<\/a>, <a href=\"https:\/\/lkw-teile-truckmotive.de\/products\/BNL5124022\">BNL5124022<\/a>, <a href=\"https:\/\/lkw-teile-truckmotive.de\/products\/6000865\">6000865<\/a>, <a href=\"https:\/\/lkw-teile-truckmotive.de\/products\/621647\">621647<\/a>, <a href=\"https:\/\/lkw-teile-truckmotive.de\/products\/BNL5124052\">BNL5124052<\/a>, <a href=\"https:\/\/lkw-teile-truckmotive.de\/products\/5050011\">5050011<\/a>, <a href=\"https:\/\/lkw-teile-truckmotive.de\/products\/X830180063010\">X830180063010<\/a>, <a href=\"https:\/\/lkw-teile-truckmotive.de\/products\/0350467\">0350467<\/a>, <a href=\"https:\/\/lkw-teile-truckmotive.de\/products\/200807660\">200807660<\/a>, <a href=\"https:\/\/lkw-teile-truckmotive.de\/products\/1354858\">1354858<\/a>, <a href=\"https:\/\/lkw-teile-truckmotive.de\/products\/N0177616\">N0177616<\/a>, <a href=\"https:\/\/lkw-teile-truckmotive.de\/products\/980163\">980163<\/a>, <a href=\"https:\/\/lkw-teile-truckmotive.de\/products\/7703097176\">7703097176<\/a>, <a href=\"https:\/\/lkw-teile-truckmotive.de\/products\/942775\">942775<\/a>, <a href=\"https:\/\/lkw-teile-truckmotive.de\/products\/57M7019\">57M7019<\/a>, <a href=\"https:\/\/lkw-teile-truckmotive.de\/products\/N0177612Z\">N0177612Z<\/a>, <a href=\"https:\/\/lkw-teile-truckmotive.de\/products\/4374284\">4374284<\/a>, <a href=\"https:\/\/lkw-teile-truckmotive.de\/products\/607024014\">607024014<\/a>, <a href=\"https:\/\/lkw-teile-truckmotive.de\/products\/621647\">621647<\/a>, <a href=\"https:\/\/lkw-teile-truckmotive.de\/products\/83931521\">83931521<\/a>, <a href=\"https:\/\/lkw-teile-truckmotive.de\/products\/621698\">621698<\/a>, <a href=\"https:\/\/lkw-teile-truckmotive.de\/products\/621698\">621698<\/a>, <a href=\"https:\/\/lkw-teile-truckmotive.de\/products\/N01777612\">N01777612<\/a>, <a href=\"https:\/\/lkw-teile-truckmotive.de\/products\/621622\">621622<\/a>, <a href=\"https:\/\/lkw-teile-truckmotive.de\/products\/0002113300\">0002113300<\/a>, <a href=\"https:\/\/lkw-teile-truckmotive.de\/products\/99073100\">99073100<\/a>, <a href=\"https:\/\/lkw-teile-truckmotive.de\/products\/621622\">621622<\/a>, <a href=\"https:\/\/lkw-teile-truckmotive.de\/products\/N0177612\">N0177612<\/a>, <a href=\"https:\/\/lkw-teile-truckmotive.de\/products\/N0177612\">N0177612<\/a>, <a href=\"https:\/\/lkw-teile-truckmotive.de\/products\/90012680\">90012680<\/a>, <a href=\"https:\/\/lkw-teile-truckmotive.de\/products\/\"><\/a>, <a href=\"https:\/\/lkw-teile-truckmotive.de\/products\/8GH002089-133\">8GH002089-133<\/a>, <a href=\"https:\/\/lkw-teile-truckmotive.de\/products\/8gh002089131\">8gh002089131<\/a><\/p>\n<p><span style=\"font-size:12px\"><b>Hinweis: <\/b><br \/>Alle aufgef\u00fchrten Marken, Referenzen sowie Vergleichsnummern dienen lediglich dem Vergleichszweck.<br \/>\nDie angebotenen Artikel sind, sofern nicht anders angegeben, Nachbauteile in Erstausr\u00fcsterqualit\u00e4t.<\/span><\/p>\n<details>\n<summary style=\"cursor: pointer;color: #06c;font-size: 15px\">Herstellerinformation<\/summary>\n<div class=\"manufacturer-info\" style=\"padding: 10px;border: 1px solid #888;margin-top: 10px;background-color: #f9f9f9\">\n<p><b>HELLA GmbH &amp; Co. KGaA<\/b><br \/>Rixbecker Str. 75<br \/>DE-59552 Lippstadt &#8211; DE<br \/>Tel.: +49 (0) 2941\/38-0<br \/>Mail: info@forvia.com<\/p>\n<\/p><\/div>\n<\/details><\/div>\n","protected":false},"excerpt":{"rendered":"<div style=\"font-size:15px\">\n<p style=\"font-size:17px;color:black\"><b>Lieferumfang:<\/b><\/p>\n<p style=\"padding-top:6px\">1x Gl\u00fchlampe<\/p>\n<p><\/br><\/p>\n<p style=\"font-size:17px;color:black\"><b>Passend f\u00fcr<\/b><\/p>\n<ul style=\"padding-top:6px\">\n<li>universal einsetzbar<\/li>\n<\/ul>\n<p><span style=\"font-size:12px\">Das Ersatzteil passt unter anderem f\u00fcr die oben genannten Modelle. Bitte pr\u00fcfen Sie die Ersatzteil-Nummer, um eine Fehlbestellung zu vermeiden. Nicht sicher, ob das Teil passt? Kontaktieren Sie uns!<\/span><\/p>\n<\/div>\n","protected":false},"featured_media":162637,"comment_status":"open","ping_status":"closed","template":"","meta":[],"_links":{"self":[{"href":"https:\/\/lkw-teile-truckmotive.de\/index.php\/wp-json\/wp\/v2\/product\/46818"}],"collection":[{"href":"https:\/\/lkw-teile-truckmotive.de\/index.php\/wp-json\/wp\/v2\/product"}],"about":[{"href":"https:\/\/lkw-teile-truckmotive.de\/index.php\/wp-json\/wp\/v2\/types\/product"}],"replies":[{"embeddable":true,"href":"https:\/\/lkw-teile-truckmotive.de\/index.php\/wp-json\/wp\/v2\/comments?post=46818"}],"wp:featuredmedia":[{"embeddable":true,"href":"https:\/\/lkw-teile-truckmotive.de\/index.php\/wp-json\/wp\/v2\/media\/162637"}],"wp:attachment":[{"href":"https:\/\/lkw-teile-truckmotive.de\/index.php\/wp-json\/wp\/v2\/media?parent=46818"}],"curies":[{"name":"wp","href":"https:\/\/api.w.org\/{rel}","templated":true}]}}