{"id":46821,"date":"2021-12-03T00:21:44","date_gmt":"2021-12-02T23:21:44","guid":{"rendered":"https:\/\/lkw-teile-truckmotive.de\/index.php\/produkt\/leuchtmittel-birne-24v-h1-70w-halogen-universal-einsetzbar"},"modified":"2026-02-10T11:15:23","modified_gmt":"2026-02-10T10:15:23","slug":"leuchtmittel-birne-24v-h1-70w-halogen-universal-einsetzbar","status":"publish","type":"product","link":"https:\/\/lkw-teile-truckmotive.de\/index.php\/produkt\/leuchtmittel-birne-24v-h1-70w-halogen-universal-einsetzbar","title":{"rendered":"Leuchtmittel Birne 8GH 002 089-251 24V\/H1 70W Halogen universal einsetzbar"},"content":{"rendered":"<div style=\"font-size:15px\">\n<h4>Leuchtmittel Birne 8GH 002 089-251 24V\/H1 70W Halogen universal einsetzbar<\/h4>\n<div class=\"table_info\">\n<p>Original Hella Gl\u00fchlampe<\/p>\n<table>\n<tr>\n<td>Lampenart<\/td>\n<td>H1<\/td>\n<\/tr>\n<tr>\n<td>Nennleistung<\/td>\n<td>70W<\/td>\n<\/tr>\n<tr>\n<td>Sockelausf\u00fchrung<\/td>\n<td>P14,5s<\/td>\n<\/tr>\n<tr>\n<td>Spannung<\/td>\n<td>24V<\/td>\n<\/tr>\n<tr>\n<td>Pr\u00fcfzeichen<\/td>\n<td>ECE<\/td>\n<\/tr>\n<tr>\n<td>Leuchten-Bauart<\/td>\n<td>Halogen<\/td>\n<\/tr>\n<\/table>\n<\/p><\/div>\n<p>                <span style=\"font-size:1px;color:white\">LKW, Nutzfahrzeug, universal, universell, Gl\u00fch, Lampe, Gl\u00fchlampe, Gl\u00fchbirne, Birne, Kolbenform, Sockel, Sockelausf\u00fchrung, Nennleistung, Watt, Volt, W, V, Spannung, Hella, Licht, L\u00e4mpchen, Birnchen, links, rechts, Pr\u00fcfzeichen, Lampenart, Leuchte, Leuchtmittel, Halogen, ECE, H1<\/span><\/p>\n<h4>OE &amp; OEM Referenznummern:<\/h4>\n<p><a href=\"https:\/\/lkw-teile-truckmotive.de\/products\/8GH+002+089-251\">8GH 002 089-251<\/a>, <a href=\"https:\/\/lkw-teile-truckmotive.de\/products\/8GH002089251\">8GH002089251<\/a>, <a href=\"https:\/\/lkw-teile-truckmotive.de\/products\/8GH002089-251\">8GH002089-251<\/a>, <a href=\"https:\/\/lkw-teile-truckmotive.de\/products\/867526\">867526<\/a>, <a href=\"https:\/\/lkw-teile-truckmotive.de\/products\/072601024270\">072601024270<\/a>, <a href=\"https:\/\/lkw-teile-truckmotive.de\/products\/11370511\">11370511<\/a>, <a href=\"https:\/\/lkw-teile-truckmotive.de\/products\/503199319\">503199319<\/a>, <a href=\"https:\/\/lkw-teile-truckmotive.de\/products\/0353471\">0353471<\/a>, <a href=\"https:\/\/lkw-teile-truckmotive.de\/products\/1354887\">1354887<\/a>, <a href=\"https:\/\/lkw-teile-truckmotive.de\/products\/307230\">307230<\/a>, <a href=\"https:\/\/lkw-teile-truckmotive.de\/products\/1525982\">1525982<\/a>, <a href=\"https:\/\/lkw-teile-truckmotive.de\/products\/281850\">281850<\/a>, <a href=\"https:\/\/lkw-teile-truckmotive.de\/products\/5350642341\">5350642341<\/a>, <a href=\"https:\/\/lkw-teile-truckmotive.de\/products\/28318002\">28318002<\/a>, <a href=\"https:\/\/lkw-teile-truckmotive.de\/products\/151010000\">151010000<\/a>, <a href=\"https:\/\/lkw-teile-truckmotive.de\/products\/607023708\">607023708<\/a>, <a href=\"https:\/\/lkw-teile-truckmotive.de\/products\/1126362\">1126362<\/a>, <a href=\"https:\/\/lkw-teile-truckmotive.de\/products\/011028724\">011028724<\/a>, <a href=\"https:\/\/lkw-teile-truckmotive.de\/products\/1404977\">1404977<\/a>, <a href=\"https:\/\/lkw-teile-truckmotive.de\/products\/6070237\">6070237<\/a>, <a href=\"https:\/\/lkw-teile-truckmotive.de\/products\/607023714\">607023714<\/a>, <a href=\"https:\/\/lkw-teile-truckmotive.de\/products\/273587\">273587<\/a>, <a href=\"https:\/\/lkw-teile-truckmotive.de\/products\/5003097001\">5003097001<\/a>, <a href=\"https:\/\/lkw-teile-truckmotive.de\/products\/21122\">21122<\/a>, <a href=\"https:\/\/lkw-teile-truckmotive.de\/products\/943904\">943904<\/a>, <a href=\"https:\/\/lkw-teile-truckmotive.de\/products\/01126362\">01126362<\/a>, <a href=\"https:\/\/lkw-teile-truckmotive.de\/products\/1510100000\">1510100000<\/a>, <a href=\"https:\/\/lkw-teile-truckmotive.de\/products\/80307230\">80307230<\/a>, <a href=\"https:\/\/lkw-teile-truckmotive.de\/products\/LSX0462001\">LSX0462001<\/a>, <a href=\"https:\/\/lkw-teile-truckmotive.de\/products\/065813\">065813<\/a>, <a href=\"https:\/\/lkw-teile-truckmotive.de\/products\/992516\">992516<\/a>, <a href=\"https:\/\/lkw-teile-truckmotive.de\/products\/81259010019\">81259010019<\/a>, <a href=\"https:\/\/lkw-teile-truckmotive.de\/products\/5230620\">5230620<\/a>, <a href=\"https:\/\/lkw-teile-truckmotive.de\/products\/2117282\">2117282<\/a>, <a href=\"https:\/\/lkw-teile-truckmotive.de\/products\/1528536\">1528536<\/a>, <a href=\"https:\/\/lkw-teile-truckmotive.de\/products\/197477\">197477<\/a>, <a href=\"https:\/\/lkw-teile-truckmotive.de\/products\/200847840\">200847840<\/a>, <a href=\"https:\/\/lkw-teile-truckmotive.de\/products\/277850\">277850<\/a>, <a href=\"https:\/\/lkw-teile-truckmotive.de\/products\/503127216\">503127216<\/a>, <a href=\"https:\/\/lkw-teile-truckmotive.de\/products\/1987302411\">1987302411<\/a><\/p>\n<p><span style=\"font-size:12px\"><b>Hinweis: <\/b><br \/>Alle aufgef\u00fchrten Marken, Referenzen sowie Vergleichsnummern dienen lediglich dem Vergleichszweck.<br \/>\nDie angebotenen Artikel sind, sofern nicht anders angegeben, Nachbauteile in Erstausr\u00fcsterqualit\u00e4t.<\/span><\/p>\n<details>\n<summary style=\"cursor: pointer;color: #06c;font-size: 15px\">Herstellerinformation<\/summary>\n<div class=\"manufacturer-info\" style=\"padding: 10px;border: 1px solid #888;margin-top: 10px;background-color: #f9f9f9\">\n<p><b>HELLA GmbH &amp; Co. KGaA<\/b><br \/>Rixbecker Str. 75<br \/>DE-59552 Lippstadt &#8211; DE<br \/>Tel.: +49 (0) 2941\/38-0<br \/>Mail: info@forvia.com<\/p>\n<\/p><\/div>\n<\/details><\/div>\n","protected":false},"excerpt":{"rendered":"<div style=\"font-size:15px\">\n<p style=\"font-size:17px;color:black\"><b>Lieferumfang:<\/b><\/p>\n<p style=\"padding-top:6px\">1x Gl\u00fchlampe<\/p>\n<p><\/br><\/p>\n<p style=\"font-size:17px;color:black\"><b>Passend f\u00fcr<\/b><\/p>\n<ul style=\"padding-top:6px\">\n<li>universal einsetzbar\n\t\t\t\t<\/ul>\n<p><span style=\"font-size:12px\">Das Ersatzteil passt unter anderem f\u00fcr die oben genannten Modelle. Bitte pr\u00fcfen Sie die Ersatzteil-Nummer, um eine Fehlbestellung zu vermeiden. Nicht sicher, ob das Teil passt? Kontaktieren Sie uns!<\/span><\/p>\n<\/div>\n","protected":false},"featured_media":174402,"comment_status":"open","ping_status":"closed","template":"","meta":[],"_links":{"self":[{"href":"https:\/\/lkw-teile-truckmotive.de\/index.php\/wp-json\/wp\/v2\/product\/46821"}],"collection":[{"href":"https:\/\/lkw-teile-truckmotive.de\/index.php\/wp-json\/wp\/v2\/product"}],"about":[{"href":"https:\/\/lkw-teile-truckmotive.de\/index.php\/wp-json\/wp\/v2\/types\/product"}],"replies":[{"embeddable":true,"href":"https:\/\/lkw-teile-truckmotive.de\/index.php\/wp-json\/wp\/v2\/comments?post=46821"}],"wp:featuredmedia":[{"embeddable":true,"href":"https:\/\/lkw-teile-truckmotive.de\/index.php\/wp-json\/wp\/v2\/media\/174402"}],"wp:attachment":[{"href":"https:\/\/lkw-teile-truckmotive.de\/index.php\/wp-json\/wp\/v2\/media?parent=46821"}],"curies":[{"name":"wp","href":"https:\/\/api.w.org\/{rel}","templated":true}]}}