{"id":46824,"date":"2021-12-03T00:21:51","date_gmt":"2021-12-02T23:21:51","guid":{"rendered":"https:\/\/lkw-teile-truckmotive.de\/index.php\/produkt\/leuchtmittel-birne-12v-h3-55w-halogen-universal-einsetzbar"},"modified":"2025-07-04T12:21:04","modified_gmt":"2025-07-04T10:21:04","slug":"leuchtmittel-birne-12v-h3-55w-halogen-universal-einsetzbar","status":"publish","type":"product","link":"https:\/\/lkw-teile-truckmotive.de\/index.php\/produkt\/leuchtmittel-birne-12v-h3-55w-halogen-universal-einsetzbar","title":{"rendered":"Leuchtmittel Birne 8GH 002 090-131 12V\/H3 55W Halogen universal einsetzbar"},"content":{"rendered":"<div style=\"font-size:15px\">\n<h4>Leuchtmittel Birne 8GH 002 090-131 12V\/H3 55W Halogen universal einsetzbar<\/h4>\n<div class=\"table_info\">\n<p>Original Hella Gl\u00fchlampe<\/p>\n<table>\n<tr>\n<td>Nennleistung<\/td>\n<td>55W<\/td>\n<\/tr>\n<tr>\n<td>Sockelausf\u00fchrung<\/td>\n<td>PK22s<\/td>\n<\/tr>\n<tr>\n<td>Lampenart<\/td>\n<td>H3<\/td>\n<\/tr>\n<tr>\n<td>Pr\u00fcfzeichen<\/td>\n<td>ECE<\/td>\n<\/tr>\n<tr>\n<td>Leuchten Bauart<\/td>\n<td>Halogen<\/td>\n<\/tr>\n<tr>\n<td>Spannung<\/td>\n<td>12V<\/td>\n<\/tr>\n<\/table>\n<\/p><\/div>\n<p>                <span style=\"font-size:1px;color:white\">LKW, Nutzfahrzeug, universal, universell, Gl\u00fch, Lampe, Gl\u00fchlampe, Gl\u00fchbirne, Birne, Kolbenform, Sockel, Sockelausf\u00fchrung, Nennleistung, Watt, Volt, W, V, Spannung, Hella, Licht, L\u00e4mpchen, Birnchen, links, rechts, Pr\u00fcfzeichen, Lampenart, Leuchte, Leuchtmittel, Halogen, H3, PK22S, ECE<\/span><\/p>\n<h4>OE &amp; OEM Referenznummern:<\/h4>\n<p><a href=\"https:\/\/lkw-teile-truckmotive.de\/products\/8gh+002+090-131\">8gh 002 090-131<\/a>, <a href=\"https:\/\/lkw-teile-truckmotive.de\/products\/8gh002090-131\">8gh002090-131<\/a>, <a href=\"https:\/\/lkw-teile-truckmotive.de\/products\/8gh002090131\">8gh002090131<\/a>, <a href=\"https:\/\/lkw-teile-truckmotive.de\/products\/417339\">417339<\/a>, <a href=\"https:\/\/lkw-teile-truckmotive.de\/products\/2726084\">2726084<\/a>, <a href=\"https:\/\/lkw-teile-truckmotive.de\/products\/500944068\">500944068<\/a>, <a href=\"https:\/\/lkw-teile-truckmotive.de\/products\/70504326\">70504326<\/a>, <a href=\"https:\/\/lkw-teile-truckmotive.de\/products\/16081\">16081<\/a>, <a href=\"https:\/\/lkw-teile-truckmotive.de\/products\/1354882\">1354882<\/a>, <a href=\"https:\/\/lkw-teile-truckmotive.de\/products\/09440680\">09440680<\/a>, <a href=\"https:\/\/lkw-teile-truckmotive.de\/products\/000000001417\">000000001417<\/a>, <a href=\"https:\/\/lkw-teile-truckmotive.de\/products\/2098326\">2098326<\/a>, <a href=\"https:\/\/lkw-teile-truckmotive.de\/products\/072601012290\">072601012290<\/a>, <a href=\"https:\/\/lkw-teile-truckmotive.de\/products\/70504326\">70504326<\/a>, <a href=\"https:\/\/lkw-teile-truckmotive.de\/products\/061320\">061320<\/a>, <a href=\"https:\/\/lkw-teile-truckmotive.de\/products\/N0177622\">N0177622<\/a>, <a href=\"https:\/\/lkw-teile-truckmotive.de\/products\/N0177622\">N0177622<\/a>, <a href=\"https:\/\/lkw-teile-truckmotive.de\/products\/5003097008\">5003097008<\/a>, <a href=\"https:\/\/lkw-teile-truckmotive.de\/products\/N0177622\">N0177622<\/a>, <a href=\"https:\/\/lkw-teile-truckmotive.de\/products\/09246880\">09246880<\/a>, <a href=\"https:\/\/lkw-teile-truckmotive.de\/products\/\"><\/a><\/p>\n<p><span style=\"font-size:12px\"><b>Hinweis: <\/b><br \/>Alle aufgef\u00fchrten Marken, Referenzen sowie Vergleichsnummern dienen lediglich dem Vergleichszweck.<br \/>\nDie angebotenen Artikel sind, sofern nicht anders angegeben, Nachbauteile in Erstausr\u00fcsterqualit\u00e4t.<\/span><\/p>\n<details>\n<summary style=\"cursor: pointer;color: #06c;font-size: 15px\">Herstellerinformation<\/summary>\n<div class=\"manufacturer-info\" style=\"padding: 10px;border: 1px solid #888;margin-top: 10px;background-color: #f9f9f9\">\n<p><b>HELLA GmbH &amp; Co. KGaA<\/b><br \/>Rixbecker Str. 75<br \/>DE-59552 Lippstadt &#8211; DE<br \/>Tel.: +49 (0) 2941\/38-0<br \/>Mail: info@forvia.com<\/p>\n<\/p><\/div>\n<\/details><\/div>\n","protected":false},"excerpt":{"rendered":"<div style=\"font-size:15px\">\n<p style=\"font-size:17px;color:black\"><b>Lieferumfang:<\/b><\/p>\n<p style=\"padding-top:6px\">1x Gl\u00fchlampe<\/p>\n<p><\/br><\/p>\n<p style=\"font-size:17px;color:black\"><b>Passend f\u00fcr<\/b><\/p>\n<ul style=\"padding-top:6px\">\n<li>universal einsetzbar<\/li>\n<\/ul>\n<p><span style=\"font-size:12px\">Das Ersatzteil passt unter anderem f\u00fcr die oben genannten Modelle. Bitte pr\u00fcfen Sie die Ersatzteil-Nummer, um eine Fehlbestellung zu vermeiden. Nicht sicher, ob das Teil passt? Kontaktieren Sie uns!<\/span><\/p>\n<\/div>\n","protected":false},"featured_media":156581,"comment_status":"open","ping_status":"closed","template":"","meta":[],"_links":{"self":[{"href":"https:\/\/lkw-teile-truckmotive.de\/index.php\/wp-json\/wp\/v2\/product\/46824"}],"collection":[{"href":"https:\/\/lkw-teile-truckmotive.de\/index.php\/wp-json\/wp\/v2\/product"}],"about":[{"href":"https:\/\/lkw-teile-truckmotive.de\/index.php\/wp-json\/wp\/v2\/types\/product"}],"replies":[{"embeddable":true,"href":"https:\/\/lkw-teile-truckmotive.de\/index.php\/wp-json\/wp\/v2\/comments?post=46824"}],"wp:featuredmedia":[{"embeddable":true,"href":"https:\/\/lkw-teile-truckmotive.de\/index.php\/wp-json\/wp\/v2\/media\/156581"}],"wp:attachment":[{"href":"https:\/\/lkw-teile-truckmotive.de\/index.php\/wp-json\/wp\/v2\/media?parent=46824"}],"curies":[{"name":"wp","href":"https:\/\/api.w.org\/{rel}","templated":true}]}}