{"id":46827,"date":"2021-12-03T00:21:59","date_gmt":"2021-12-02T23:21:59","guid":{"rendered":"https:\/\/lkw-teile-truckmotive.de\/index.php\/produkt\/leuchtmittel-birne-24v-h3-70w-halogen-universal-einsetzbar"},"modified":"2026-01-04T12:32:54","modified_gmt":"2026-01-04T11:32:54","slug":"leuchtmittel-birne-24v-h3-70w-halogen-universal-einsetzbar","status":"publish","type":"product","link":"https:\/\/lkw-teile-truckmotive.de\/index.php\/produkt\/leuchtmittel-birne-24v-h3-70w-halogen-universal-einsetzbar","title":{"rendered":"Leuchtmittel Birne Hella 8Gh 002 090-251 24V\/H3 70W Halogen universal einsetzbar"},"content":{"rendered":"<div style=\"font-size:15px\">\n<h4>Leuchtmittel Birne Hella 8Gh 002 090-251 24V\/H3 70W Halogen universal einsetzbar<\/h4>\n<div class=\"table_info\">\n<p>Original Hella Gl\u00fchlampe<\/p>\n<table>\n<tr>\n<td>Lampenart<\/td>\n<td>H3<\/td>\n<\/tr>\n<tr>\n<td>Nennleistung<\/td>\n<td>70W<\/td>\n<\/tr>\n<tr>\n<td>Sockelausf\u00fchrung<\/td>\n<td>PK22s<\/td>\n<\/tr>\n<tr>\n<td>Spannung<\/td>\n<td>24V<\/td>\n<\/tr>\n<tr>\n<td>Pr\u00fcfzeichen<\/td>\n<td>ECE<\/td>\n<\/tr>\n<tr>\n<td>Leuchten-Bauart<\/td>\n<td>Halogen<\/td>\n<\/tr>\n<\/table>\n<\/p><\/div>\n<p>                <span style=\"font-size:1px;color:white\">LKW, Nutzfahrzeug, universal, universell, Gl\u00fch, Lampe, Gl\u00fchlampe, Gl\u00fchbirne, Birne, Kolbenform, Sockel, Sockelausf\u00fchrung, Nennleistung, Watt, Volt, W, V, Spannung, Hella, Licht, L\u00e4mpchen, Birnchen, links, rechts, Pr\u00fcfzeichen, Lampenart, Leuchte, Leuchtmittel, Halogen, ECE, H3, PK22S<\/span><\/p>\n<h4>OE &amp; OEM Referenznummern:<\/h4>\n<p><a href=\"https:\/\/lkw-teile-truckmotive.de\/products\/8gh+002+090-251\">8gh 002 090-251<\/a>, <a href=\"https:\/\/lkw-teile-truckmotive.de\/products\/8gh002090251\">8gh002090251<\/a>, <a href=\"https:\/\/lkw-teile-truckmotive.de\/products\/8gh002090-251\">8gh002090-251<\/a>, <a href=\"https:\/\/lkw-teile-truckmotive.de\/products\/061382\">061382<\/a>, <a href=\"https:\/\/lkw-teile-truckmotive.de\/products\/5003097009\">5003097009<\/a>, <a href=\"https:\/\/lkw-teile-truckmotive.de\/products\/200818610\">200818610<\/a>, <a href=\"https:\/\/lkw-teile-truckmotive.de\/products\/5004229\">5004229<\/a>, <a href=\"https:\/\/lkw-teile-truckmotive.de\/products\/607021108\">607021108<\/a>, <a href=\"https:\/\/lkw-teile-truckmotive.de\/products\/01102259\">01102259<\/a>, <a href=\"https:\/\/lkw-teile-truckmotive.de\/products\/250570\">250570<\/a>, <a href=\"https:\/\/lkw-teile-truckmotive.de\/products\/607021114\">607021114<\/a>, <a href=\"https:\/\/lkw-teile-truckmotive.de\/products\/40080900000664\">40080900000664<\/a>, <a href=\"https:\/\/lkw-teile-truckmotive.de\/products\/LSK0030002\">LSK0030002<\/a>, <a href=\"https:\/\/lkw-teile-truckmotive.de\/products\/4302014\">4302014<\/a>, <a href=\"https:\/\/lkw-teile-truckmotive.de\/products\/061321\">061321<\/a>, <a href=\"https:\/\/lkw-teile-truckmotive.de\/products\/400809000006\">400809000006<\/a>, <a href=\"https:\/\/lkw-teile-truckmotive.de\/products\/607016501\">607016501<\/a>, <a href=\"https:\/\/lkw-teile-truckmotive.de\/products\/500944067\">500944067<\/a>, <a href=\"https:\/\/lkw-teile-truckmotive.de\/products\/015100100\">015100100<\/a>, <a href=\"https:\/\/lkw-teile-truckmotive.de\/products\/943903\">943903<\/a>, <a href=\"https:\/\/lkw-teile-truckmotive.de\/products\/116081\">116081<\/a>, <a href=\"https:\/\/lkw-teile-truckmotive.de\/products\/001079\">001079<\/a>, <a href=\"https:\/\/lkw-teile-truckmotive.de\/products\/7050637\">7050637<\/a>, <a href=\"https:\/\/lkw-teile-truckmotive.de\/products\/6200685\">6200685<\/a>, <a href=\"https:\/\/lkw-teile-truckmotive.de\/products\/1354883\">1354883<\/a>, <a href=\"https:\/\/lkw-teile-truckmotive.de\/products\/1813000040\">1813000040<\/a>, <a href=\"https:\/\/lkw-teile-truckmotive.de\/products\/81259010027\">81259010027<\/a>, <a href=\"https:\/\/lkw-teile-truckmotive.de\/products\/09440670\">09440670<\/a>, <a href=\"https:\/\/lkw-teile-truckmotive.de\/products\/3000451550\">3000451550<\/a>, <a href=\"https:\/\/lkw-teile-truckmotive.de\/products\/\"><\/a>, <a href=\"https:\/\/lkw-teile-truckmotive.de\/products\/1987302431\">1987302431<\/a><\/p>\n<p><span style=\"font-size:12px\"><b>Hinweis: <\/b><br \/>Alle aufgef\u00fchrten Marken, Referenzen sowie Vergleichsnummern dienen lediglich dem Vergleichszweck.<br \/>\nDie angebotenen Artikel sind, sofern nicht anders angegeben, Nachbauteile in Erstausr\u00fcsterqualit\u00e4t.<\/span><\/p>\n<details>\n<summary style=\"cursor: pointer;color: #06c;font-size: 15px\">Herstellerinformation<\/summary>\n<div class=\"manufacturer-info\" style=\"padding: 10px;border: 1px solid #888;margin-top: 10px;background-color: #f9f9f9\">\n<p><b>HELLA GmbH &amp; Co. KGaA<\/b><br \/>Rixbecker Str. 75<br \/>DE-59552 Lippstadt &#8211; DE<br \/>Tel.: +49 (0) 2941\/38-0<br \/>Mail: info@forvia.com<\/p>\n<\/p><\/div>\n<\/details><\/div>\n","protected":false},"excerpt":{"rendered":"<div style=\"font-size:15px\">\n<p style=\"font-size:17px;color:black\"><b>Lieferumfang:<\/b><\/p>\n<p style=\"padding-top:6px\">1x Gl\u00fchlampe<\/p>\n<p><\/br><\/p>\n<p style=\"font-size:17px;color:black\"><b>Passend f\u00fcr<\/b><\/p>\n<ul style=\"padding-top:6px\">\n<li>universal einsetzbar<\/li>\n<\/ul>\n<p><span style=\"font-size:12px\">Das Ersatzteil passt unter anderem f\u00fcr die oben genannten Modelle. Bitte pr\u00fcfen Sie die Ersatzteil-Nummer, um eine Fehlbestellung zu vermeiden. Nicht sicher, ob das Teil passt? Kontaktieren Sie uns!<\/span><\/p>\n<\/div>\n","protected":false},"featured_media":171553,"comment_status":"open","ping_status":"closed","template":"","meta":[],"_links":{"self":[{"href":"https:\/\/lkw-teile-truckmotive.de\/index.php\/wp-json\/wp\/v2\/product\/46827"}],"collection":[{"href":"https:\/\/lkw-teile-truckmotive.de\/index.php\/wp-json\/wp\/v2\/product"}],"about":[{"href":"https:\/\/lkw-teile-truckmotive.de\/index.php\/wp-json\/wp\/v2\/types\/product"}],"replies":[{"embeddable":true,"href":"https:\/\/lkw-teile-truckmotive.de\/index.php\/wp-json\/wp\/v2\/comments?post=46827"}],"wp:featuredmedia":[{"embeddable":true,"href":"https:\/\/lkw-teile-truckmotive.de\/index.php\/wp-json\/wp\/v2\/media\/171553"}],"wp:attachment":[{"href":"https:\/\/lkw-teile-truckmotive.de\/index.php\/wp-json\/wp\/v2\/media?parent=46827"}],"curies":[{"name":"wp","href":"https:\/\/api.w.org\/{rel}","templated":true}]}}